{"id":493,"date":"2020-03-27T16:16:50","date_gmt":"2020-03-27T15:16:50","guid":{"rendered":"https:\/\/www.arcangeli.it\/geschichte\/"},"modified":"2020-03-27T16:17:17","modified_gmt":"2020-03-27T15:17:17","slug":"geschichte","status":"publish","type":"page","link":"https:\/\/www.arcangeli.it\/de\/geschichte\/","title":{"rendered":"Geschichte"},"content":{"rendered":"<style>.wp-block-kadence-advancedheading.kt-adv-heading_2d6332-52, .wp-block-kadence-advancedheading.kt-adv-heading_2d6332-52[data-kb-block=\"kb-adv-heading_2d6332-52\"]{text-align:center;font-style:normal;}.wp-block-kadence-advancedheading.kt-adv-heading_2d6332-52 mark.kt-highlight, .wp-block-kadence-advancedheading.kt-adv-heading_2d6332-52[data-kb-block=\"kb-adv-heading_2d6332-52\"] mark.kt-highlight{font-style:normal;color:#f76a0c;-webkit-box-decoration-break:clone;box-decoration-break:clone;padding-top:0px;padding-right:0px;padding-bottom:0px;padding-left:0px;}.wp-block-kadence-advancedheading.kt-adv-heading_2d6332-52 img.kb-inline-image, .wp-block-kadence-advancedheading.kt-adv-heading_2d6332-52[data-kb-block=\"kb-adv-heading_2d6332-52\"] img.kb-inline-image{width:150px;vertical-align:baseline;}<\/style>\n<h2 id=\"kt-adv-heading_2d6332-52\" class=\"kt-adv-heading_2d6332-52 wp-block-kadence-advancedheading\" style=\"text-align:center\">Eine Geschichte der Leidenschaft, die ab 1930 beginnt<\/h2>\n<style>.wp-block-kadence-column.kb-section-dir-horizontal > .kt-inside-inner-col > #kt-info-box_2b7d55-2e .kt-blocks-info-box-link-wrap{max-width:unset;}#kt-info-box_2b7d55-2e .kt-blocks-info-box-link-wrap{border-top-width:0px;border-right-width:0px;border-bottom-width:0px;border-left-width:0px;background:#885431;padding-top:20px;padding-right:20px;padding-bottom:20px;padding-left:20px;}#kt-info-box_2b7d55-2e .kt-blocks-info-box-link-wrap:hover{background:rgba(136, 84, 49, 0.89);}#kt-info-box_2b7d55-2e.wp-block-kadence-infobox{max-width:100%;}#kt-info-box_2b7d55-2e .kadence-info-box-image-inner-intrisic-container{max-width:490px;}#kt-info-box_2b7d55-2e .kadence-info-box-image-inner-intrisic-container .kadence-info-box-image-intrisic{padding-bottom:65.9184%;width:490px;height:0px;max-width:100%;}#kt-info-box_2b7d55-2e .kadence-info-box-icon-container .kt-info-svg-icon, #kt-info-box_2b7d55-2e .kt-info-svg-icon-flip, #kt-info-box_2b7d55-2e .kt-blocks-info-box-number{font-size:5px;}#kt-info-box_2b7d55-2e .kt-blocks-info-box-media{color:#ffffff;background:transparent;border-color:#444444;border-top-width:0px;border-right-width:0px;border-bottom-width:0px;border-left-width:0px;padding-top:10px;padding-right:10px;padding-bottom:10px;padding-left:10px;margin-top:0px;margin-right:15px;margin-bottom:0px;margin-left:15px;}#kt-info-box_2b7d55-2e .kt-blocks-info-box-link-wrap:hover .kt-blocks-info-box-media{color:#ffffff;background:transparent;border-color:#444444;}#kt-info-box_2b7d55-2e .kt-infobox-textcontent h2.kt-blocks-info-box-title{color:#ffffff;padding-top:0px;padding-right:0px;padding-bottom:0px;padding-left:0px;margin-top:5px;margin-right:0px;margin-bottom:10px;margin-left:0px;}#kt-info-box_2b7d55-2e .kt-blocks-info-box-link-wrap:hover h2.kt-blocks-info-box-title{color:#ffffff;}#kt-info-box_2b7d55-2e .kt-infobox-textcontent .kt-blocks-info-box-text{color:#ffffff;}#kt-info-box_2b7d55-2e .kt-blocks-info-box-link-wrap:hover .kt-blocks-info-box-text{color:#ffffff;}#kt-info-box_2b7d55-2e .kt-blocks-info-box-learnmore{color:#ffffff;background:#0A6689;border-color:#ffffff;border-width:0px 0px 0px 0px;padding-top:4px;padding-right:8px;padding-bottom:4px;padding-left:8px;margin-top:10px;margin-right:0px;margin-bottom:10px;margin-left:0px;}#kt-info-box_2b7d55-2e .kt-blocks-info-box-link-wrap:hover .kt-blocks-info-box-learnmore,#kt-info-box_2b7d55-2e .kt-blocks-info-box-link-wrap .kt-blocks-info-box-learnmore:focus{color:#0A6689;background:#ffffff;border-color:#ffffff;}<\/style>\n<div id=\"kt-info-box_2b7d55-2e\" class=\"wp-block-kadence-infobox\"><a class=\"kt-blocks-info-box-link-wrap kt-blocks-info-box-media-align-right kt-info-halign-right\"><div class=\"kt-blocks-info-box-media-container\"><div class=\"kt-blocks-info-box-media kt-info-media-animate-none\"><div class=\"kadence-info-box-image-inner-intrisic-container\" style=\"max-width:490px\"><div class=\"kadence-info-box-image-intrisic kt-info-animate-none\" style=\"padding-bottom:65.91836734693878%;height:0;width:490px;max-width:100%\"><div class=\"kadence-info-box-image-inner-intrisic\"><img loading=\"lazy\" decoding=\"async\" src=\"https:\/\/www.arcangeli.it\/wp-content\/themes\/webag_3\/templates-default\/img\/t.png\" data-src=\"https:\/\/www.arcangeli.it\/wp-content\/uploads\/2020\/01\/la-nostra-storia-thumb.jpg\" alt=\"\" width=\"490\" height=\"323\" class=\"lazy kt-info-box-image wp-image-163 \" data-srcset=\"https:\/\/www.arcangeli.it\/wp-content\/uploads\/2020\/01\/la-nostra-storia-thumb.jpg 490w, https:\/\/www.arcangeli.it\/wp-content\/uploads\/2020\/01\/la-nostra-storia-thumb-300x198.jpg 300w, https:\/\/www.arcangeli.it\/wp-content\/uploads\/2020\/01\/la-nostra-storia-thumb-150x99.jpg 150w\" sizes=\"auto, (max-width: 490px) 100vw, 490px\" \/><\/div><\/div><\/div><\/div><\/div><div class=\"kt-infobox-textcontent\"><h2 class=\"kt-blocks-info-box-title\">Das Land hat den gleichen Wert, wie derjenige der es bearbeitet<\/h2><p class=\"kt-blocks-info-box-text\"><br\/><strong>Giovanni Arcangeli<\/strong><br\/>22\/11\/1911 &#8211; 24\/12\/2008<\/p><\/div><\/a><\/div>\n\n<div class=\"wp-block-columns is-layout-flex wp-container-core-columns-is-layout-9d6595d7 wp-block-columns-is-layout-flex\">\n<div class=\"wp-block-column is-layout-flow wp-block-column-is-layout-flow\"><\/div>\n\n\n\n<div class=\"wp-block-column is-layout-flow wp-block-column-is-layout-flow\"><\/div>\n<\/div>\n\n<p>Der Verlust von Giovanni Arcangeli wird sich sicherlich nicht nur innerhalb seiner Familie bemerkbar machen, sondern auch innerhalb der Baumschul-Welt von Pistoia. Er war einer der Gr\u00fcnder der Baumschul-T\u00e4tigkeit vor Ort. Im Jahre 1930 begann er eine Zusammenarbeit mit einigen Produzenten f\u00fcr den Anbau von veredelten Frucht-B\u00e4umen. Nach einigen Jahren erkannte er die Leistungsf\u00e4higkeit des Sektors und riss, ohne langes Ueberdenken, einige Weinreben aus, um Koniferen zu pflanzen, eine seiner weiteren Leidenschaften.<\/p>\n\n<p>Auf diese Weise gab er den \u00f6rtlichen Traditionen einen erheblichen Stoss. Neuerungen und der Wunsch immer mehr \u00fcber seine Arbeit zu lernen, haben immer sein Leben gepr\u00e4gt. Seinen Kollegen wird er f\u00fcr immer als derjenige der in Pistoia die Veredlung mit Paraffin eingef\u00fchrt hat, in Erinnerung bleiben. Ueber diese Technik gibt es \u00fcbrigens auch verschiedene lustige Anekdoten: Giovanni versuchte diese Technik geheim zu halten (er war nicht nur ein begabter Landwirt, sondern vor allem ein gewandter Unternehmer); deswegen versuchte er das restliche Paraffin zu entfernen bevor er seine veredelten Pflanzen auf den Markt brachte. Gewiss konnte nur er einige besondere Sorten produzieren und lange Zeit verstand niemand warum.<\/p>\n\n<p>In der Nachkriegs-Zeit dehnte sich die Firma aus. Pistoia erweiterte seinen Horizont und die Familien-Firma erweiterte sich in gleichem Masse wie der Baumschul-Markt. Es wurden G\u00fcter gekauft und neue Sorten gepflanzt. In jener Zeit wurde die Firma auch mit den ersten Preisen f\u00fcr den Export ausgezeichnet. Eine grosse Befriedigung f\u00fcr die Firma, die in der Zwischenzeit eine der wichtigsten Realit\u00e4ten auf nationaler Ebene geworden war. Giovanni h\u00f6rte nie auf seine avantgardistischen Ideen vorzuf\u00fchren. Er besuchte L\u00e4nder in der ganzen Welt (er wiederholte damals oft \u201cmir fehlt nur Australien\u201d). Von diesen Reisen kehrte er stets mit neuen Techniken zur\u00fcck und vor allem mit neuen Sorten die er dann zu Hause pflanzte. Aber seine wahre Liebe war Amerika.<\/p>\n\n<p>Dort h\u00e4tte er leben wollen und dorthin flog er mehrere Male. Die Firma wuchs immer mehr und im Jahre 1976 wurden ca. 20 Hektaren Land in Montecatini gekauft. Anfangs der 80er Jahre, begann man in Pistoia mit dem Anbau in Beh\u00e4ltern und so wurden einige L\u00e4nder f\u00fcr diese Technik bestimmt. Jedoch benutzte man, so wie auch heute noch, den gr\u00f6ssten Teil der Gesamt-Fl\u00e4che weiterhin f\u00fcr die Freiland-Kultur. Giovanni erweiterte seine Grenzen, indem er eine weitere Baumschule in S. Vincenzo erwarb. Somit stieg die Gesamt-Fl\u00e4che seiner Baumschulen auf 200 Hektaren. Diese Baumschule war f\u00fcr die Produktion von Palmen und mittelmeerl\u00e4ndischen Pflanzen bestimmt.<\/p>\n\n<p>Darin war er f\u00fcr eine kommerzielle Methode, die einige Jahre sp\u00e4ter zur Gewohnheit wurde, zum Pionier geworden.<\/p>\n\n<p>San Vincenzo war f\u00fcr ihn eine Friedensst\u00e4tte. W\u00e4hrend seinen letzten Lebensjahren versuchte er so viel Zeit wie m\u00f6glich dort zu verbringen. Es gibt viele andere Geschichten die von Giovanni Arcangeli, dem \u201cLandwirt\u201d aus Pistoia und Welt-Mann sprechen, aber alle Seiten dieses Kataloges w\u00e4ren nicht genug um alle aufzuf\u00fchren&#8230;<\/p>\n","protected":false},"excerpt":{"rendered":"<p>Eine Geschichte der Leidenschaft, die ab 1930 beginnt Der Verlust von Giovanni Arcangeli wird sich sicherlich nicht nur innerhalb seiner Familie bemerkbar machen, sondern auch innerhalb der Baumschul-Welt von Pistoia. Er war einer der Gr\u00fcnder der Baumschul-T\u00e4tigkeit vor Ort. Im Jahre 1930 begann er eine Zusammenarbeit mit einigen Produzenten f\u00fcr den Anbau von veredelten Frucht-B\u00e4umen. [&hellip;]<\/p>\n","protected":false},"author":1,"featured_media":166,"parent":0,"menu_order":0,"comment_status":"closed","ping_status":"closed","template":"","meta":{"_acf_changed":false,"footnotes":""},"class_list":["post-493","page","type-page","status-publish","has-post-thumbnail","hentry"],"acf":[],"yoast_head":"<!-- This site is optimized with the Yoast SEO plugin v23.3 - https:\/\/yoast.com\/wordpress\/plugins\/seo\/ -->\n<title>Geschichte - Arcangeli Giovanni e figlio<\/title>\n<meta name=\"robots\" content=\"index, follow, max-snippet:-1, max-image-preview:large, max-video-preview:-1\" \/>\n<link rel=\"canonical\" href=\"https:\/\/www.arcangeli.it\/de\/geschichte\/\" \/>\n<meta property=\"og:locale\" content=\"de_DE\" \/>\n<meta property=\"og:type\" content=\"article\" \/>\n<meta property=\"og:title\" content=\"Geschichte - Arcangeli Giovanni e figlio\" \/>\n<meta property=\"og:description\" content=\"Eine Geschichte der Leidenschaft, die ab 1930 beginnt Der Verlust von Giovanni Arcangeli wird sich sicherlich nicht nur innerhalb seiner Familie bemerkbar machen, sondern auch innerhalb der Baumschul-Welt von Pistoia. Er war einer der Gr\u00fcnder der Baumschul-T\u00e4tigkeit vor Ort. Im Jahre 1930 begann er eine Zusammenarbeit mit einigen Produzenten f\u00fcr den Anbau von veredelten Frucht-B\u00e4umen. [&hellip;]\" \/>\n<meta property=\"og:url\" content=\"https:\/\/www.arcangeli.it\/de\/geschichte\/\" \/>\n<meta property=\"og:site_name\" content=\"Arcangeli Giovanni e figlio\" \/>\n<meta property=\"article:modified_time\" content=\"2020-03-27T15:17:17+00:00\" \/>\n<meta property=\"og:image\" content=\"https:\/\/www.arcangeli.it\/wp-content\/uploads\/2020\/01\/la-nostra-storia-thumb.jpg\" \/>\n\t<meta property=\"og:image:width\" content=\"490\" \/>\n\t<meta property=\"og:image:height\" content=\"323\" \/>\n\t<meta property=\"og:image:type\" content=\"image\/jpeg\" \/>\n<meta name=\"twitter:card\" content=\"summary_large_image\" \/>\n<meta name=\"twitter:label1\" content=\"Est. reading time\" \/>\n\t<meta name=\"twitter:data1\" content=\"3 minutes\" \/>\n<script type=\"application\/ld+json\" class=\"yoast-schema-graph\">{\"@context\":\"https:\/\/schema.org\",\"@graph\":[{\"@type\":\"WebPage\",\"@id\":\"https:\/\/www.arcangeli.it\/de\/geschichte\/\",\"url\":\"https:\/\/www.arcangeli.it\/de\/geschichte\/\",\"name\":\"Geschichte - Arcangeli Giovanni e figlio\",\"isPartOf\":{\"@id\":\"https:\/\/www.arcangeli.it\/de\/#website\"},\"primaryImageOfPage\":{\"@id\":\"https:\/\/www.arcangeli.it\/de\/geschichte\/#primaryimage\"},\"image\":{\"@id\":\"https:\/\/www.arcangeli.it\/de\/geschichte\/#primaryimage\"},\"thumbnailUrl\":\"https:\/\/www.arcangeli.it\/wp-content\/uploads\/2020\/01\/la-nostra-storia-thumb.jpg\",\"datePublished\":\"2020-03-27T15:16:50+00:00\",\"dateModified\":\"2020-03-27T15:17:17+00:00\",\"breadcrumb\":{\"@id\":\"https:\/\/www.arcangeli.it\/de\/geschichte\/#breadcrumb\"},\"inLanguage\":\"de-DE\",\"potentialAction\":[{\"@type\":\"ReadAction\",\"target\":[\"https:\/\/www.arcangeli.it\/de\/geschichte\/\"]}]},{\"@type\":\"ImageObject\",\"inLanguage\":\"de-DE\",\"@id\":\"https:\/\/www.arcangeli.it\/de\/geschichte\/#primaryimage\",\"url\":\"https:\/\/www.arcangeli.it\/wp-content\/uploads\/2020\/01\/la-nostra-storia-thumb.jpg\",\"contentUrl\":\"https:\/\/www.arcangeli.it\/wp-content\/uploads\/2020\/01\/la-nostra-storia-thumb.jpg\",\"width\":490,\"height\":323},{\"@type\":\"BreadcrumbList\",\"@id\":\"https:\/\/www.arcangeli.it\/de\/geschichte\/#breadcrumb\",\"itemListElement\":[{\"@type\":\"ListItem\",\"position\":1,\"name\":\"Home\",\"item\":\"https:\/\/www.arcangeli.it\/de\/\"},{\"@type\":\"ListItem\",\"position\":2,\"name\":\"Geschichte\"}]},{\"@type\":\"WebSite\",\"@id\":\"https:\/\/www.arcangeli.it\/de\/#website\",\"url\":\"https:\/\/www.arcangeli.it\/de\/\",\"name\":\"Arcangeli Giovanni e figlio\",\"description\":\"\",\"publisher\":{\"@id\":\"https:\/\/www.arcangeli.it\/de\/#organization\"},\"potentialAction\":[{\"@type\":\"SearchAction\",\"target\":{\"@type\":\"EntryPoint\",\"urlTemplate\":\"https:\/\/www.arcangeli.it\/de\/?s={search_term_string}\"},\"query-input\":\"required name=search_term_string\"}],\"inLanguage\":\"de-DE\"},{\"@type\":\"Organization\",\"@id\":\"https:\/\/www.arcangeli.it\/de\/#organization\",\"name\":\"Arcangeli Giovanni e figlio\",\"url\":\"https:\/\/www.arcangeli.it\/de\/\",\"logo\":{\"@type\":\"ImageObject\",\"inLanguage\":\"de-DE\",\"@id\":\"https:\/\/www.arcangeli.it\/de\/#\/schema\/logo\/image\/\",\"url\":\"https:\/\/www.arcangeli.it\/wp-content\/uploads\/2019\/12\/arcangeli-logo.png\",\"contentUrl\":\"https:\/\/www.arcangeli.it\/wp-content\/uploads\/2019\/12\/arcangeli-logo.png\",\"width\":476,\"height\":91,\"caption\":\"Arcangeli Giovanni e figlio\"},\"image\":{\"@id\":\"https:\/\/www.arcangeli.it\/de\/#\/schema\/logo\/image\/\"}}]}<\/script>\n<!-- \/ Yoast SEO plugin. -->","yoast_head_json":{"title":"Geschichte - Arcangeli Giovanni e figlio","robots":{"index":"index","follow":"follow","max-snippet":"max-snippet:-1","max-image-preview":"max-image-preview:large","max-video-preview":"max-video-preview:-1"},"canonical":"https:\/\/www.arcangeli.it\/de\/geschichte\/","og_locale":"de_DE","og_type":"article","og_title":"Geschichte - Arcangeli Giovanni e figlio","og_description":"Eine Geschichte der Leidenschaft, die ab 1930 beginnt Der Verlust von Giovanni Arcangeli wird sich sicherlich nicht nur innerhalb seiner Familie bemerkbar machen, sondern auch innerhalb der Baumschul-Welt von Pistoia. Er war einer der Gr\u00fcnder der Baumschul-T\u00e4tigkeit vor Ort. Im Jahre 1930 begann er eine Zusammenarbeit mit einigen Produzenten f\u00fcr den Anbau von veredelten Frucht-B\u00e4umen. [&hellip;]","og_url":"https:\/\/www.arcangeli.it\/de\/geschichte\/","og_site_name":"Arcangeli Giovanni e figlio","article_modified_time":"2020-03-27T15:17:17+00:00","og_image":[{"width":490,"height":323,"url":"https:\/\/www.arcangeli.it\/wp-content\/uploads\/2020\/01\/la-nostra-storia-thumb.jpg","type":"image\/jpeg"}],"twitter_card":"summary_large_image","twitter_misc":{"Est. reading time":"3 minutes"},"schema":{"@context":"https:\/\/schema.org","@graph":[{"@type":"WebPage","@id":"https:\/\/www.arcangeli.it\/de\/geschichte\/","url":"https:\/\/www.arcangeli.it\/de\/geschichte\/","name":"Geschichte - Arcangeli Giovanni e figlio","isPartOf":{"@id":"https:\/\/www.arcangeli.it\/de\/#website"},"primaryImageOfPage":{"@id":"https:\/\/www.arcangeli.it\/de\/geschichte\/#primaryimage"},"image":{"@id":"https:\/\/www.arcangeli.it\/de\/geschichte\/#primaryimage"},"thumbnailUrl":"https:\/\/www.arcangeli.it\/wp-content\/uploads\/2020\/01\/la-nostra-storia-thumb.jpg","datePublished":"2020-03-27T15:16:50+00:00","dateModified":"2020-03-27T15:17:17+00:00","breadcrumb":{"@id":"https:\/\/www.arcangeli.it\/de\/geschichte\/#breadcrumb"},"inLanguage":"de-DE","potentialAction":[{"@type":"ReadAction","target":["https:\/\/www.arcangeli.it\/de\/geschichte\/"]}]},{"@type":"ImageObject","inLanguage":"de-DE","@id":"https:\/\/www.arcangeli.it\/de\/geschichte\/#primaryimage","url":"https:\/\/www.arcangeli.it\/wp-content\/uploads\/2020\/01\/la-nostra-storia-thumb.jpg","contentUrl":"https:\/\/www.arcangeli.it\/wp-content\/uploads\/2020\/01\/la-nostra-storia-thumb.jpg","width":490,"height":323},{"@type":"BreadcrumbList","@id":"https:\/\/www.arcangeli.it\/de\/geschichte\/#breadcrumb","itemListElement":[{"@type":"ListItem","position":1,"name":"Home","item":"https:\/\/www.arcangeli.it\/de\/"},{"@type":"ListItem","position":2,"name":"Geschichte"}]},{"@type":"WebSite","@id":"https:\/\/www.arcangeli.it\/de\/#website","url":"https:\/\/www.arcangeli.it\/de\/","name":"Arcangeli Giovanni e figlio","description":"","publisher":{"@id":"https:\/\/www.arcangeli.it\/de\/#organization"},"potentialAction":[{"@type":"SearchAction","target":{"@type":"EntryPoint","urlTemplate":"https:\/\/www.arcangeli.it\/de\/?s={search_term_string}"},"query-input":"required name=search_term_string"}],"inLanguage":"de-DE"},{"@type":"Organization","@id":"https:\/\/www.arcangeli.it\/de\/#organization","name":"Arcangeli Giovanni e figlio","url":"https:\/\/www.arcangeli.it\/de\/","logo":{"@type":"ImageObject","inLanguage":"de-DE","@id":"https:\/\/www.arcangeli.it\/de\/#\/schema\/logo\/image\/","url":"https:\/\/www.arcangeli.it\/wp-content\/uploads\/2019\/12\/arcangeli-logo.png","contentUrl":"https:\/\/www.arcangeli.it\/wp-content\/uploads\/2019\/12\/arcangeli-logo.png","width":476,"height":91,"caption":"Arcangeli Giovanni e figlio"},"image":{"@id":"https:\/\/www.arcangeli.it\/de\/#\/schema\/logo\/image\/"}}]}},"_links":{"self":[{"href":"https:\/\/www.arcangeli.it\/de\/wp-json\/wp\/v2\/pages\/493","targetHints":{"allow":["GET"]}}],"collection":[{"href":"https:\/\/www.arcangeli.it\/de\/wp-json\/wp\/v2\/pages"}],"about":[{"href":"https:\/\/www.arcangeli.it\/de\/wp-json\/wp\/v2\/types\/page"}],"author":[{"embeddable":true,"href":"https:\/\/www.arcangeli.it\/de\/wp-json\/wp\/v2\/users\/1"}],"replies":[{"embeddable":true,"href":"https:\/\/www.arcangeli.it\/de\/wp-json\/wp\/v2\/comments?post=493"}],"version-history":[{"count":3,"href":"https:\/\/www.arcangeli.it\/de\/wp-json\/wp\/v2\/pages\/493\/revisions"}],"predecessor-version":[{"id":496,"href":"https:\/\/www.arcangeli.it\/de\/wp-json\/wp\/v2\/pages\/493\/revisions\/496"}],"wp:featuredmedia":[{"embeddable":true,"href":"https:\/\/www.arcangeli.it\/de\/wp-json\/wp\/v2\/media\/166"}],"wp:attachment":[{"href":"https:\/\/www.arcangeli.it\/de\/wp-json\/wp\/v2\/media?parent=493"}],"curies":[{"name":"wp","href":"https:\/\/api.w.org\/{rel}","templated":true}]}}