{"id":497,"date":"2020-03-27T16:24:42","date_gmt":"2020-03-27T15:24:42","guid":{"rendered":"https:\/\/www.arcangeli.it\/unsere-gaertnereien\/"},"modified":"2020-04-01T09:22:22","modified_gmt":"2020-04-01T07:22:22","slug":"unsere-gaertnereien","status":"publish","type":"page","link":"https:\/\/www.arcangeli.it\/de\/unsere-gaertnereien\/","title":{"rendered":"UNSERE G\u00c4RTNEREIEN"},"content":{"rendered":"\n<p class=\"has-text-align-center mb-5\">Unser Land, unser Stolz. Dank f\u00fcnf gro\u00dfer Baumschulen in der Toskana k\u00f6nnen wir Ihnen eine Menge und Vielfalt an Pflanzen liefern, die heute eines der wertvollsten gr\u00fcnen Erbe Italiens sind.<\/p>\n<style>.wp-block-kadence-advancedgallery .kb-gallery-type-grid.kb-gallery-id-_31b6a7-41{margin:-5px;}.kb-gallery-type-grid.kb-gallery-id-_31b6a7-41 .kadence-blocks-gallery-item{padding:5px;}.kb-gallery-id-_31b6a7-41 .kadence-blocks-gallery-item .kb-gal-image-radius, .kb-gallery-id-_31b6a7-41 .kb-slide-item .kb-gal-image-radius img{border-radius:0px 0px 0px 0px;;}.kb-gallery-id-_31b6a7-41 .kadence-blocks-gallery-item .kadence-blocks-gallery-item-inner .kadence-blocks-gallery-item__caption{color:#313131;}.kb-gallery-caption-style-cover-hover.kb-gallery-id-_31b6a7-41 .kadence-blocks-gallery-item .kadence-blocks-gallery-item-inner .kadence-blocks-gallery-item__caption, .kb-gallery-caption-style-below.kb-gallery-id-_31b6a7-41 .kadence-blocks-gallery-item .kadence-blocks-gallery-item-inner .kadence-blocks-gallery-item__caption{background:rgba(255, 255, 255, 0.5);}<\/style><div class=\"kb-gallery-wrap-id-_31b6a7-41 alignnone wp-block-kadence-advancedgallery\"><ul class=\"kb-gallery-ul kb-gallery-non-static kb-gallery-type-grid kb-gallery-id-_31b6a7-41 kb-gallery-caption-style-below kb-gallery-filter-none\" data-image-filter=\"none\" data-item-selector=\".kadence-blocks-gallery-item\" data-lightbox-caption=\"true\" data-columns-xxl=\"3\" data-columns-xl=\"3\" data-columns-md=\"3\" data-columns-sm=\"2\" data-columns-xs=\"1\" data-columns-ss=\"1\"><li class=\"kadence-blocks-gallery-item\"><div class=\"kadence-blocks-gallery-item-inner\"><figure class=\"kb-gallery-figure kadence-blocks-gallery-item-has-caption\"><div class=\"kb-gal-image-radius\"><div class=\"kb-gallery-image-contain kadence-blocks-gallery-intrinsic kb-gallery-image-ratio-land32 kb-has-image-ratio-land32\" ><img loading=\"lazy\" decoding=\"async\" width=\"490\" height=\"328\" src=\"https:\/\/www.arcangeli.it\/wp-content\/themes\/webag_3\/templates-default\/img\/t.png\" data-src=\"https:\/\/www.arcangeli.it\/wp-content\/uploads\/2020\/01\/vivaio-masiano.jpg\"   alt=\"\" data-full-image=\"https:\/\/www.arcangeli.it\/wp-content\/uploads\/2020\/01\/vivaio-masiano.jpg\" data-light-image=\"https:\/\/www.arcangeli.it\/wp-content\/uploads\/2020\/01\/vivaio-masiano.jpg\" data-id=\"226\" class=\"lazy wp-image-226\" data-srcset=\"https:\/\/www.arcangeli.it\/wp-content\/uploads\/2020\/01\/vivaio-masiano.jpg 490w, https:\/\/www.arcangeli.it\/wp-content\/uploads\/2020\/01\/vivaio-masiano-300x201.jpg 300w, https:\/\/www.arcangeli.it\/wp-content\/uploads\/2020\/01\/vivaio-masiano-150x100.jpg 150w\" sizes=\"auto, (max-width: 490px) 100vw, 490px\" \/><\/div><\/div><figcaption class=\"kadence-blocks-gallery-item__caption\"><strong>Vivaio Masiano\n<\/strong><br>Qui si trovano gli uffici amministrativi e tutta la parte logistica della ditta; da qui vengono organizzate le spedizioni delle Vostre piante, della cui qualit\u00e0 ci preoccuperemo personalmente.<\/figcaption><\/figure><\/div><\/li><li class=\"kadence-blocks-gallery-item\"><div class=\"kadence-blocks-gallery-item-inner\"><figure class=\"kb-gallery-figure kadence-blocks-gallery-item-has-caption\"><div class=\"kb-gal-image-radius\"><div class=\"kb-gallery-image-contain kadence-blocks-gallery-intrinsic kb-gallery-image-ratio-land32 kb-has-image-ratio-land32\" ><img loading=\"lazy\" decoding=\"async\" width=\"490\" height=\"328\" src=\"https:\/\/www.arcangeli.it\/wp-content\/themes\/webag_3\/templates-default\/img\/t.png\" data-src=\"https:\/\/www.arcangeli.it\/wp-content\/uploads\/2020\/01\/vivaio-bonelle.jpg\"   alt=\"\" data-full-image=\"https:\/\/www.arcangeli.it\/wp-content\/uploads\/2020\/01\/vivaio-bonelle.jpg\" data-light-image=\"https:\/\/www.arcangeli.it\/wp-content\/uploads\/2020\/01\/vivaio-bonelle.jpg\" data-id=\"216\" class=\"lazy wp-image-216\" data-srcset=\"https:\/\/www.arcangeli.it\/wp-content\/uploads\/2020\/01\/vivaio-bonelle.jpg 490w, https:\/\/www.arcangeli.it\/wp-content\/uploads\/2020\/01\/vivaio-bonelle-300x201.jpg 300w, https:\/\/www.arcangeli.it\/wp-content\/uploads\/2020\/01\/vivaio-bonelle-150x100.jpg 150w\" sizes=\"auto, (max-width: 490px) 100vw, 490px\" \/><\/div><\/div><figcaption class=\"kadence-blocks-gallery-item__caption\"><strong>Baumschulen Bonelle<\/strong><br>\n\nWir setzen unseren Besuch mit der Baumschule in Bonelle fort. Diese Baumschule ist sowohl fu\u0308r die Produktion von Formgeh\u00f6lzschnitt-Pflanzen bekannt, als auch fu\u0308r Pflanzen die fu\u0308r verschiedene Garden-Center geeignet sind. Hier finden Sie auch Cupressus Sempervirens, Chamaerops Humilis und Chamaerops Excelsa und verschiedene andere Solit\u00e4r-Pflanzen.<\/figcaption><\/figure><\/div><\/li><li class=\"kadence-blocks-gallery-item\"><div class=\"kadence-blocks-gallery-item-inner\"><figure class=\"kb-gallery-figure kadence-blocks-gallery-item-has-caption\"><div class=\"kb-gal-image-radius\"><div class=\"kb-gallery-image-contain kadence-blocks-gallery-intrinsic kb-gallery-image-ratio-land32 kb-has-image-ratio-land32\" ><img loading=\"lazy\" decoding=\"async\" width=\"490\" height=\"328\" src=\"https:\/\/www.arcangeli.it\/wp-content\/themes\/webag_3\/templates-default\/img\/t.png\" data-src=\"https:\/\/www.arcangeli.it\/wp-content\/uploads\/2020\/01\/vivaio-pontassio.jpg\"   alt=\"\" data-full-image=\"https:\/\/www.arcangeli.it\/wp-content\/uploads\/2020\/01\/vivaio-pontassio.jpg\" data-light-image=\"https:\/\/www.arcangeli.it\/wp-content\/uploads\/2020\/01\/vivaio-pontassio.jpg\" data-id=\"231\" class=\"lazy wp-image-231\" data-srcset=\"https:\/\/www.arcangeli.it\/wp-content\/uploads\/2020\/01\/vivaio-pontassio.jpg 490w, https:\/\/www.arcangeli.it\/wp-content\/uploads\/2020\/01\/vivaio-pontassio-300x201.jpg 300w, https:\/\/www.arcangeli.it\/wp-content\/uploads\/2020\/01\/vivaio-pontassio-150x100.jpg 150w\" sizes=\"auto, (max-width: 490px) 100vw, 490px\" \/><\/div><\/div><figcaption class=\"kadence-blocks-gallery-item__caption\"><strong>Baumschulen\u00a0Pontassio<\/strong><br>\n\nIn der N\u00e4he von Pistoia befindet sich unsere Baumschule von Pontassio, die fu\u0308r die Produktion von Cupressocyparis Leylandii verdi, Cupressus Sempervirens, wie auch von Photinias, Bambusa und anderen Qualit\u00e4ten bekannt ist.<\/figcaption><\/figure><\/div><\/li><li class=\"kadence-blocks-gallery-item\"><div class=\"kadence-blocks-gallery-item-inner\"><figure class=\"kb-gallery-figure kadence-blocks-gallery-item-has-caption\"><div class=\"kb-gal-image-radius\"><div class=\"kb-gallery-image-contain kadence-blocks-gallery-intrinsic kb-gallery-image-ratio-land32 kb-has-image-ratio-land32\" ><img loading=\"lazy\" decoding=\"async\" width=\"490\" height=\"328\" src=\"https:\/\/www.arcangeli.it\/wp-content\/themes\/webag_3\/templates-default\/img\/t.png\" data-src=\"https:\/\/www.arcangeli.it\/wp-content\/uploads\/2020\/01\/vivaio-fattoria-pedicino.jpg\"   alt=\"\" data-full-image=\"https:\/\/www.arcangeli.it\/wp-content\/uploads\/2020\/01\/vivaio-fattoria-pedicino.jpg\" data-light-image=\"https:\/\/www.arcangeli.it\/wp-content\/uploads\/2020\/01\/vivaio-fattoria-pedicino.jpg\" data-id=\"221\" class=\"lazy wp-image-221\" data-srcset=\"https:\/\/www.arcangeli.it\/wp-content\/uploads\/2020\/01\/vivaio-fattoria-pedicino.jpg 490w, https:\/\/www.arcangeli.it\/wp-content\/uploads\/2020\/01\/vivaio-fattoria-pedicino-300x201.jpg 300w, https:\/\/www.arcangeli.it\/wp-content\/uploads\/2020\/01\/vivaio-fattoria-pedicino-150x100.jpg 150w\" sizes=\"auto, (max-width: 490px) 100vw, 490px\" \/><\/div><\/div><figcaption class=\"kadence-blocks-gallery-item__caption\"><strong>Baumschulen\u00a0Fattoria e Pedicino\n<\/strong><br>\n<div>\n<div id=\"djslider-loader186\" class=\"djslider-loader\">\n<div id=\"djslider186\" class=\"djslider\">\n<div id=\"slider-container186\" class=\"slider-container\">\n<div class=\"quadro_txt\">\n\nEinige Kilometer weiter entfernt, befinden sich unsere zwei weiteren Baumschulen Fattoria und Pedicino. Hier k\u00f6nnen Sie unser reichhaltiges Sortiment von Solit\u00e4r- und Hochstamm-Pflanzen bewundern.\n\n<\/div>\n<\/div>\n<\/div>\n<\/div>\n<\/div><\/figcaption><\/figure><\/div><\/li><li class=\"kadence-blocks-gallery-item\"><div class=\"kadence-blocks-gallery-item-inner\"><figure class=\"kb-gallery-figure kadence-blocks-gallery-item-has-caption\"><div class=\"kb-gal-image-radius\"><div class=\"kb-gallery-image-contain kadence-blocks-gallery-intrinsic kb-gallery-image-ratio-land32 kb-has-image-ratio-land32\" ><img loading=\"lazy\" decoding=\"async\" width=\"490\" height=\"328\" src=\"https:\/\/www.arcangeli.it\/wp-content\/themes\/webag_3\/templates-default\/img\/t.png\" data-src=\"https:\/\/www.arcangeli.it\/wp-content\/uploads\/2020\/01\/vivaio-san-vincenzo.jpg\"   alt=\"\" data-full-image=\"https:\/\/www.arcangeli.it\/wp-content\/uploads\/2020\/01\/vivaio-san-vincenzo.jpg\" data-light-image=\"https:\/\/www.arcangeli.it\/wp-content\/uploads\/2020\/01\/vivaio-san-vincenzo.jpg\" data-id=\"211\" class=\"lazy wp-image-211\" data-srcset=\"https:\/\/www.arcangeli.it\/wp-content\/uploads\/2020\/01\/vivaio-san-vincenzo.jpg 490w, https:\/\/www.arcangeli.it\/wp-content\/uploads\/2020\/01\/vivaio-san-vincenzo-300x201.jpg 300w, https:\/\/www.arcangeli.it\/wp-content\/uploads\/2020\/01\/vivaio-san-vincenzo-150x100.jpg 150w\" sizes=\"auto, (max-width: 490px) 100vw, 490px\" \/><\/div><\/div><figcaption class=\"kadence-blocks-gallery-item__caption\"><strong>Baumschulen\u00a0San Vincenzo\n<\/strong><br>\n<div>\n<div id=\"djslider-loader187\" class=\"djslider-loader\"><\/div>\n<\/div>\n&#8230;Wenn Sie an der Produktion von Mittelmeerl\u00e4ndischen Pflanzen interessiert sind, freuen wir uns, Ihnen unsere Baumschule in San Vincenzo, in der N\u00e4he der Hafenstadt Livorno, vorzustellen zu du\u0308rfen. In dieser Baumschule werden vorwiegend Olea Europea, Nerium Oleander und Chamaerops produziert.<\/figcaption><\/figure><\/div><\/li><\/ul><\/div>","protected":false},"excerpt":{"rendered":"<p>Unser Land, unser Stolz. Dank f\u00fcnf gro\u00dfer Baumschulen in der Toskana k\u00f6nnen wir Ihnen eine Menge und Vielfalt an Pflanzen liefern, die heute eines der wertvollsten gr\u00fcnen Erbe Italiens sind.<\/p>\n","protected":false},"author":1,"featured_media":161,"parent":0,"menu_order":0,"comment_status":"closed","ping_status":"closed","template":"","meta":{"_acf_changed":false,"footnotes":""},"class_list":["post-497","page","type-page","status-publish","has-post-thumbnail","hentry"],"acf":[],"yoast_head":"<!-- This site is optimized with the Yoast SEO plugin v23.3 - https:\/\/yoast.com\/wordpress\/plugins\/seo\/ -->\n<title>UNSERE G\u00c4RTNEREIEN - Arcangeli Giovanni e figlio<\/title>\n<meta name=\"robots\" content=\"index, follow, max-snippet:-1, max-image-preview:large, max-video-preview:-1\" \/>\n<link rel=\"canonical\" href=\"https:\/\/www.arcangeli.it\/de\/unsere-gaertnereien\/\" \/>\n<meta property=\"og:locale\" content=\"de_DE\" \/>\n<meta property=\"og:type\" content=\"article\" \/>\n<meta property=\"og:title\" content=\"UNSERE G\u00c4RTNEREIEN - Arcangeli Giovanni e figlio\" \/>\n<meta property=\"og:description\" content=\"Unser Land, unser Stolz. Dank f\u00fcnf gro\u00dfer Baumschulen in der Toskana k\u00f6nnen wir Ihnen eine Menge und Vielfalt an Pflanzen liefern, die heute eines der wertvollsten gr\u00fcnen Erbe Italiens sind.\" \/>\n<meta property=\"og:url\" content=\"https:\/\/www.arcangeli.it\/de\/unsere-gaertnereien\/\" \/>\n<meta property=\"og:site_name\" content=\"Arcangeli Giovanni e figlio\" \/>\n<meta property=\"article:modified_time\" content=\"2020-04-01T07:22:22+00:00\" \/>\n<meta property=\"og:image\" content=\"https:\/\/www.arcangeli.it\/wp-content\/uploads\/2020\/01\/i-nostri-vivai-thumb.jpg\" \/>\n\t<meta property=\"og:image:width\" content=\"490\" \/>\n\t<meta property=\"og:image:height\" content=\"323\" \/>\n\t<meta property=\"og:image:type\" content=\"image\/jpeg\" \/>\n<meta name=\"twitter:card\" content=\"summary_large_image\" \/>\n<meta name=\"twitter:label1\" content=\"Est. reading time\" \/>\n\t<meta name=\"twitter:data1\" content=\"1 minute\" \/>\n<script type=\"application\/ld+json\" class=\"yoast-schema-graph\">{\"@context\":\"https:\/\/schema.org\",\"@graph\":[{\"@type\":\"WebPage\",\"@id\":\"https:\/\/www.arcangeli.it\/de\/unsere-gaertnereien\/\",\"url\":\"https:\/\/www.arcangeli.it\/de\/unsere-gaertnereien\/\",\"name\":\"UNSERE G\u00c4RTNEREIEN - Arcangeli Giovanni e figlio\",\"isPartOf\":{\"@id\":\"https:\/\/www.arcangeli.it\/de\/#website\"},\"primaryImageOfPage\":{\"@id\":\"https:\/\/www.arcangeli.it\/de\/unsere-gaertnereien\/#primaryimage\"},\"image\":{\"@id\":\"https:\/\/www.arcangeli.it\/de\/unsere-gaertnereien\/#primaryimage\"},\"thumbnailUrl\":\"https:\/\/www.arcangeli.it\/wp-content\/uploads\/2020\/01\/i-nostri-vivai-thumb.jpg\",\"datePublished\":\"2020-03-27T15:24:42+00:00\",\"dateModified\":\"2020-04-01T07:22:22+00:00\",\"breadcrumb\":{\"@id\":\"https:\/\/www.arcangeli.it\/de\/unsere-gaertnereien\/#breadcrumb\"},\"inLanguage\":\"de-DE\",\"potentialAction\":[{\"@type\":\"ReadAction\",\"target\":[\"https:\/\/www.arcangeli.it\/de\/unsere-gaertnereien\/\"]}]},{\"@type\":\"ImageObject\",\"inLanguage\":\"de-DE\",\"@id\":\"https:\/\/www.arcangeli.it\/de\/unsere-gaertnereien\/#primaryimage\",\"url\":\"https:\/\/www.arcangeli.it\/wp-content\/uploads\/2020\/01\/i-nostri-vivai-thumb.jpg\",\"contentUrl\":\"https:\/\/www.arcangeli.it\/wp-content\/uploads\/2020\/01\/i-nostri-vivai-thumb.jpg\",\"width\":490,\"height\":323},{\"@type\":\"BreadcrumbList\",\"@id\":\"https:\/\/www.arcangeli.it\/de\/unsere-gaertnereien\/#breadcrumb\",\"itemListElement\":[{\"@type\":\"ListItem\",\"position\":1,\"name\":\"Home\",\"item\":\"https:\/\/www.arcangeli.it\/de\/\"},{\"@type\":\"ListItem\",\"position\":2,\"name\":\"UNSERE G\u00c4RTNEREIEN\"}]},{\"@type\":\"WebSite\",\"@id\":\"https:\/\/www.arcangeli.it\/de\/#website\",\"url\":\"https:\/\/www.arcangeli.it\/de\/\",\"name\":\"Arcangeli Giovanni e figlio\",\"description\":\"\",\"publisher\":{\"@id\":\"https:\/\/www.arcangeli.it\/de\/#organization\"},\"potentialAction\":[{\"@type\":\"SearchAction\",\"target\":{\"@type\":\"EntryPoint\",\"urlTemplate\":\"https:\/\/www.arcangeli.it\/de\/?s={search_term_string}\"},\"query-input\":\"required name=search_term_string\"}],\"inLanguage\":\"de-DE\"},{\"@type\":\"Organization\",\"@id\":\"https:\/\/www.arcangeli.it\/de\/#organization\",\"name\":\"Arcangeli Giovanni e figlio\",\"url\":\"https:\/\/www.arcangeli.it\/de\/\",\"logo\":{\"@type\":\"ImageObject\",\"inLanguage\":\"de-DE\",\"@id\":\"https:\/\/www.arcangeli.it\/de\/#\/schema\/logo\/image\/\",\"url\":\"https:\/\/www.arcangeli.it\/wp-content\/uploads\/2019\/12\/arcangeli-logo.png\",\"contentUrl\":\"https:\/\/www.arcangeli.it\/wp-content\/uploads\/2019\/12\/arcangeli-logo.png\",\"width\":476,\"height\":91,\"caption\":\"Arcangeli Giovanni e figlio\"},\"image\":{\"@id\":\"https:\/\/www.arcangeli.it\/de\/#\/schema\/logo\/image\/\"}}]}<\/script>\n<!-- \/ Yoast SEO plugin. -->","yoast_head_json":{"title":"UNSERE G\u00c4RTNEREIEN - Arcangeli Giovanni e figlio","robots":{"index":"index","follow":"follow","max-snippet":"max-snippet:-1","max-image-preview":"max-image-preview:large","max-video-preview":"max-video-preview:-1"},"canonical":"https:\/\/www.arcangeli.it\/de\/unsere-gaertnereien\/","og_locale":"de_DE","og_type":"article","og_title":"UNSERE G\u00c4RTNEREIEN - Arcangeli Giovanni e figlio","og_description":"Unser Land, unser Stolz. Dank f\u00fcnf gro\u00dfer Baumschulen in der Toskana k\u00f6nnen wir Ihnen eine Menge und Vielfalt an Pflanzen liefern, die heute eines der wertvollsten gr\u00fcnen Erbe Italiens sind.","og_url":"https:\/\/www.arcangeli.it\/de\/unsere-gaertnereien\/","og_site_name":"Arcangeli Giovanni e figlio","article_modified_time":"2020-04-01T07:22:22+00:00","og_image":[{"width":490,"height":323,"url":"https:\/\/www.arcangeli.it\/wp-content\/uploads\/2020\/01\/i-nostri-vivai-thumb.jpg","type":"image\/jpeg"}],"twitter_card":"summary_large_image","twitter_misc":{"Est. reading time":"1 minute"},"schema":{"@context":"https:\/\/schema.org","@graph":[{"@type":"WebPage","@id":"https:\/\/www.arcangeli.it\/de\/unsere-gaertnereien\/","url":"https:\/\/www.arcangeli.it\/de\/unsere-gaertnereien\/","name":"UNSERE G\u00c4RTNEREIEN - Arcangeli Giovanni e figlio","isPartOf":{"@id":"https:\/\/www.arcangeli.it\/de\/#website"},"primaryImageOfPage":{"@id":"https:\/\/www.arcangeli.it\/de\/unsere-gaertnereien\/#primaryimage"},"image":{"@id":"https:\/\/www.arcangeli.it\/de\/unsere-gaertnereien\/#primaryimage"},"thumbnailUrl":"https:\/\/www.arcangeli.it\/wp-content\/uploads\/2020\/01\/i-nostri-vivai-thumb.jpg","datePublished":"2020-03-27T15:24:42+00:00","dateModified":"2020-04-01T07:22:22+00:00","breadcrumb":{"@id":"https:\/\/www.arcangeli.it\/de\/unsere-gaertnereien\/#breadcrumb"},"inLanguage":"de-DE","potentialAction":[{"@type":"ReadAction","target":["https:\/\/www.arcangeli.it\/de\/unsere-gaertnereien\/"]}]},{"@type":"ImageObject","inLanguage":"de-DE","@id":"https:\/\/www.arcangeli.it\/de\/unsere-gaertnereien\/#primaryimage","url":"https:\/\/www.arcangeli.it\/wp-content\/uploads\/2020\/01\/i-nostri-vivai-thumb.jpg","contentUrl":"https:\/\/www.arcangeli.it\/wp-content\/uploads\/2020\/01\/i-nostri-vivai-thumb.jpg","width":490,"height":323},{"@type":"BreadcrumbList","@id":"https:\/\/www.arcangeli.it\/de\/unsere-gaertnereien\/#breadcrumb","itemListElement":[{"@type":"ListItem","position":1,"name":"Home","item":"https:\/\/www.arcangeli.it\/de\/"},{"@type":"ListItem","position":2,"name":"UNSERE G\u00c4RTNEREIEN"}]},{"@type":"WebSite","@id":"https:\/\/www.arcangeli.it\/de\/#website","url":"https:\/\/www.arcangeli.it\/de\/","name":"Arcangeli Giovanni e figlio","description":"","publisher":{"@id":"https:\/\/www.arcangeli.it\/de\/#organization"},"potentialAction":[{"@type":"SearchAction","target":{"@type":"EntryPoint","urlTemplate":"https:\/\/www.arcangeli.it\/de\/?s={search_term_string}"},"query-input":"required name=search_term_string"}],"inLanguage":"de-DE"},{"@type":"Organization","@id":"https:\/\/www.arcangeli.it\/de\/#organization","name":"Arcangeli Giovanni e figlio","url":"https:\/\/www.arcangeli.it\/de\/","logo":{"@type":"ImageObject","inLanguage":"de-DE","@id":"https:\/\/www.arcangeli.it\/de\/#\/schema\/logo\/image\/","url":"https:\/\/www.arcangeli.it\/wp-content\/uploads\/2019\/12\/arcangeli-logo.png","contentUrl":"https:\/\/www.arcangeli.it\/wp-content\/uploads\/2019\/12\/arcangeli-logo.png","width":476,"height":91,"caption":"Arcangeli Giovanni e figlio"},"image":{"@id":"https:\/\/www.arcangeli.it\/de\/#\/schema\/logo\/image\/"}}]}},"_links":{"self":[{"href":"https:\/\/www.arcangeli.it\/de\/wp-json\/wp\/v2\/pages\/497","targetHints":{"allow":["GET"]}}],"collection":[{"href":"https:\/\/www.arcangeli.it\/de\/wp-json\/wp\/v2\/pages"}],"about":[{"href":"https:\/\/www.arcangeli.it\/de\/wp-json\/wp\/v2\/types\/page"}],"author":[{"embeddable":true,"href":"https:\/\/www.arcangeli.it\/de\/wp-json\/wp\/v2\/users\/1"}],"replies":[{"embeddable":true,"href":"https:\/\/www.arcangeli.it\/de\/wp-json\/wp\/v2\/comments?post=497"}],"version-history":[{"count":11,"href":"https:\/\/www.arcangeli.it\/de\/wp-json\/wp\/v2\/pages\/497\/revisions"}],"predecessor-version":[{"id":592,"href":"https:\/\/www.arcangeli.it\/de\/wp-json\/wp\/v2\/pages\/497\/revisions\/592"}],"wp:featuredmedia":[{"embeddable":true,"href":"https:\/\/www.arcangeli.it\/de\/wp-json\/wp\/v2\/media\/161"}],"wp:attachment":[{"href":"https:\/\/www.arcangeli.it\/de\/wp-json\/wp\/v2\/media?parent=497"}],"curies":[{"name":"wp","href":"https:\/\/api.w.org\/{rel}","templated":true}]}}