{"id":509,"date":"2020-03-27T16:34:15","date_gmt":"2020-03-27T15:34:15","guid":{"rendered":"https:\/\/www.arcangeli.it\/dienstleistungen\/"},"modified":"2020-03-27T16:34:16","modified_gmt":"2020-03-27T15:34:16","slug":"dienstleistungen","status":"publish","type":"page","link":"https:\/\/www.arcangeli.it\/de\/dienstleistungen\/","title":{"rendered":"DIENSTLEISTUNGEN"},"content":{"rendered":"\n<div class=\"wp-block-media-text alignwide mb-5\" style=\"grid-template-columns:33% auto\"><figure class=\"wp-block-media-text__media\"><img loading=\"lazy\" decoding=\"async\" width=\"306\" height=\"198\" src=\"https:\/\/www.arcangeli.it\/wp-content\/themes\/webag_3\/templates-default\/img\/t.png\" data-src=\"https:\/\/www.arcangeli.it\/wp-content\/uploads\/2020\/01\/assistenza-acquisto-piante.jpg\" alt=\"KAUFUNTERST\u00dcTZUNG\" class=\"lazy wp-image-299\" data-srcset=\"https:\/\/www.arcangeli.it\/wp-content\/uploads\/2020\/01\/assistenza-acquisto-piante.jpg 306w, https:\/\/www.arcangeli.it\/wp-content\/uploads\/2020\/01\/assistenza-acquisto-piante-300x194.jpg 300w, https:\/\/www.arcangeli.it\/wp-content\/uploads\/2020\/01\/assistenza-acquisto-piante-150x97.jpg 150w\" sizes=\"auto, (max-width: 306px) 100vw, 306px\" \/><\/figure><div class=\"wp-block-media-text__content\">\n<h2 class=\"wp-block-heading\">KAUFUNTERST\u00dcTZUNG<\/h2>\n\n\n\n<p>In allen unseren G\u00e4rtnereien finden Sie Fachpersonal, das auf die Kenntnis von Zierpflanzen spezialisiert ist und das Ihnen in jeder Phase Ihrer Wahl zur Seite steht und Ihnen die bestm\u00f6gliche Lieferung f\u00fcr Ihre Bed\u00fcrfnisse empfiehlt. <\/p>\n<\/div><\/div>\n\n<div class=\"wp-block-media-text alignwide mb-5\" style=\"grid-template-columns:33% auto\"><figure class=\"wp-block-media-text__media\"><img loading=\"lazy\" decoding=\"async\" width=\"306\" height=\"198\" src=\"https:\/\/www.arcangeli.it\/wp-content\/themes\/webag_3\/templates-default\/img\/t.png\" data-src=\"https:\/\/www.arcangeli.it\/wp-content\/uploads\/2020\/01\/spedizioni-piante.jpg\" alt=\"INLAND- UND INTERNATIONALER VERSAND\" class=\"lazy wp-image-314\" data-srcset=\"https:\/\/www.arcangeli.it\/wp-content\/uploads\/2020\/01\/spedizioni-piante.jpg 306w, https:\/\/www.arcangeli.it\/wp-content\/uploads\/2020\/01\/spedizioni-piante-300x194.jpg 300w, https:\/\/www.arcangeli.it\/wp-content\/uploads\/2020\/01\/spedizioni-piante-150x97.jpg 150w\" sizes=\"auto, (max-width: 306px) 100vw, 306px\" \/><\/figure><div class=\"wp-block-media-text__content\">\n<h2 class=\"wp-block-heading\">INLAND- UND INTERNATIONALER VERSAND<\/h2>\n\n\n\n<p>Unsere Logistikabteilung organisiert komplette und Sammelladungen, unter dem Einsatz von eigenen Fahrzeugen und  Fachspediteuren, die Ware zu Wasser und zu Lande versenden, und die sich auch um s\u00e4mtliche etwaigen erforderlichen Zollformalit\u00e4ten k\u00fcmmern. <\/p>\n<\/div><\/div>\n\n<div class=\"wp-block-media-text alignwide mb-5\" style=\"grid-template-columns:33% auto\"><figure class=\"wp-block-media-text__media\"><img loading=\"lazy\" decoding=\"async\" width=\"306\" height=\"198\" src=\"https:\/\/www.arcangeli.it\/wp-content\/themes\/webag_3\/templates-default\/img\/t.png\" data-src=\"https:\/\/www.arcangeli.it\/wp-content\/uploads\/2020\/01\/consulenza-green.jpg\" alt=\"GARTENBERATUNG\" class=\"lazy wp-image-319\" data-srcset=\"https:\/\/www.arcangeli.it\/wp-content\/uploads\/2020\/01\/consulenza-green.jpg 306w, https:\/\/www.arcangeli.it\/wp-content\/uploads\/2020\/01\/consulenza-green-300x194.jpg 300w, https:\/\/www.arcangeli.it\/wp-content\/uploads\/2020\/01\/consulenza-green-150x97.jpg 150w\" sizes=\"auto, (max-width: 306px) 100vw, 306px\" \/><\/figure><div class=\"wp-block-media-text__content\">\n<h2 class=\"wp-block-heading\">GARTENBERATUNG<\/h2>\n\n\n\n<p>Auf Anfrage k\u00f6nnen wir dar\u00fcber hinaus Garten-Fachberatung durch die Zusammenarbeit mit Fachleuten anbieten, die auf Anfrage auch Vorortbesichtigungen und Bepflanzungs- und Instandhaltungsarbeiten ausf\u00fchren. <\/p>\n<\/div><\/div>\n","protected":false},"excerpt":{"rendered":"<p>KAUFUNTERST\u00dcTZUNG In allen unseren G\u00e4rtnereien finden Sie Fachpersonal, das auf die Kenntnis von Zierpflanzen spezialisiert ist und das Ihnen in jeder Phase Ihrer Wahl zur Seite steht und Ihnen die bestm\u00f6gliche Lieferung f\u00fcr Ihre Bed\u00fcrfnisse empfiehlt. INLAND- UND INTERNATIONALER VERSAND Unsere Logistikabteilung organisiert komplette und Sammelladungen, unter dem Einsatz von eigenen Fahrzeugen und Fachspediteuren, die [&hellip;]<\/p>\n","protected":false},"author":1,"featured_media":176,"parent":0,"menu_order":0,"comment_status":"closed","ping_status":"closed","template":"","meta":{"_acf_changed":false,"footnotes":""},"class_list":["post-509","page","type-page","status-publish","has-post-thumbnail","hentry"],"acf":[],"yoast_head":"<!-- This site is optimized with the Yoast SEO plugin v23.3 - https:\/\/yoast.com\/wordpress\/plugins\/seo\/ -->\n<title>DIENSTLEISTUNGEN - Arcangeli Giovanni e figlio<\/title>\n<meta name=\"robots\" content=\"index, follow, max-snippet:-1, max-image-preview:large, max-video-preview:-1\" \/>\n<link rel=\"canonical\" href=\"https:\/\/www.arcangeli.it\/de\/dienstleistungen\/\" \/>\n<meta property=\"og:locale\" content=\"de_DE\" \/>\n<meta property=\"og:type\" content=\"article\" \/>\n<meta property=\"og:title\" content=\"DIENSTLEISTUNGEN - Arcangeli Giovanni e figlio\" \/>\n<meta property=\"og:description\" content=\"KAUFUNTERST\u00dcTZUNG In allen unseren G\u00e4rtnereien finden Sie Fachpersonal, das auf die Kenntnis von Zierpflanzen spezialisiert ist und das Ihnen in jeder Phase Ihrer Wahl zur Seite steht und Ihnen die bestm\u00f6gliche Lieferung f\u00fcr Ihre Bed\u00fcrfnisse empfiehlt. INLAND- UND INTERNATIONALER VERSAND Unsere Logistikabteilung organisiert komplette und Sammelladungen, unter dem Einsatz von eigenen Fahrzeugen und Fachspediteuren, die [&hellip;]\" \/>\n<meta property=\"og:url\" content=\"https:\/\/www.arcangeli.it\/de\/dienstleistungen\/\" \/>\n<meta property=\"og:site_name\" content=\"Arcangeli Giovanni e figlio\" \/>\n<meta property=\"article:modified_time\" content=\"2020-03-27T15:34:16+00:00\" \/>\n<meta property=\"og:image\" content=\"https:\/\/www.arcangeli.it\/wp-content\/uploads\/2020\/01\/servizi-thumb.jpg\" \/>\n\t<meta property=\"og:image:width\" content=\"490\" \/>\n\t<meta property=\"og:image:height\" content=\"323\" \/>\n\t<meta property=\"og:image:type\" content=\"image\/jpeg\" \/>\n<meta name=\"twitter:card\" content=\"summary_large_image\" \/>\n<meta name=\"twitter:label1\" content=\"Est. reading time\" \/>\n\t<meta name=\"twitter:data1\" content=\"1 minute\" \/>\n<script type=\"application\/ld+json\" class=\"yoast-schema-graph\">{\"@context\":\"https:\/\/schema.org\",\"@graph\":[{\"@type\":\"WebPage\",\"@id\":\"https:\/\/www.arcangeli.it\/de\/dienstleistungen\/\",\"url\":\"https:\/\/www.arcangeli.it\/de\/dienstleistungen\/\",\"name\":\"DIENSTLEISTUNGEN - Arcangeli Giovanni e figlio\",\"isPartOf\":{\"@id\":\"https:\/\/www.arcangeli.it\/de\/#website\"},\"primaryImageOfPage\":{\"@id\":\"https:\/\/www.arcangeli.it\/de\/dienstleistungen\/#primaryimage\"},\"image\":{\"@id\":\"https:\/\/www.arcangeli.it\/de\/dienstleistungen\/#primaryimage\"},\"thumbnailUrl\":\"https:\/\/www.arcangeli.it\/wp-content\/uploads\/2020\/01\/servizi-thumb.jpg\",\"datePublished\":\"2020-03-27T15:34:15+00:00\",\"dateModified\":\"2020-03-27T15:34:16+00:00\",\"breadcrumb\":{\"@id\":\"https:\/\/www.arcangeli.it\/de\/dienstleistungen\/#breadcrumb\"},\"inLanguage\":\"de-DE\",\"potentialAction\":[{\"@type\":\"ReadAction\",\"target\":[\"https:\/\/www.arcangeli.it\/de\/dienstleistungen\/\"]}]},{\"@type\":\"ImageObject\",\"inLanguage\":\"de-DE\",\"@id\":\"https:\/\/www.arcangeli.it\/de\/dienstleistungen\/#primaryimage\",\"url\":\"https:\/\/www.arcangeli.it\/wp-content\/uploads\/2020\/01\/servizi-thumb.jpg\",\"contentUrl\":\"https:\/\/www.arcangeli.it\/wp-content\/uploads\/2020\/01\/servizi-thumb.jpg\",\"width\":490,\"height\":323},{\"@type\":\"BreadcrumbList\",\"@id\":\"https:\/\/www.arcangeli.it\/de\/dienstleistungen\/#breadcrumb\",\"itemListElement\":[{\"@type\":\"ListItem\",\"position\":1,\"name\":\"Home\",\"item\":\"https:\/\/www.arcangeli.it\/de\/\"},{\"@type\":\"ListItem\",\"position\":2,\"name\":\"DIENSTLEISTUNGEN\"}]},{\"@type\":\"WebSite\",\"@id\":\"https:\/\/www.arcangeli.it\/de\/#website\",\"url\":\"https:\/\/www.arcangeli.it\/de\/\",\"name\":\"Arcangeli Giovanni e figlio\",\"description\":\"\",\"publisher\":{\"@id\":\"https:\/\/www.arcangeli.it\/de\/#organization\"},\"potentialAction\":[{\"@type\":\"SearchAction\",\"target\":{\"@type\":\"EntryPoint\",\"urlTemplate\":\"https:\/\/www.arcangeli.it\/de\/?s={search_term_string}\"},\"query-input\":\"required name=search_term_string\"}],\"inLanguage\":\"de-DE\"},{\"@type\":\"Organization\",\"@id\":\"https:\/\/www.arcangeli.it\/de\/#organization\",\"name\":\"Arcangeli Giovanni e figlio\",\"url\":\"https:\/\/www.arcangeli.it\/de\/\",\"logo\":{\"@type\":\"ImageObject\",\"inLanguage\":\"de-DE\",\"@id\":\"https:\/\/www.arcangeli.it\/de\/#\/schema\/logo\/image\/\",\"url\":\"https:\/\/www.arcangeli.it\/wp-content\/uploads\/2019\/12\/arcangeli-logo.png\",\"contentUrl\":\"https:\/\/www.arcangeli.it\/wp-content\/uploads\/2019\/12\/arcangeli-logo.png\",\"width\":476,\"height\":91,\"caption\":\"Arcangeli Giovanni e figlio\"},\"image\":{\"@id\":\"https:\/\/www.arcangeli.it\/de\/#\/schema\/logo\/image\/\"}}]}<\/script>\n<!-- \/ Yoast SEO plugin. -->","yoast_head_json":{"title":"DIENSTLEISTUNGEN - Arcangeli Giovanni e figlio","robots":{"index":"index","follow":"follow","max-snippet":"max-snippet:-1","max-image-preview":"max-image-preview:large","max-video-preview":"max-video-preview:-1"},"canonical":"https:\/\/www.arcangeli.it\/de\/dienstleistungen\/","og_locale":"de_DE","og_type":"article","og_title":"DIENSTLEISTUNGEN - Arcangeli Giovanni e figlio","og_description":"KAUFUNTERST\u00dcTZUNG In allen unseren G\u00e4rtnereien finden Sie Fachpersonal, das auf die Kenntnis von Zierpflanzen spezialisiert ist und das Ihnen in jeder Phase Ihrer Wahl zur Seite steht und Ihnen die bestm\u00f6gliche Lieferung f\u00fcr Ihre Bed\u00fcrfnisse empfiehlt. INLAND- UND INTERNATIONALER VERSAND Unsere Logistikabteilung organisiert komplette und Sammelladungen, unter dem Einsatz von eigenen Fahrzeugen und Fachspediteuren, die [&hellip;]","og_url":"https:\/\/www.arcangeli.it\/de\/dienstleistungen\/","og_site_name":"Arcangeli Giovanni e figlio","article_modified_time":"2020-03-27T15:34:16+00:00","og_image":[{"width":490,"height":323,"url":"https:\/\/www.arcangeli.it\/wp-content\/uploads\/2020\/01\/servizi-thumb.jpg","type":"image\/jpeg"}],"twitter_card":"summary_large_image","twitter_misc":{"Est. reading time":"1 minute"},"schema":{"@context":"https:\/\/schema.org","@graph":[{"@type":"WebPage","@id":"https:\/\/www.arcangeli.it\/de\/dienstleistungen\/","url":"https:\/\/www.arcangeli.it\/de\/dienstleistungen\/","name":"DIENSTLEISTUNGEN - Arcangeli Giovanni e figlio","isPartOf":{"@id":"https:\/\/www.arcangeli.it\/de\/#website"},"primaryImageOfPage":{"@id":"https:\/\/www.arcangeli.it\/de\/dienstleistungen\/#primaryimage"},"image":{"@id":"https:\/\/www.arcangeli.it\/de\/dienstleistungen\/#primaryimage"},"thumbnailUrl":"https:\/\/www.arcangeli.it\/wp-content\/uploads\/2020\/01\/servizi-thumb.jpg","datePublished":"2020-03-27T15:34:15+00:00","dateModified":"2020-03-27T15:34:16+00:00","breadcrumb":{"@id":"https:\/\/www.arcangeli.it\/de\/dienstleistungen\/#breadcrumb"},"inLanguage":"de-DE","potentialAction":[{"@type":"ReadAction","target":["https:\/\/www.arcangeli.it\/de\/dienstleistungen\/"]}]},{"@type":"ImageObject","inLanguage":"de-DE","@id":"https:\/\/www.arcangeli.it\/de\/dienstleistungen\/#primaryimage","url":"https:\/\/www.arcangeli.it\/wp-content\/uploads\/2020\/01\/servizi-thumb.jpg","contentUrl":"https:\/\/www.arcangeli.it\/wp-content\/uploads\/2020\/01\/servizi-thumb.jpg","width":490,"height":323},{"@type":"BreadcrumbList","@id":"https:\/\/www.arcangeli.it\/de\/dienstleistungen\/#breadcrumb","itemListElement":[{"@type":"ListItem","position":1,"name":"Home","item":"https:\/\/www.arcangeli.it\/de\/"},{"@type":"ListItem","position":2,"name":"DIENSTLEISTUNGEN"}]},{"@type":"WebSite","@id":"https:\/\/www.arcangeli.it\/de\/#website","url":"https:\/\/www.arcangeli.it\/de\/","name":"Arcangeli Giovanni e figlio","description":"","publisher":{"@id":"https:\/\/www.arcangeli.it\/de\/#organization"},"potentialAction":[{"@type":"SearchAction","target":{"@type":"EntryPoint","urlTemplate":"https:\/\/www.arcangeli.it\/de\/?s={search_term_string}"},"query-input":"required name=search_term_string"}],"inLanguage":"de-DE"},{"@type":"Organization","@id":"https:\/\/www.arcangeli.it\/de\/#organization","name":"Arcangeli Giovanni e figlio","url":"https:\/\/www.arcangeli.it\/de\/","logo":{"@type":"ImageObject","inLanguage":"de-DE","@id":"https:\/\/www.arcangeli.it\/de\/#\/schema\/logo\/image\/","url":"https:\/\/www.arcangeli.it\/wp-content\/uploads\/2019\/12\/arcangeli-logo.png","contentUrl":"https:\/\/www.arcangeli.it\/wp-content\/uploads\/2019\/12\/arcangeli-logo.png","width":476,"height":91,"caption":"Arcangeli Giovanni e figlio"},"image":{"@id":"https:\/\/www.arcangeli.it\/de\/#\/schema\/logo\/image\/"}}]}},"_links":{"self":[{"href":"https:\/\/www.arcangeli.it\/de\/wp-json\/wp\/v2\/pages\/509","targetHints":{"allow":["GET"]}}],"collection":[{"href":"https:\/\/www.arcangeli.it\/de\/wp-json\/wp\/v2\/pages"}],"about":[{"href":"https:\/\/www.arcangeli.it\/de\/wp-json\/wp\/v2\/types\/page"}],"author":[{"embeddable":true,"href":"https:\/\/www.arcangeli.it\/de\/wp-json\/wp\/v2\/users\/1"}],"replies":[{"embeddable":true,"href":"https:\/\/www.arcangeli.it\/de\/wp-json\/wp\/v2\/comments?post=509"}],"version-history":[{"count":1,"href":"https:\/\/www.arcangeli.it\/de\/wp-json\/wp\/v2\/pages\/509\/revisions"}],"predecessor-version":[{"id":510,"href":"https:\/\/www.arcangeli.it\/de\/wp-json\/wp\/v2\/pages\/509\/revisions\/510"}],"wp:featuredmedia":[{"embeddable":true,"href":"https:\/\/www.arcangeli.it\/de\/wp-json\/wp\/v2\/media\/176"}],"wp:attachment":[{"href":"https:\/\/www.arcangeli.it\/de\/wp-json\/wp\/v2\/media?parent=509"}],"curies":[{"name":"wp","href":"https:\/\/api.w.org\/{rel}","templated":true}]}}