{"id":515,"date":"2020-03-27T16:39:55","date_gmt":"2020-03-27T15:39:55","guid":{"rendered":"https:\/\/www.arcangeli.it\/home\/"},"modified":"2020-03-27T16:39:55","modified_gmt":"2020-03-27T15:39:55","slug":"home","status":"publish","type":"page","link":"https:\/\/www.arcangeli.it\/es\/","title":{"rendered":"Home"},"content":{"rendered":"\n<h2 class=\"has-text-align-center font-weight-lighter py-4 wp-block-heading\">VIVEROS ORNAMENTALES EN TOSCANA DESDE 1930<\/h2>\n\n<p class=\"has-text-align-center\">Nuestras plantas y nuestros \u00e1rboles ornamentales est\u00e1n presentes hoy en el mundo entero, pero nuestra historia hunde sus ra\u00edces en la Toscana aut\u00e9ntica, en el coraz\u00f3n de la tradici\u00f3n viverista de la zona de Pistoia. Desde hace noventa a\u00f1os, cultivamos el amor por nuestra tierra y su paisaje, que hemos contribuido a preservar y a dar a conocer a nivel internacional.<\/p>\n","protected":false},"excerpt":{"rendered":"<p>VIVEROS ORNAMENTALES EN TOSCANA DESDE 1930 Nuestras plantas y nuestros \u00e1rboles ornamentales est\u00e1n presentes hoy en el mundo entero, pero nuestra historia hunde sus ra\u00edces en la Toscana aut\u00e9ntica, en el coraz\u00f3n de la tradici\u00f3n viverista de la zona de Pistoia. Desde hace noventa a\u00f1os, cultivamos el amor por nuestra tierra y su paisaje, que [&hellip;]<\/p>\n","protected":false},"author":1,"featured_media":0,"parent":0,"menu_order":0,"comment_status":"closed","ping_status":"closed","template":"templates-default\/tpl-front-page.php","meta":{"_acf_changed":false,"footnotes":""},"class_list":["post-515","page","type-page","status-publish","hentry"],"acf":[],"yoast_head":"<!-- This site is optimized with the Yoast SEO plugin v23.3 - https:\/\/yoast.com\/wordpress\/plugins\/seo\/ -->\n<title>Home - Arcangeli Giovanni e figlio<\/title>\n<meta name=\"robots\" content=\"index, follow, max-snippet:-1, max-image-preview:large, max-video-preview:-1\" \/>\n<link rel=\"canonical\" href=\"https:\/\/www.arcangeli.it\/es\/\" \/>\n<meta property=\"og:locale\" content=\"es_ES\" \/>\n<meta property=\"og:type\" content=\"article\" \/>\n<meta property=\"og:title\" content=\"Home - Arcangeli Giovanni e figlio\" \/>\n<meta property=\"og:description\" content=\"VIVEROS ORNAMENTALES EN TOSCANA DESDE 1930 Nuestras plantas y nuestros \u00e1rboles ornamentales est\u00e1n presentes hoy en el mundo entero, pero nuestra historia hunde sus ra\u00edces en la Toscana aut\u00e9ntica, en el coraz\u00f3n de la tradici\u00f3n viverista de la zona de Pistoia. Desde hace noventa a\u00f1os, cultivamos el amor por nuestra tierra y su paisaje, que [&hellip;]\" \/>\n<meta property=\"og:url\" content=\"https:\/\/www.arcangeli.it\/es\/\" \/>\n<meta property=\"og:site_name\" content=\"Arcangeli Giovanni e figlio\" \/>\n<meta name=\"twitter:card\" content=\"summary_large_image\" \/>\n<script type=\"application\/ld+json\" class=\"yoast-schema-graph\">{\"@context\":\"https:\/\/schema.org\",\"@graph\":[{\"@type\":\"WebPage\",\"@id\":\"https:\/\/www.arcangeli.it\/es\/\",\"url\":\"https:\/\/www.arcangeli.it\/es\/\",\"name\":\"Home - Arcangeli Giovanni e figlio\",\"isPartOf\":{\"@id\":\"https:\/\/www.arcangeli.it\/es\/#website\"},\"datePublished\":\"2020-03-27T15:39:55+00:00\",\"dateModified\":\"2020-03-27T15:39:55+00:00\",\"breadcrumb\":{\"@id\":\"https:\/\/www.arcangeli.it\/es\/#breadcrumb\"},\"inLanguage\":\"es-ES\",\"potentialAction\":[{\"@type\":\"ReadAction\",\"target\":[\"https:\/\/www.arcangeli.it\/es\/\"]}]},{\"@type\":\"BreadcrumbList\",\"@id\":\"https:\/\/www.arcangeli.it\/es\/#breadcrumb\",\"itemListElement\":[{\"@type\":\"ListItem\",\"position\":1,\"name\":\"Home\",\"item\":\"https:\/\/www.arcangeli.it\/es\/\"},{\"@type\":\"ListItem\",\"position\":2,\"name\":\"Home\"}]},{\"@type\":\"WebSite\",\"@id\":\"https:\/\/www.arcangeli.it\/es\/#website\",\"url\":\"https:\/\/www.arcangeli.it\/es\/\",\"name\":\"Arcangeli Giovanni e figlio\",\"description\":\"\",\"publisher\":{\"@id\":\"https:\/\/www.arcangeli.it\/es\/#organization\"},\"potentialAction\":[{\"@type\":\"SearchAction\",\"target\":{\"@type\":\"EntryPoint\",\"urlTemplate\":\"https:\/\/www.arcangeli.it\/es\/?s={search_term_string}\"},\"query-input\":\"required name=search_term_string\"}],\"inLanguage\":\"es-ES\"},{\"@type\":\"Organization\",\"@id\":\"https:\/\/www.arcangeli.it\/es\/#organization\",\"name\":\"Arcangeli Giovanni e figlio\",\"url\":\"https:\/\/www.arcangeli.it\/es\/\",\"logo\":{\"@type\":\"ImageObject\",\"inLanguage\":\"es-ES\",\"@id\":\"https:\/\/www.arcangeli.it\/es\/#\/schema\/logo\/image\/\",\"url\":\"https:\/\/www.arcangeli.it\/wp-content\/uploads\/2019\/12\/arcangeli-logo.png\",\"contentUrl\":\"https:\/\/www.arcangeli.it\/wp-content\/uploads\/2019\/12\/arcangeli-logo.png\",\"width\":476,\"height\":91,\"caption\":\"Arcangeli Giovanni e figlio\"},\"image\":{\"@id\":\"https:\/\/www.arcangeli.it\/es\/#\/schema\/logo\/image\/\"}}]}<\/script>\n<!-- \/ Yoast SEO plugin. -->","yoast_head_json":{"title":"Home - Arcangeli Giovanni e figlio","robots":{"index":"index","follow":"follow","max-snippet":"max-snippet:-1","max-image-preview":"max-image-preview:large","max-video-preview":"max-video-preview:-1"},"canonical":"https:\/\/www.arcangeli.it\/es\/","og_locale":"es_ES","og_type":"article","og_title":"Home - Arcangeli Giovanni e figlio","og_description":"VIVEROS ORNAMENTALES EN TOSCANA DESDE 1930 Nuestras plantas y nuestros \u00e1rboles ornamentales est\u00e1n presentes hoy en el mundo entero, pero nuestra historia hunde sus ra\u00edces en la Toscana aut\u00e9ntica, en el coraz\u00f3n de la tradici\u00f3n viverista de la zona de Pistoia. Desde hace noventa a\u00f1os, cultivamos el amor por nuestra tierra y su paisaje, que [&hellip;]","og_url":"https:\/\/www.arcangeli.it\/es\/","og_site_name":"Arcangeli Giovanni e figlio","twitter_card":"summary_large_image","schema":{"@context":"https:\/\/schema.org","@graph":[{"@type":"WebPage","@id":"https:\/\/www.arcangeli.it\/es\/","url":"https:\/\/www.arcangeli.it\/es\/","name":"Home - Arcangeli Giovanni e figlio","isPartOf":{"@id":"https:\/\/www.arcangeli.it\/es\/#website"},"datePublished":"2020-03-27T15:39:55+00:00","dateModified":"2020-03-27T15:39:55+00:00","breadcrumb":{"@id":"https:\/\/www.arcangeli.it\/es\/#breadcrumb"},"inLanguage":"es-ES","potentialAction":[{"@type":"ReadAction","target":["https:\/\/www.arcangeli.it\/es\/"]}]},{"@type":"BreadcrumbList","@id":"https:\/\/www.arcangeli.it\/es\/#breadcrumb","itemListElement":[{"@type":"ListItem","position":1,"name":"Home","item":"https:\/\/www.arcangeli.it\/es\/"},{"@type":"ListItem","position":2,"name":"Home"}]},{"@type":"WebSite","@id":"https:\/\/www.arcangeli.it\/es\/#website","url":"https:\/\/www.arcangeli.it\/es\/","name":"Arcangeli Giovanni e figlio","description":"","publisher":{"@id":"https:\/\/www.arcangeli.it\/es\/#organization"},"potentialAction":[{"@type":"SearchAction","target":{"@type":"EntryPoint","urlTemplate":"https:\/\/www.arcangeli.it\/es\/?s={search_term_string}"},"query-input":"required name=search_term_string"}],"inLanguage":"es-ES"},{"@type":"Organization","@id":"https:\/\/www.arcangeli.it\/es\/#organization","name":"Arcangeli Giovanni e figlio","url":"https:\/\/www.arcangeli.it\/es\/","logo":{"@type":"ImageObject","inLanguage":"es-ES","@id":"https:\/\/www.arcangeli.it\/es\/#\/schema\/logo\/image\/","url":"https:\/\/www.arcangeli.it\/wp-content\/uploads\/2019\/12\/arcangeli-logo.png","contentUrl":"https:\/\/www.arcangeli.it\/wp-content\/uploads\/2019\/12\/arcangeli-logo.png","width":476,"height":91,"caption":"Arcangeli Giovanni e figlio"},"image":{"@id":"https:\/\/www.arcangeli.it\/es\/#\/schema\/logo\/image\/"}}]}},"_links":{"self":[{"href":"https:\/\/www.arcangeli.it\/es\/wp-json\/wp\/v2\/pages\/515","targetHints":{"allow":["GET"]}}],"collection":[{"href":"https:\/\/www.arcangeli.it\/es\/wp-json\/wp\/v2\/pages"}],"about":[{"href":"https:\/\/www.arcangeli.it\/es\/wp-json\/wp\/v2\/types\/page"}],"author":[{"embeddable":true,"href":"https:\/\/www.arcangeli.it\/es\/wp-json\/wp\/v2\/users\/1"}],"replies":[{"embeddable":true,"href":"https:\/\/www.arcangeli.it\/es\/wp-json\/wp\/v2\/comments?post=515"}],"version-history":[{"count":1,"href":"https:\/\/www.arcangeli.it\/es\/wp-json\/wp\/v2\/pages\/515\/revisions"}],"predecessor-version":[{"id":516,"href":"https:\/\/www.arcangeli.it\/es\/wp-json\/wp\/v2\/pages\/515\/revisions\/516"}],"wp:attachment":[{"href":"https:\/\/www.arcangeli.it\/es\/wp-json\/wp\/v2\/media?parent=515"}],"curies":[{"name":"wp","href":"https:\/\/api.w.org\/{rel}","templated":true}]}}