{"id":517,"date":"2020-03-27T16:45:08","date_gmt":"2020-03-27T15:45:08","guid":{"rendered":"https:\/\/www.arcangeli.it\/nuestros-viveros\/"},"modified":"2020-04-01T09:22:44","modified_gmt":"2020-04-01T07:22:44","slug":"nuestros-viveros","status":"publish","type":"page","link":"https:\/\/www.arcangeli.it\/es\/nuestros-viveros\/","title":{"rendered":"Nuestros Viveros"},"content":{"rendered":"\n<p class=\"has-text-align-center mb-5\">Nuestra tierra, nuestro orgullo. Gracias a cinco grandes viveros, todos ubicados en la Toscana, podemos suministrarle una cantidad y variedad de plantas que hoy es uno de los patrimonios verdes m\u00e1s preciados de Italia.<\/p>\n<style>.wp-block-kadence-advancedgallery .kb-gallery-type-grid.kb-gallery-id-_31b6a7-41{margin:-5px;}.kb-gallery-type-grid.kb-gallery-id-_31b6a7-41 .kadence-blocks-gallery-item{padding:5px;}.kb-gallery-id-_31b6a7-41 .kadence-blocks-gallery-item .kb-gal-image-radius, .kb-gallery-id-_31b6a7-41 .kb-slide-item .kb-gal-image-radius img{border-radius:0px 0px 0px 0px;;}.kb-gallery-id-_31b6a7-41 .kadence-blocks-gallery-item .kadence-blocks-gallery-item-inner .kadence-blocks-gallery-item__caption{color:#313131;}.kb-gallery-caption-style-cover-hover.kb-gallery-id-_31b6a7-41 .kadence-blocks-gallery-item .kadence-blocks-gallery-item-inner .kadence-blocks-gallery-item__caption, .kb-gallery-caption-style-below.kb-gallery-id-_31b6a7-41 .kadence-blocks-gallery-item .kadence-blocks-gallery-item-inner .kadence-blocks-gallery-item__caption{background:rgba(255, 255, 255, 0.5);}<\/style><div class=\"kb-gallery-wrap-id-_31b6a7-41 alignnone wp-block-kadence-advancedgallery\"><ul class=\"kb-gallery-ul kb-gallery-non-static kb-gallery-type-grid kb-gallery-id-_31b6a7-41 kb-gallery-caption-style-below kb-gallery-filter-none\" data-image-filter=\"none\" data-item-selector=\".kadence-blocks-gallery-item\" data-lightbox-caption=\"true\" data-columns-xxl=\"3\" data-columns-xl=\"3\" data-columns-md=\"3\" data-columns-sm=\"2\" data-columns-xs=\"1\" data-columns-ss=\"1\"><li class=\"kadence-blocks-gallery-item\"><div class=\"kadence-blocks-gallery-item-inner\"><figure class=\"kb-gallery-figure kadence-blocks-gallery-item-has-caption\"><div class=\"kb-gal-image-radius\"><div class=\"kb-gallery-image-contain kadence-blocks-gallery-intrinsic kb-gallery-image-ratio-land32 kb-has-image-ratio-land32\" ><img loading=\"lazy\" decoding=\"async\" width=\"490\" height=\"328\" src=\"https:\/\/www.arcangeli.it\/wp-content\/themes\/webag_3\/templates-default\/img\/t.png\" data-src=\"https:\/\/www.arcangeli.it\/wp-content\/uploads\/2020\/01\/vivaio-masiano.jpg\"   alt=\"\" data-full-image=\"https:\/\/www.arcangeli.it\/wp-content\/uploads\/2020\/01\/vivaio-masiano.jpg\" data-light-image=\"https:\/\/www.arcangeli.it\/wp-content\/uploads\/2020\/01\/vivaio-masiano.jpg\" data-id=\"226\" class=\"lazy wp-image-226\" data-srcset=\"https:\/\/www.arcangeli.it\/wp-content\/uploads\/2020\/01\/vivaio-masiano.jpg 490w, https:\/\/www.arcangeli.it\/wp-content\/uploads\/2020\/01\/vivaio-masiano-300x201.jpg 300w, https:\/\/www.arcangeli.it\/wp-content\/uploads\/2020\/01\/vivaio-masiano-150x100.jpg 150w\" sizes=\"auto, (max-width: 490px) 100vw, 490px\" \/><\/div><\/div><figcaption class=\"kadence-blocks-gallery-item__caption\"><strong>Vivero Masiano\n<\/strong><br>Aqu\u00ed est\u00e1n las oficinas administrativas y toda la log\u00edstica de la empresa; Desde aqu\u00ed organizamos los env\u00edos de sus plantas, de cuya calidad nos ocuparemos personalmente.<\/figcaption><\/figure><\/div><\/li><li class=\"kadence-blocks-gallery-item\"><div class=\"kadence-blocks-gallery-item-inner\"><figure class=\"kb-gallery-figure kadence-blocks-gallery-item-has-caption\"><div class=\"kb-gal-image-radius\"><div class=\"kb-gallery-image-contain kadence-blocks-gallery-intrinsic kb-gallery-image-ratio-land32 kb-has-image-ratio-land32\" ><img loading=\"lazy\" decoding=\"async\" width=\"490\" height=\"328\" src=\"https:\/\/www.arcangeli.it\/wp-content\/themes\/webag_3\/templates-default\/img\/t.png\" data-src=\"https:\/\/www.arcangeli.it\/wp-content\/uploads\/2020\/01\/vivaio-bonelle.jpg\"   alt=\"\" data-full-image=\"https:\/\/www.arcangeli.it\/wp-content\/uploads\/2020\/01\/vivaio-bonelle.jpg\" data-light-image=\"https:\/\/www.arcangeli.it\/wp-content\/uploads\/2020\/01\/vivaio-bonelle.jpg\" data-id=\"216\" class=\"lazy wp-image-216\" data-srcset=\"https:\/\/www.arcangeli.it\/wp-content\/uploads\/2020\/01\/vivaio-bonelle.jpg 490w, https:\/\/www.arcangeli.it\/wp-content\/uploads\/2020\/01\/vivaio-bonelle-300x201.jpg 300w, https:\/\/www.arcangeli.it\/wp-content\/uploads\/2020\/01\/vivaio-bonelle-150x100.jpg 150w\" sizes=\"auto, (max-width: 490px) 100vw, 490px\" \/><\/div><\/div><figcaption class=\"kadence-blocks-gallery-item__caption\"><strong>Vivero Bonelle<\/strong><br>\n\nNuestra visita contin\u00faa en el Vivero de Bonelle, especializado en la producci\u00f3n de plantas de tama\u00f1o peque\u00f1o as\u00ed como de plantas de jardiner\u00eda. Aqu\u00ed usted podr\u00e1 encontrar entre otras especies, cupressus sempervirens, chamaerops humilis y excelsa ejemplar.<\/figcaption><\/figure><\/div><\/li><li class=\"kadence-blocks-gallery-item\"><div class=\"kadence-blocks-gallery-item-inner\"><figure class=\"kb-gallery-figure kadence-blocks-gallery-item-has-caption\"><div class=\"kb-gal-image-radius\"><div class=\"kb-gallery-image-contain kadence-blocks-gallery-intrinsic kb-gallery-image-ratio-land32 kb-has-image-ratio-land32\" ><img loading=\"lazy\" decoding=\"async\" width=\"490\" height=\"328\" src=\"https:\/\/www.arcangeli.it\/wp-content\/themes\/webag_3\/templates-default\/img\/t.png\" data-src=\"https:\/\/www.arcangeli.it\/wp-content\/uploads\/2020\/01\/vivaio-pontassio.jpg\"   alt=\"\" data-full-image=\"https:\/\/www.arcangeli.it\/wp-content\/uploads\/2020\/01\/vivaio-pontassio.jpg\" data-light-image=\"https:\/\/www.arcangeli.it\/wp-content\/uploads\/2020\/01\/vivaio-pontassio.jpg\" data-id=\"231\" class=\"lazy wp-image-231\" data-srcset=\"https:\/\/www.arcangeli.it\/wp-content\/uploads\/2020\/01\/vivaio-pontassio.jpg 490w, https:\/\/www.arcangeli.it\/wp-content\/uploads\/2020\/01\/vivaio-pontassio-300x201.jpg 300w, https:\/\/www.arcangeli.it\/wp-content\/uploads\/2020\/01\/vivaio-pontassio-150x100.jpg 150w\" sizes=\"auto, (max-width: 490px) 100vw, 490px\" \/><\/div><\/div><figcaption class=\"kadence-blocks-gallery-item__caption\"><strong>Vivero Pontassio<\/strong><br>\n<div class=\"quadro_txt\">\n\nContinuamos la visita en los alrededores de Pist\u00f3ia, legamos al vivero de Pontassio, conocido por la producci\u00f3n de Cupressocyparis leylandii verdes, Cupressus sempervirens, Photinia, Bambusa y otras variedades de plantas.\n\n<\/div><\/figcaption><\/figure><\/div><\/li><li class=\"kadence-blocks-gallery-item\"><div class=\"kadence-blocks-gallery-item-inner\"><figure class=\"kb-gallery-figure kadence-blocks-gallery-item-has-caption\"><div class=\"kb-gal-image-radius\"><div class=\"kb-gallery-image-contain kadence-blocks-gallery-intrinsic kb-gallery-image-ratio-land32 kb-has-image-ratio-land32\" ><img loading=\"lazy\" decoding=\"async\" width=\"490\" height=\"328\" src=\"https:\/\/www.arcangeli.it\/wp-content\/themes\/webag_3\/templates-default\/img\/t.png\" data-src=\"https:\/\/www.arcangeli.it\/wp-content\/uploads\/2020\/01\/vivaio-fattoria-pedicino.jpg\"   alt=\"\" data-full-image=\"https:\/\/www.arcangeli.it\/wp-content\/uploads\/2020\/01\/vivaio-fattoria-pedicino.jpg\" data-light-image=\"https:\/\/www.arcangeli.it\/wp-content\/uploads\/2020\/01\/vivaio-fattoria-pedicino.jpg\" data-id=\"221\" class=\"lazy wp-image-221\" data-srcset=\"https:\/\/www.arcangeli.it\/wp-content\/uploads\/2020\/01\/vivaio-fattoria-pedicino.jpg 490w, https:\/\/www.arcangeli.it\/wp-content\/uploads\/2020\/01\/vivaio-fattoria-pedicino-300x201.jpg 300w, https:\/\/www.arcangeli.it\/wp-content\/uploads\/2020\/01\/vivaio-fattoria-pedicino-150x100.jpg 150w\" sizes=\"auto, (max-width: 490px) 100vw, 490px\" \/><\/div><\/div><figcaption class=\"kadence-blocks-gallery-item__caption\"><strong>Vivero Fattoria e Pedicino<\/strong><br>\n<div class=\"quadro_txt\">\n\nAlej\u00e1ndonos unos kil\u00f3metros, les ense\u00f1aremos nuestros viveros \u201cFattoria\u201d y \u201cPedicino\u201d, donde usted podr\u00e1 encontrar plantas y \u00e1rboles de todo tipo.\n\n<\/div><\/figcaption><\/figure><\/div><\/li><li class=\"kadence-blocks-gallery-item\"><div class=\"kadence-blocks-gallery-item-inner\"><figure class=\"kb-gallery-figure kadence-blocks-gallery-item-has-caption\"><div class=\"kb-gal-image-radius\"><div class=\"kb-gallery-image-contain kadence-blocks-gallery-intrinsic kb-gallery-image-ratio-land32 kb-has-image-ratio-land32\" ><img loading=\"lazy\" decoding=\"async\" width=\"490\" height=\"328\" src=\"https:\/\/www.arcangeli.it\/wp-content\/themes\/webag_3\/templates-default\/img\/t.png\" data-src=\"https:\/\/www.arcangeli.it\/wp-content\/uploads\/2020\/01\/vivaio-san-vincenzo.jpg\"   alt=\"\" data-full-image=\"https:\/\/www.arcangeli.it\/wp-content\/uploads\/2020\/01\/vivaio-san-vincenzo.jpg\" data-light-image=\"https:\/\/www.arcangeli.it\/wp-content\/uploads\/2020\/01\/vivaio-san-vincenzo.jpg\" data-id=\"211\" class=\"lazy wp-image-211\" data-srcset=\"https:\/\/www.arcangeli.it\/wp-content\/uploads\/2020\/01\/vivaio-san-vincenzo.jpg 490w, https:\/\/www.arcangeli.it\/wp-content\/uploads\/2020\/01\/vivaio-san-vincenzo-300x201.jpg 300w, https:\/\/www.arcangeli.it\/wp-content\/uploads\/2020\/01\/vivaio-san-vincenzo-150x100.jpg 150w\" sizes=\"auto, (max-width: 490px) 100vw, 490px\" \/><\/div><\/div><figcaption class=\"kadence-blocks-gallery-item__caption\"><strong>Vivero\u00a0San Vincenzo\n<\/strong><br>\n&#8230;&#8230;y si no tiene prisa y est\u00e1 interesado en la producci\u00f3n de plantas mediterr\u00e1neas, en el sur de la Toscana, cerca del mar de Livorno, podr\u00e1 visitar nuestro vivero de San Vincenzo, donde producimos Olea europaea, Oleander de nerium, Phormium, Washingtonia y Chamaerops.<\/figcaption><\/figure><\/div><\/li><\/ul><\/div>","protected":false},"excerpt":{"rendered":"<p>Nuestra tierra, nuestro orgullo. Gracias a cinco grandes viveros, todos ubicados en la Toscana, podemos suministrarle una cantidad y variedad de plantas que hoy es uno de los patrimonios verdes m\u00e1s preciados de Italia.<\/p>\n","protected":false},"author":1,"featured_media":162,"parent":0,"menu_order":0,"comment_status":"closed","ping_status":"closed","template":"","meta":{"_acf_changed":false,"footnotes":""},"class_list":["post-517","page","type-page","status-publish","has-post-thumbnail","hentry"],"acf":[],"yoast_head":"<!-- This site is optimized with the Yoast SEO plugin v23.3 - https:\/\/yoast.com\/wordpress\/plugins\/seo\/ -->\n<title>Nuestros Viveros - Arcangeli Giovanni e figlio<\/title>\n<meta name=\"robots\" content=\"index, follow, max-snippet:-1, max-image-preview:large, max-video-preview:-1\" \/>\n<link rel=\"canonical\" href=\"https:\/\/www.arcangeli.it\/es\/nuestros-viveros\/\" \/>\n<meta property=\"og:locale\" content=\"es_ES\" \/>\n<meta property=\"og:type\" content=\"article\" \/>\n<meta property=\"og:title\" content=\"Nuestros Viveros - Arcangeli Giovanni e figlio\" \/>\n<meta property=\"og:description\" content=\"Nuestra tierra, nuestro orgullo. Gracias a cinco grandes viveros, todos ubicados en la Toscana, podemos suministrarle una cantidad y variedad de plantas que hoy es uno de los patrimonios verdes m\u00e1s preciados de Italia.\" \/>\n<meta property=\"og:url\" content=\"https:\/\/www.arcangeli.it\/es\/nuestros-viveros\/\" \/>\n<meta property=\"og:site_name\" content=\"Arcangeli Giovanni e figlio\" \/>\n<meta property=\"article:modified_time\" content=\"2020-04-01T07:22:44+00:00\" \/>\n<meta property=\"og:image\" content=\"https:\/\/www.arcangeli.it\/wp-content\/uploads\/2020\/01\/i-nostri-vivai-thumb.jpg\" \/>\n\t<meta property=\"og:image:width\" content=\"490\" \/>\n\t<meta property=\"og:image:height\" content=\"323\" \/>\n\t<meta property=\"og:image:type\" content=\"image\/jpeg\" \/>\n<meta name=\"twitter:card\" content=\"summary_large_image\" \/>\n<meta name=\"twitter:label1\" content=\"Est. reading time\" \/>\n\t<meta name=\"twitter:data1\" content=\"1 minute\" \/>\n<script type=\"application\/ld+json\" class=\"yoast-schema-graph\">{\"@context\":\"https:\/\/schema.org\",\"@graph\":[{\"@type\":\"WebPage\",\"@id\":\"https:\/\/www.arcangeli.it\/es\/nuestros-viveros\/\",\"url\":\"https:\/\/www.arcangeli.it\/es\/nuestros-viveros\/\",\"name\":\"Nuestros Viveros - Arcangeli Giovanni e figlio\",\"isPartOf\":{\"@id\":\"https:\/\/www.arcangeli.it\/es\/#website\"},\"primaryImageOfPage\":{\"@id\":\"https:\/\/www.arcangeli.it\/es\/nuestros-viveros\/#primaryimage\"},\"image\":{\"@id\":\"https:\/\/www.arcangeli.it\/es\/nuestros-viveros\/#primaryimage\"},\"thumbnailUrl\":\"https:\/\/www.arcangeli.it\/wp-content\/uploads\/2020\/01\/i-nostri-vivai-thumb.jpg\",\"datePublished\":\"2020-03-27T15:45:08+00:00\",\"dateModified\":\"2020-04-01T07:22:44+00:00\",\"breadcrumb\":{\"@id\":\"https:\/\/www.arcangeli.it\/es\/nuestros-viveros\/#breadcrumb\"},\"inLanguage\":\"es-ES\",\"potentialAction\":[{\"@type\":\"ReadAction\",\"target\":[\"https:\/\/www.arcangeli.it\/es\/nuestros-viveros\/\"]}]},{\"@type\":\"ImageObject\",\"inLanguage\":\"es-ES\",\"@id\":\"https:\/\/www.arcangeli.it\/es\/nuestros-viveros\/#primaryimage\",\"url\":\"https:\/\/www.arcangeli.it\/wp-content\/uploads\/2020\/01\/i-nostri-vivai-thumb.jpg\",\"contentUrl\":\"https:\/\/www.arcangeli.it\/wp-content\/uploads\/2020\/01\/i-nostri-vivai-thumb.jpg\",\"width\":490,\"height\":323},{\"@type\":\"BreadcrumbList\",\"@id\":\"https:\/\/www.arcangeli.it\/es\/nuestros-viveros\/#breadcrumb\",\"itemListElement\":[{\"@type\":\"ListItem\",\"position\":1,\"name\":\"Home\",\"item\":\"https:\/\/www.arcangeli.it\/es\/\"},{\"@type\":\"ListItem\",\"position\":2,\"name\":\"Nuestros Viveros\"}]},{\"@type\":\"WebSite\",\"@id\":\"https:\/\/www.arcangeli.it\/es\/#website\",\"url\":\"https:\/\/www.arcangeli.it\/es\/\",\"name\":\"Arcangeli Giovanni e figlio\",\"description\":\"\",\"publisher\":{\"@id\":\"https:\/\/www.arcangeli.it\/es\/#organization\"},\"potentialAction\":[{\"@type\":\"SearchAction\",\"target\":{\"@type\":\"EntryPoint\",\"urlTemplate\":\"https:\/\/www.arcangeli.it\/es\/?s={search_term_string}\"},\"query-input\":\"required name=search_term_string\"}],\"inLanguage\":\"es-ES\"},{\"@type\":\"Organization\",\"@id\":\"https:\/\/www.arcangeli.it\/es\/#organization\",\"name\":\"Arcangeli Giovanni e figlio\",\"url\":\"https:\/\/www.arcangeli.it\/es\/\",\"logo\":{\"@type\":\"ImageObject\",\"inLanguage\":\"es-ES\",\"@id\":\"https:\/\/www.arcangeli.it\/es\/#\/schema\/logo\/image\/\",\"url\":\"https:\/\/www.arcangeli.it\/wp-content\/uploads\/2019\/12\/arcangeli-logo.png\",\"contentUrl\":\"https:\/\/www.arcangeli.it\/wp-content\/uploads\/2019\/12\/arcangeli-logo.png\",\"width\":476,\"height\":91,\"caption\":\"Arcangeli Giovanni e figlio\"},\"image\":{\"@id\":\"https:\/\/www.arcangeli.it\/es\/#\/schema\/logo\/image\/\"}}]}<\/script>\n<!-- \/ Yoast SEO plugin. -->","yoast_head_json":{"title":"Nuestros Viveros - Arcangeli Giovanni e figlio","robots":{"index":"index","follow":"follow","max-snippet":"max-snippet:-1","max-image-preview":"max-image-preview:large","max-video-preview":"max-video-preview:-1"},"canonical":"https:\/\/www.arcangeli.it\/es\/nuestros-viveros\/","og_locale":"es_ES","og_type":"article","og_title":"Nuestros Viveros - Arcangeli Giovanni e figlio","og_description":"Nuestra tierra, nuestro orgullo. Gracias a cinco grandes viveros, todos ubicados en la Toscana, podemos suministrarle una cantidad y variedad de plantas que hoy es uno de los patrimonios verdes m\u00e1s preciados de Italia.","og_url":"https:\/\/www.arcangeli.it\/es\/nuestros-viveros\/","og_site_name":"Arcangeli Giovanni e figlio","article_modified_time":"2020-04-01T07:22:44+00:00","og_image":[{"width":490,"height":323,"url":"https:\/\/www.arcangeli.it\/wp-content\/uploads\/2020\/01\/i-nostri-vivai-thumb.jpg","type":"image\/jpeg"}],"twitter_card":"summary_large_image","twitter_misc":{"Est. reading time":"1 minute"},"schema":{"@context":"https:\/\/schema.org","@graph":[{"@type":"WebPage","@id":"https:\/\/www.arcangeli.it\/es\/nuestros-viveros\/","url":"https:\/\/www.arcangeli.it\/es\/nuestros-viveros\/","name":"Nuestros Viveros - Arcangeli Giovanni e figlio","isPartOf":{"@id":"https:\/\/www.arcangeli.it\/es\/#website"},"primaryImageOfPage":{"@id":"https:\/\/www.arcangeli.it\/es\/nuestros-viveros\/#primaryimage"},"image":{"@id":"https:\/\/www.arcangeli.it\/es\/nuestros-viveros\/#primaryimage"},"thumbnailUrl":"https:\/\/www.arcangeli.it\/wp-content\/uploads\/2020\/01\/i-nostri-vivai-thumb.jpg","datePublished":"2020-03-27T15:45:08+00:00","dateModified":"2020-04-01T07:22:44+00:00","breadcrumb":{"@id":"https:\/\/www.arcangeli.it\/es\/nuestros-viveros\/#breadcrumb"},"inLanguage":"es-ES","potentialAction":[{"@type":"ReadAction","target":["https:\/\/www.arcangeli.it\/es\/nuestros-viveros\/"]}]},{"@type":"ImageObject","inLanguage":"es-ES","@id":"https:\/\/www.arcangeli.it\/es\/nuestros-viveros\/#primaryimage","url":"https:\/\/www.arcangeli.it\/wp-content\/uploads\/2020\/01\/i-nostri-vivai-thumb.jpg","contentUrl":"https:\/\/www.arcangeli.it\/wp-content\/uploads\/2020\/01\/i-nostri-vivai-thumb.jpg","width":490,"height":323},{"@type":"BreadcrumbList","@id":"https:\/\/www.arcangeli.it\/es\/nuestros-viveros\/#breadcrumb","itemListElement":[{"@type":"ListItem","position":1,"name":"Home","item":"https:\/\/www.arcangeli.it\/es\/"},{"@type":"ListItem","position":2,"name":"Nuestros Viveros"}]},{"@type":"WebSite","@id":"https:\/\/www.arcangeli.it\/es\/#website","url":"https:\/\/www.arcangeli.it\/es\/","name":"Arcangeli Giovanni e figlio","description":"","publisher":{"@id":"https:\/\/www.arcangeli.it\/es\/#organization"},"potentialAction":[{"@type":"SearchAction","target":{"@type":"EntryPoint","urlTemplate":"https:\/\/www.arcangeli.it\/es\/?s={search_term_string}"},"query-input":"required name=search_term_string"}],"inLanguage":"es-ES"},{"@type":"Organization","@id":"https:\/\/www.arcangeli.it\/es\/#organization","name":"Arcangeli Giovanni e figlio","url":"https:\/\/www.arcangeli.it\/es\/","logo":{"@type":"ImageObject","inLanguage":"es-ES","@id":"https:\/\/www.arcangeli.it\/es\/#\/schema\/logo\/image\/","url":"https:\/\/www.arcangeli.it\/wp-content\/uploads\/2019\/12\/arcangeli-logo.png","contentUrl":"https:\/\/www.arcangeli.it\/wp-content\/uploads\/2019\/12\/arcangeli-logo.png","width":476,"height":91,"caption":"Arcangeli Giovanni e figlio"},"image":{"@id":"https:\/\/www.arcangeli.it\/es\/#\/schema\/logo\/image\/"}}]}},"_links":{"self":[{"href":"https:\/\/www.arcangeli.it\/es\/wp-json\/wp\/v2\/pages\/517","targetHints":{"allow":["GET"]}}],"collection":[{"href":"https:\/\/www.arcangeli.it\/es\/wp-json\/wp\/v2\/pages"}],"about":[{"href":"https:\/\/www.arcangeli.it\/es\/wp-json\/wp\/v2\/types\/page"}],"author":[{"embeddable":true,"href":"https:\/\/www.arcangeli.it\/es\/wp-json\/wp\/v2\/users\/1"}],"replies":[{"embeddable":true,"href":"https:\/\/www.arcangeli.it\/es\/wp-json\/wp\/v2\/comments?post=517"}],"version-history":[{"count":9,"href":"https:\/\/www.arcangeli.it\/es\/wp-json\/wp\/v2\/pages\/517\/revisions"}],"predecessor-version":[{"id":593,"href":"https:\/\/www.arcangeli.it\/es\/wp-json\/wp\/v2\/pages\/517\/revisions\/593"}],"wp:featuredmedia":[{"embeddable":true,"href":"https:\/\/www.arcangeli.it\/es\/wp-json\/wp\/v2\/media\/162"}],"wp:attachment":[{"href":"https:\/\/www.arcangeli.it\/es\/wp-json\/wp\/v2\/media?parent=517"}],"curies":[{"name":"wp","href":"https:\/\/api.w.org\/{rel}","templated":true}]}}