{"id":519,"date":"2020-03-27T16:47:20","date_gmt":"2020-03-27T15:47:20","guid":{"rendered":"https:\/\/www.arcangeli.it\/historia\/"},"modified":"2020-03-27T16:47:20","modified_gmt":"2020-03-27T15:47:20","slug":"historia","status":"publish","type":"page","link":"https:\/\/www.arcangeli.it\/es\/historia\/","title":{"rendered":"Historia"},"content":{"rendered":"<style>.wp-block-kadence-advancedheading.kt-adv-heading_2d6332-52, .wp-block-kadence-advancedheading.kt-adv-heading_2d6332-52[data-kb-block=\"kb-adv-heading_2d6332-52\"]{text-align:center;font-style:normal;}.wp-block-kadence-advancedheading.kt-adv-heading_2d6332-52 mark.kt-highlight, .wp-block-kadence-advancedheading.kt-adv-heading_2d6332-52[data-kb-block=\"kb-adv-heading_2d6332-52\"] mark.kt-highlight{font-style:normal;color:#f76a0c;-webkit-box-decoration-break:clone;box-decoration-break:clone;padding-top:0px;padding-right:0px;padding-bottom:0px;padding-left:0px;}.wp-block-kadence-advancedheading.kt-adv-heading_2d6332-52 img.kb-inline-image, .wp-block-kadence-advancedheading.kt-adv-heading_2d6332-52[data-kb-block=\"kb-adv-heading_2d6332-52\"] img.kb-inline-image{width:150px;vertical-align:baseline;}<\/style>\n<h2 id=\"kt-adv-heading_2d6332-52\" class=\"kt-adv-heading_2d6332-52 wp-block-kadence-advancedheading\" style=\"text-align:center\">UNA HISTORIA DE PASI\u00d3N, QUE COMIENZA DESDE 1930<\/h2>\n<style>.wp-block-kadence-column.kb-section-dir-horizontal > .kt-inside-inner-col > #kt-info-box_2b7d55-2e .kt-blocks-info-box-link-wrap{max-width:unset;}#kt-info-box_2b7d55-2e .kt-blocks-info-box-link-wrap{border-top-width:0px;border-right-width:0px;border-bottom-width:0px;border-left-width:0px;background:#885431;padding-top:20px;padding-right:20px;padding-bottom:20px;padding-left:20px;}#kt-info-box_2b7d55-2e .kt-blocks-info-box-link-wrap:hover{background:rgba(136, 84, 49, 0.89);}#kt-info-box_2b7d55-2e.wp-block-kadence-infobox{max-width:100%;}#kt-info-box_2b7d55-2e .kadence-info-box-image-inner-intrisic-container{max-width:490px;}#kt-info-box_2b7d55-2e .kadence-info-box-image-inner-intrisic-container .kadence-info-box-image-intrisic{padding-bottom:65.9184%;width:490px;height:0px;max-width:100%;}#kt-info-box_2b7d55-2e .kadence-info-box-icon-container .kt-info-svg-icon, #kt-info-box_2b7d55-2e .kt-info-svg-icon-flip, #kt-info-box_2b7d55-2e .kt-blocks-info-box-number{font-size:5px;}#kt-info-box_2b7d55-2e .kt-blocks-info-box-media{color:#ffffff;background:transparent;border-color:#444444;border-top-width:0px;border-right-width:0px;border-bottom-width:0px;border-left-width:0px;padding-top:10px;padding-right:10px;padding-bottom:10px;padding-left:10px;margin-top:0px;margin-right:15px;margin-bottom:0px;margin-left:15px;}#kt-info-box_2b7d55-2e .kt-blocks-info-box-link-wrap:hover .kt-blocks-info-box-media{color:#ffffff;background:transparent;border-color:#444444;}#kt-info-box_2b7d55-2e .kt-infobox-textcontent h2.kt-blocks-info-box-title{color:#ffffff;padding-top:0px;padding-right:0px;padding-bottom:0px;padding-left:0px;margin-top:5px;margin-right:0px;margin-bottom:10px;margin-left:0px;}#kt-info-box_2b7d55-2e .kt-blocks-info-box-link-wrap:hover h2.kt-blocks-info-box-title{color:#ffffff;}#kt-info-box_2b7d55-2e .kt-infobox-textcontent .kt-blocks-info-box-text{color:#ffffff;}#kt-info-box_2b7d55-2e .kt-blocks-info-box-link-wrap:hover .kt-blocks-info-box-text{color:#ffffff;}#kt-info-box_2b7d55-2e .kt-blocks-info-box-learnmore{color:#ffffff;background:#0A6689;border-color:#ffffff;border-width:0px 0px 0px 0px;padding-top:4px;padding-right:8px;padding-bottom:4px;padding-left:8px;margin-top:10px;margin-right:0px;margin-bottom:10px;margin-left:0px;}#kt-info-box_2b7d55-2e .kt-blocks-info-box-link-wrap:hover .kt-blocks-info-box-learnmore,#kt-info-box_2b7d55-2e .kt-blocks-info-box-link-wrap .kt-blocks-info-box-learnmore:focus{color:#0A6689;background:#ffffff;border-color:#ffffff;}<\/style>\n<div id=\"kt-info-box_2b7d55-2e\" class=\"wp-block-kadence-infobox\"><a class=\"kt-blocks-info-box-link-wrap kt-blocks-info-box-media-align-right kt-info-halign-right\"><div class=\"kt-blocks-info-box-media-container\"><div class=\"kt-blocks-info-box-media kt-info-media-animate-none\"><div class=\"kadence-info-box-image-inner-intrisic-container\" style=\"max-width:490px\"><div class=\"kadence-info-box-image-intrisic kt-info-animate-none\" style=\"padding-bottom:65.91836734693878%;height:0;width:490px;max-width:100%\"><div class=\"kadence-info-box-image-inner-intrisic\"><img loading=\"lazy\" decoding=\"async\" src=\"https:\/\/www.arcangeli.it\/wp-content\/themes\/webag_3\/templates-default\/img\/t.png\" data-src=\"https:\/\/www.arcangeli.it\/wp-content\/uploads\/2020\/01\/la-nostra-storia-thumb.jpg\" alt=\"\" width=\"490\" height=\"323\" class=\"lazy kt-info-box-image wp-image-163 \" data-srcset=\"https:\/\/www.arcangeli.it\/wp-content\/uploads\/2020\/01\/la-nostra-storia-thumb.jpg 490w, https:\/\/www.arcangeli.it\/wp-content\/uploads\/2020\/01\/la-nostra-storia-thumb-300x198.jpg 300w, https:\/\/www.arcangeli.it\/wp-content\/uploads\/2020\/01\/la-nostra-storia-thumb-150x99.jpg 150w\" sizes=\"auto, (max-width: 490px) 100vw, 490px\" \/><\/div><\/div><\/div><\/div><\/div><div class=\"kt-infobox-textcontent\"><h2 class=\"kt-blocks-info-box-title\"><strong>\u201cla tierra tiene el mismo valor de qui\u00e9n la cultiva\u201d<\/strong><\/h2><p class=\"kt-blocks-info-box-text\"><br\/><strong>Giovanni Arcangeli<\/strong><br\/>22\/11\/1911 &#8211; 24\/12\/2008<\/p><\/div><\/a><\/div>\n\n<div class=\"wp-block-columns is-layout-flex wp-container-core-columns-is-layout-9d6595d7 wp-block-columns-is-layout-flex\">\n<div class=\"wp-block-column is-layout-flow wp-block-column-is-layout-flow\"><\/div>\n\n\n\n<div class=\"wp-block-column is-layout-flow wp-block-column-is-layout-flow\"><\/div>\n<\/div>\n\n<p>La p\u00e9rdida de Giovanni Arcangeli seguramente ser\u00e1 muy sentida, no s\u00f3lo en su familia, si no en todo el mundo de los viveros en Pistoia. Ha sido uno de los fundadores de la actividad de los viveros ornamentales de esta localidad. Fue en 1930, cuando comenz\u00f3 a colaborar con algunos productores para realizar el cultivo de \u00e1rboles de fruta injertados. El intu\u00eda las potencialidades del sector y algunos a\u00f1os despu\u00e9s decidi\u00f3 desplantar algunas vides y plantar con\u00edferas (una de sus pasiones). De este modo dio un vuelco a las costumbres locales.<\/p>\n\n<p>La innovaci\u00f3n y las ganas de conocer al m\u00e1ximo su trabajo siempre han caracterizado su existencia. Sus colegas siempre lo recuerdan porque fue \u00e9l quien dio a conocer el injerto con parafina. Hay algunas an\u00e9cdotas sobre esta t\u00e9cnica: Giovanni trat\u00f3 de patentar el secreto sobre esta t\u00e9cnica (no fue solo un cultivador capaz, si no sobre todo un emprendedor h\u00e1bil).<\/p>\n\n<p>Las primeras veces que introdujo sus plantas injertadas en el mercado, intent\u00f3 eliminar la parafina residual. En todo caso, s\u00f3lo fue capaz de producir algunas variedades y durante alg\u00fan tiempo nadie supo la raz\u00f3n. En la postguerra la Sociedad se expandi\u00f3, Pistoia agrand\u00f3 sus horizontes y la empresa familiar se ampli\u00f3, del mismo modo que el mercado de los viveros: Compraron algunas fincas y plantaron variedades nuevas; ganaron tambi\u00e9n los primeros premios de exportaci\u00f3n (una gran satisfacci\u00f3n para la empresa, que lleg\u00f3 a ser una de las m\u00e1s importantes realidades a nivel nacional).<\/p>\n\n<p>Mientras tanto, Giovanni siempre mostraba su naturaleza moderna. Hizo muchos viajes por todo el mundo (dec\u00eda que solo le faltaba conocer Australia) y siempre recogi\u00f3 nuevas t\u00e9cnicas y sobre todo, nuevas variedades para el cultivo. Pero su gran pasi\u00f3n siempre fueron los Estados Unidos; all\u00ed quer\u00eda vivir y all\u00ed viaj\u00f3 muchas veces. En 1976 los l\u00edmites de la empresa se extendieron hasta Montecatini con la compra de 20 hect\u00e1reas de tierra. A principios de los a\u00f1os ochenta, Pistoia empez\u00f3 a trabajar los cultivos en container. La empresa familiar tambi\u00e9n se adapt\u00f3 y destinaron algunos terrenos al uso de esta t\u00e9cnica.<\/p>\n\n<p>El cultivo en \u201ccampo libre\u201d continu\u00f3 siendo parte preponderante de la superficie total de la hacienda, tal como ocurre hoy en d\u00eda. Adem\u00e1s Giovanni compr\u00f3 un vivero en San Vincenzo y as\u00ed la superficie total para el cultivo aument\u00f3 hasta 200 hect\u00e1reas. Esta ampliaci\u00f3n se realiz\u00f3 para poder cultivar palmas y otras especies de plantas mediterr\u00e1neas. <\/p>\n\n<p>Tambi\u00e9n en este campo \u00e9l fue el precursor en la elecci\u00f3n comercial, que posteriormente se hizo muy popular. San Vincenzo fue para \u00e9l su \u201csitio en el sol\u201d, en donde intentaba pasar el m\u00e1ximo tiempo posible en sus \u00faltimos a\u00f1os de vida. Hay muchas historias que hablan de Giovanni Arcangeli, cultivador de Pistoia y hombre de mundo, pero todas las p\u00e1ginas de este cat\u00e1logo no serian suficientes para contarlas todas&#8230;<\/p>\n","protected":false},"excerpt":{"rendered":"<p>UNA HISTORIA DE PASI\u00d3N, QUE COMIENZA DESDE 1930 La p\u00e9rdida de Giovanni Arcangeli seguramente ser\u00e1 muy sentida, no s\u00f3lo en su familia, si no en todo el mundo de los viveros en Pistoia. Ha sido uno de los fundadores de la actividad de los viveros ornamentales de esta localidad. Fue en 1930, cuando comenz\u00f3 a [&hellip;]<\/p>\n","protected":false},"author":1,"featured_media":167,"parent":0,"menu_order":0,"comment_status":"closed","ping_status":"closed","template":"","meta":{"_acf_changed":false,"footnotes":""},"class_list":["post-519","page","type-page","status-publish","has-post-thumbnail","hentry"],"acf":[],"yoast_head":"<!-- This site is optimized with the Yoast SEO plugin v23.3 - https:\/\/yoast.com\/wordpress\/plugins\/seo\/ -->\n<title>Historia - Arcangeli Giovanni e figlio<\/title>\n<meta name=\"robots\" content=\"index, follow, max-snippet:-1, max-image-preview:large, max-video-preview:-1\" \/>\n<link rel=\"canonical\" href=\"https:\/\/www.arcangeli.it\/es\/historia\/\" \/>\n<meta property=\"og:locale\" content=\"es_ES\" \/>\n<meta property=\"og:type\" content=\"article\" \/>\n<meta property=\"og:title\" content=\"Historia - Arcangeli Giovanni e figlio\" \/>\n<meta property=\"og:description\" content=\"UNA HISTORIA DE PASI\u00d3N, QUE COMIENZA DESDE 1930 La p\u00e9rdida de Giovanni Arcangeli seguramente ser\u00e1 muy sentida, no s\u00f3lo en su familia, si no en todo el mundo de los viveros en Pistoia. Ha sido uno de los fundadores de la actividad de los viveros ornamentales de esta localidad. Fue en 1930, cuando comenz\u00f3 a [&hellip;]\" \/>\n<meta property=\"og:url\" content=\"https:\/\/www.arcangeli.it\/es\/historia\/\" \/>\n<meta property=\"og:site_name\" content=\"Arcangeli Giovanni e figlio\" \/>\n<meta property=\"og:image\" content=\"https:\/\/www.arcangeli.it\/wp-content\/uploads\/2020\/01\/la-nostra-storia-thumb.jpg\" \/>\n\t<meta property=\"og:image:width\" content=\"490\" \/>\n\t<meta property=\"og:image:height\" content=\"323\" \/>\n\t<meta property=\"og:image:type\" content=\"image\/jpeg\" \/>\n<meta name=\"twitter:card\" content=\"summary_large_image\" \/>\n<meta name=\"twitter:label1\" content=\"Est. reading time\" \/>\n\t<meta name=\"twitter:data1\" content=\"3 minutes\" \/>\n<script type=\"application\/ld+json\" class=\"yoast-schema-graph\">{\"@context\":\"https:\/\/schema.org\",\"@graph\":[{\"@type\":\"WebPage\",\"@id\":\"https:\/\/www.arcangeli.it\/es\/historia\/\",\"url\":\"https:\/\/www.arcangeli.it\/es\/historia\/\",\"name\":\"Historia - Arcangeli Giovanni e figlio\",\"isPartOf\":{\"@id\":\"https:\/\/www.arcangeli.it\/es\/#website\"},\"primaryImageOfPage\":{\"@id\":\"https:\/\/www.arcangeli.it\/es\/historia\/#primaryimage\"},\"image\":{\"@id\":\"https:\/\/www.arcangeli.it\/es\/historia\/#primaryimage\"},\"thumbnailUrl\":\"https:\/\/www.arcangeli.it\/wp-content\/uploads\/2020\/01\/la-nostra-storia-thumb.jpg\",\"datePublished\":\"2020-03-27T15:47:20+00:00\",\"dateModified\":\"2020-03-27T15:47:20+00:00\",\"breadcrumb\":{\"@id\":\"https:\/\/www.arcangeli.it\/es\/historia\/#breadcrumb\"},\"inLanguage\":\"es-ES\",\"potentialAction\":[{\"@type\":\"ReadAction\",\"target\":[\"https:\/\/www.arcangeli.it\/es\/historia\/\"]}]},{\"@type\":\"ImageObject\",\"inLanguage\":\"es-ES\",\"@id\":\"https:\/\/www.arcangeli.it\/es\/historia\/#primaryimage\",\"url\":\"https:\/\/www.arcangeli.it\/wp-content\/uploads\/2020\/01\/la-nostra-storia-thumb.jpg\",\"contentUrl\":\"https:\/\/www.arcangeli.it\/wp-content\/uploads\/2020\/01\/la-nostra-storia-thumb.jpg\",\"width\":490,\"height\":323},{\"@type\":\"BreadcrumbList\",\"@id\":\"https:\/\/www.arcangeli.it\/es\/historia\/#breadcrumb\",\"itemListElement\":[{\"@type\":\"ListItem\",\"position\":1,\"name\":\"Home\",\"item\":\"https:\/\/www.arcangeli.it\/es\/\"},{\"@type\":\"ListItem\",\"position\":2,\"name\":\"Historia\"}]},{\"@type\":\"WebSite\",\"@id\":\"https:\/\/www.arcangeli.it\/es\/#website\",\"url\":\"https:\/\/www.arcangeli.it\/es\/\",\"name\":\"Arcangeli Giovanni e figlio\",\"description\":\"\",\"publisher\":{\"@id\":\"https:\/\/www.arcangeli.it\/es\/#organization\"},\"potentialAction\":[{\"@type\":\"SearchAction\",\"target\":{\"@type\":\"EntryPoint\",\"urlTemplate\":\"https:\/\/www.arcangeli.it\/es\/?s={search_term_string}\"},\"query-input\":\"required name=search_term_string\"}],\"inLanguage\":\"es-ES\"},{\"@type\":\"Organization\",\"@id\":\"https:\/\/www.arcangeli.it\/es\/#organization\",\"name\":\"Arcangeli Giovanni e figlio\",\"url\":\"https:\/\/www.arcangeli.it\/es\/\",\"logo\":{\"@type\":\"ImageObject\",\"inLanguage\":\"es-ES\",\"@id\":\"https:\/\/www.arcangeli.it\/es\/#\/schema\/logo\/image\/\",\"url\":\"https:\/\/www.arcangeli.it\/wp-content\/uploads\/2019\/12\/arcangeli-logo.png\",\"contentUrl\":\"https:\/\/www.arcangeli.it\/wp-content\/uploads\/2019\/12\/arcangeli-logo.png\",\"width\":476,\"height\":91,\"caption\":\"Arcangeli Giovanni e figlio\"},\"image\":{\"@id\":\"https:\/\/www.arcangeli.it\/es\/#\/schema\/logo\/image\/\"}}]}<\/script>\n<!-- \/ Yoast SEO plugin. -->","yoast_head_json":{"title":"Historia - Arcangeli Giovanni e figlio","robots":{"index":"index","follow":"follow","max-snippet":"max-snippet:-1","max-image-preview":"max-image-preview:large","max-video-preview":"max-video-preview:-1"},"canonical":"https:\/\/www.arcangeli.it\/es\/historia\/","og_locale":"es_ES","og_type":"article","og_title":"Historia - Arcangeli Giovanni e figlio","og_description":"UNA HISTORIA DE PASI\u00d3N, QUE COMIENZA DESDE 1930 La p\u00e9rdida de Giovanni Arcangeli seguramente ser\u00e1 muy sentida, no s\u00f3lo en su familia, si no en todo el mundo de los viveros en Pistoia. Ha sido uno de los fundadores de la actividad de los viveros ornamentales de esta localidad. Fue en 1930, cuando comenz\u00f3 a [&hellip;]","og_url":"https:\/\/www.arcangeli.it\/es\/historia\/","og_site_name":"Arcangeli Giovanni e figlio","og_image":[{"width":490,"height":323,"url":"https:\/\/www.arcangeli.it\/wp-content\/uploads\/2020\/01\/la-nostra-storia-thumb.jpg","type":"image\/jpeg"}],"twitter_card":"summary_large_image","twitter_misc":{"Est. reading time":"3 minutes"},"schema":{"@context":"https:\/\/schema.org","@graph":[{"@type":"WebPage","@id":"https:\/\/www.arcangeli.it\/es\/historia\/","url":"https:\/\/www.arcangeli.it\/es\/historia\/","name":"Historia - Arcangeli Giovanni e figlio","isPartOf":{"@id":"https:\/\/www.arcangeli.it\/es\/#website"},"primaryImageOfPage":{"@id":"https:\/\/www.arcangeli.it\/es\/historia\/#primaryimage"},"image":{"@id":"https:\/\/www.arcangeli.it\/es\/historia\/#primaryimage"},"thumbnailUrl":"https:\/\/www.arcangeli.it\/wp-content\/uploads\/2020\/01\/la-nostra-storia-thumb.jpg","datePublished":"2020-03-27T15:47:20+00:00","dateModified":"2020-03-27T15:47:20+00:00","breadcrumb":{"@id":"https:\/\/www.arcangeli.it\/es\/historia\/#breadcrumb"},"inLanguage":"es-ES","potentialAction":[{"@type":"ReadAction","target":["https:\/\/www.arcangeli.it\/es\/historia\/"]}]},{"@type":"ImageObject","inLanguage":"es-ES","@id":"https:\/\/www.arcangeli.it\/es\/historia\/#primaryimage","url":"https:\/\/www.arcangeli.it\/wp-content\/uploads\/2020\/01\/la-nostra-storia-thumb.jpg","contentUrl":"https:\/\/www.arcangeli.it\/wp-content\/uploads\/2020\/01\/la-nostra-storia-thumb.jpg","width":490,"height":323},{"@type":"BreadcrumbList","@id":"https:\/\/www.arcangeli.it\/es\/historia\/#breadcrumb","itemListElement":[{"@type":"ListItem","position":1,"name":"Home","item":"https:\/\/www.arcangeli.it\/es\/"},{"@type":"ListItem","position":2,"name":"Historia"}]},{"@type":"WebSite","@id":"https:\/\/www.arcangeli.it\/es\/#website","url":"https:\/\/www.arcangeli.it\/es\/","name":"Arcangeli Giovanni e figlio","description":"","publisher":{"@id":"https:\/\/www.arcangeli.it\/es\/#organization"},"potentialAction":[{"@type":"SearchAction","target":{"@type":"EntryPoint","urlTemplate":"https:\/\/www.arcangeli.it\/es\/?s={search_term_string}"},"query-input":"required name=search_term_string"}],"inLanguage":"es-ES"},{"@type":"Organization","@id":"https:\/\/www.arcangeli.it\/es\/#organization","name":"Arcangeli Giovanni e figlio","url":"https:\/\/www.arcangeli.it\/es\/","logo":{"@type":"ImageObject","inLanguage":"es-ES","@id":"https:\/\/www.arcangeli.it\/es\/#\/schema\/logo\/image\/","url":"https:\/\/www.arcangeli.it\/wp-content\/uploads\/2019\/12\/arcangeli-logo.png","contentUrl":"https:\/\/www.arcangeli.it\/wp-content\/uploads\/2019\/12\/arcangeli-logo.png","width":476,"height":91,"caption":"Arcangeli Giovanni e figlio"},"image":{"@id":"https:\/\/www.arcangeli.it\/es\/#\/schema\/logo\/image\/"}}]}},"_links":{"self":[{"href":"https:\/\/www.arcangeli.it\/es\/wp-json\/wp\/v2\/pages\/519","targetHints":{"allow":["GET"]}}],"collection":[{"href":"https:\/\/www.arcangeli.it\/es\/wp-json\/wp\/v2\/pages"}],"about":[{"href":"https:\/\/www.arcangeli.it\/es\/wp-json\/wp\/v2\/types\/page"}],"author":[{"embeddable":true,"href":"https:\/\/www.arcangeli.it\/es\/wp-json\/wp\/v2\/users\/1"}],"replies":[{"embeddable":true,"href":"https:\/\/www.arcangeli.it\/es\/wp-json\/wp\/v2\/comments?post=519"}],"version-history":[{"count":1,"href":"https:\/\/www.arcangeli.it\/es\/wp-json\/wp\/v2\/pages\/519\/revisions"}],"predecessor-version":[{"id":520,"href":"https:\/\/www.arcangeli.it\/es\/wp-json\/wp\/v2\/pages\/519\/revisions\/520"}],"wp:featuredmedia":[{"embeddable":true,"href":"https:\/\/www.arcangeli.it\/es\/wp-json\/wp\/v2\/media\/167"}],"wp:attachment":[{"href":"https:\/\/www.arcangeli.it\/es\/wp-json\/wp\/v2\/media?parent=519"}],"curies":[{"name":"wp","href":"https:\/\/api.w.org\/{rel}","templated":true}]}}