{"id":521,"date":"2020-03-27T16:48:51","date_gmt":"2020-03-27T15:48:51","guid":{"rendered":"https:\/\/www.arcangeli.it\/servicios\/"},"modified":"2020-03-27T16:48:51","modified_gmt":"2020-03-27T15:48:51","slug":"servicios","status":"publish","type":"page","link":"https:\/\/www.arcangeli.it\/es\/servicios\/","title":{"rendered":"SERVICIOS"},"content":{"rendered":"\n<div class=\"wp-block-media-text alignwide mb-5\" style=\"grid-template-columns:33% auto\"><figure class=\"wp-block-media-text__media\"><img loading=\"lazy\" decoding=\"async\" width=\"306\" height=\"198\" src=\"https:\/\/www.arcangeli.it\/wp-content\/themes\/webag_3\/templates-default\/img\/t.png\" data-src=\"https:\/\/www.arcangeli.it\/wp-content\/uploads\/2020\/01\/assistenza-acquisto-piante.jpg\" alt=\"ASISTENCIA A LA COMPRA\" class=\"lazy wp-image-299\" data-srcset=\"https:\/\/www.arcangeli.it\/wp-content\/uploads\/2020\/01\/assistenza-acquisto-piante.jpg 306w, https:\/\/www.arcangeli.it\/wp-content\/uploads\/2020\/01\/assistenza-acquisto-piante-300x194.jpg 300w, https:\/\/www.arcangeli.it\/wp-content\/uploads\/2020\/01\/assistenza-acquisto-piante-150x97.jpg 150w\" sizes=\"auto, (max-width: 306px) 100vw, 306px\" \/><\/figure><div class=\"wp-block-media-text__content\">\n<h2 class=\"wp-block-heading\">ASISTENCIA A LA COMPRA<\/h2>\n\n\n\n<p>En todos nuestros viveros, contamos con personal expertos en paisajismo y especializado en el conocimiento de las plantas ornamentales que le acompa\u00f1ar\u00e1 en todas las fases de su compra, aconsej\u00e1ndole los productos m\u00e1s adaptados a sus necesidades.  <\/p>\n<\/div><\/div>\n\n<div class=\"wp-block-media-text alignwide mb-5\" style=\"grid-template-columns:33% auto\"><figure class=\"wp-block-media-text__media\"><img loading=\"lazy\" decoding=\"async\" width=\"306\" height=\"198\" src=\"https:\/\/www.arcangeli.it\/wp-content\/themes\/webag_3\/templates-default\/img\/t.png\" data-src=\"https:\/\/www.arcangeli.it\/wp-content\/uploads\/2020\/01\/spedizioni-piante.jpg\" alt=\"ENV\u00cdOS NACIONALES E INTERNACIONALES\" class=\"lazy wp-image-314\" data-srcset=\"https:\/\/www.arcangeli.it\/wp-content\/uploads\/2020\/01\/spedizioni-piante.jpg 306w, https:\/\/www.arcangeli.it\/wp-content\/uploads\/2020\/01\/spedizioni-piante-300x194.jpg 300w, https:\/\/www.arcangeli.it\/wp-content\/uploads\/2020\/01\/spedizioni-piante-150x97.jpg 150w\" sizes=\"auto, (max-width: 306px) 100vw, 306px\" \/><\/figure><div class=\"wp-block-media-text__content\">\n<h2 class=\"wp-block-heading\">ENV\u00cdOS NACIONALES E INTERNACIONALES<\/h2>\n\n\n\n<p>Nuestro departamento de log\u00edstica organiza env\u00edos completos y agrupados; contamos con veh\u00edculos propios y transportistas profesionales que realizan env\u00edos por tierra y mar, encarg\u00e1ndose asimismo de los tr\u00e1mites de aduanas que puedan ser necesarios.  <\/p>\n<\/div><\/div>\n\n<div class=\"wp-block-media-text alignwide mb-5\" style=\"grid-template-columns:33% auto\"><figure class=\"wp-block-media-text__media\"><img loading=\"lazy\" decoding=\"async\" width=\"306\" height=\"198\" src=\"https:\/\/www.arcangeli.it\/wp-content\/themes\/webag_3\/templates-default\/img\/t.png\" data-src=\"https:\/\/www.arcangeli.it\/wp-content\/uploads\/2020\/01\/consulenza-green.jpg\" alt=\"ASESORAMIENTO GREEN\" class=\"lazy wp-image-319\" data-srcset=\"https:\/\/www.arcangeli.it\/wp-content\/uploads\/2020\/01\/consulenza-green.jpg 306w, https:\/\/www.arcangeli.it\/wp-content\/uploads\/2020\/01\/consulenza-green-300x194.jpg 300w, https:\/\/www.arcangeli.it\/wp-content\/uploads\/2020\/01\/consulenza-green-150x97.jpg 150w\" sizes=\"auto, (max-width: 306px) 100vw, 306px\" \/><\/figure><div class=\"wp-block-media-text__content\">\n<h2 class=\"wp-block-heading\">ASESORAMIENTO GREEN<\/h2>\n\n\n\n<p>Tambi\u00e9n podemos ofrecer asesoramiento calificado de jardiner\u00eda con la colaboraci\u00f3n de profesionales especializados que tambi\u00e9n pueden realizar visitas y trabajos de plantaci\u00f3n y mantenimiento a pedido.<\/p>\n<\/div><\/div>\n","protected":false},"excerpt":{"rendered":"<p>ASISTENCIA A LA COMPRA En todos nuestros viveros, contamos con personal expertos en paisajismo y especializado en el conocimiento de las plantas ornamentales que le acompa\u00f1ar\u00e1 en todas las fases de su compra, aconsej\u00e1ndole los productos m\u00e1s adaptados a sus necesidades. ENV\u00cdOS NACIONALES E INTERNACIONALES Nuestro departamento de log\u00edstica organiza env\u00edos completos y agrupados; contamos [&hellip;]<\/p>\n","protected":false},"author":1,"featured_media":177,"parent":0,"menu_order":0,"comment_status":"closed","ping_status":"closed","template":"","meta":{"_acf_changed":false,"footnotes":""},"class_list":["post-521","page","type-page","status-publish","has-post-thumbnail","hentry"],"acf":[],"yoast_head":"<!-- This site is optimized with the Yoast SEO plugin v23.3 - https:\/\/yoast.com\/wordpress\/plugins\/seo\/ -->\n<title>SERVICIOS - Arcangeli Giovanni e figlio<\/title>\n<meta name=\"robots\" content=\"index, follow, max-snippet:-1, max-image-preview:large, max-video-preview:-1\" \/>\n<link rel=\"canonical\" href=\"https:\/\/www.arcangeli.it\/es\/servicios\/\" \/>\n<meta property=\"og:locale\" content=\"es_ES\" \/>\n<meta property=\"og:type\" content=\"article\" \/>\n<meta property=\"og:title\" content=\"SERVICIOS - Arcangeli Giovanni e figlio\" \/>\n<meta property=\"og:description\" content=\"ASISTENCIA A LA COMPRA En todos nuestros viveros, contamos con personal expertos en paisajismo y especializado en el conocimiento de las plantas ornamentales que le acompa\u00f1ar\u00e1 en todas las fases de su compra, aconsej\u00e1ndole los productos m\u00e1s adaptados a sus necesidades. ENV\u00cdOS NACIONALES E INTERNACIONALES Nuestro departamento de log\u00edstica organiza env\u00edos completos y agrupados; contamos [&hellip;]\" \/>\n<meta property=\"og:url\" content=\"https:\/\/www.arcangeli.it\/es\/servicios\/\" \/>\n<meta property=\"og:site_name\" content=\"Arcangeli Giovanni e figlio\" \/>\n<meta property=\"og:image\" content=\"https:\/\/www.arcangeli.it\/wp-content\/uploads\/2020\/01\/servizi-thumb.jpg\" \/>\n\t<meta property=\"og:image:width\" content=\"490\" \/>\n\t<meta property=\"og:image:height\" content=\"323\" \/>\n\t<meta property=\"og:image:type\" content=\"image\/jpeg\" \/>\n<meta name=\"twitter:card\" content=\"summary_large_image\" \/>\n<meta name=\"twitter:label1\" content=\"Est. reading time\" \/>\n\t<meta name=\"twitter:data1\" content=\"1 minute\" \/>\n<script type=\"application\/ld+json\" class=\"yoast-schema-graph\">{\"@context\":\"https:\/\/schema.org\",\"@graph\":[{\"@type\":\"WebPage\",\"@id\":\"https:\/\/www.arcangeli.it\/es\/servicios\/\",\"url\":\"https:\/\/www.arcangeli.it\/es\/servicios\/\",\"name\":\"SERVICIOS - Arcangeli Giovanni e figlio\",\"isPartOf\":{\"@id\":\"https:\/\/www.arcangeli.it\/es\/#website\"},\"primaryImageOfPage\":{\"@id\":\"https:\/\/www.arcangeli.it\/es\/servicios\/#primaryimage\"},\"image\":{\"@id\":\"https:\/\/www.arcangeli.it\/es\/servicios\/#primaryimage\"},\"thumbnailUrl\":\"https:\/\/www.arcangeli.it\/wp-content\/uploads\/2020\/01\/servizi-thumb.jpg\",\"datePublished\":\"2020-03-27T15:48:51+00:00\",\"dateModified\":\"2020-03-27T15:48:51+00:00\",\"breadcrumb\":{\"@id\":\"https:\/\/www.arcangeli.it\/es\/servicios\/#breadcrumb\"},\"inLanguage\":\"es-ES\",\"potentialAction\":[{\"@type\":\"ReadAction\",\"target\":[\"https:\/\/www.arcangeli.it\/es\/servicios\/\"]}]},{\"@type\":\"ImageObject\",\"inLanguage\":\"es-ES\",\"@id\":\"https:\/\/www.arcangeli.it\/es\/servicios\/#primaryimage\",\"url\":\"https:\/\/www.arcangeli.it\/wp-content\/uploads\/2020\/01\/servizi-thumb.jpg\",\"contentUrl\":\"https:\/\/www.arcangeli.it\/wp-content\/uploads\/2020\/01\/servizi-thumb.jpg\",\"width\":490,\"height\":323},{\"@type\":\"BreadcrumbList\",\"@id\":\"https:\/\/www.arcangeli.it\/es\/servicios\/#breadcrumb\",\"itemListElement\":[{\"@type\":\"ListItem\",\"position\":1,\"name\":\"Home\",\"item\":\"https:\/\/www.arcangeli.it\/es\/\"},{\"@type\":\"ListItem\",\"position\":2,\"name\":\"SERVICIOS\"}]},{\"@type\":\"WebSite\",\"@id\":\"https:\/\/www.arcangeli.it\/es\/#website\",\"url\":\"https:\/\/www.arcangeli.it\/es\/\",\"name\":\"Arcangeli Giovanni e figlio\",\"description\":\"\",\"publisher\":{\"@id\":\"https:\/\/www.arcangeli.it\/es\/#organization\"},\"potentialAction\":[{\"@type\":\"SearchAction\",\"target\":{\"@type\":\"EntryPoint\",\"urlTemplate\":\"https:\/\/www.arcangeli.it\/es\/?s={search_term_string}\"},\"query-input\":\"required name=search_term_string\"}],\"inLanguage\":\"es-ES\"},{\"@type\":\"Organization\",\"@id\":\"https:\/\/www.arcangeli.it\/es\/#organization\",\"name\":\"Arcangeli Giovanni e figlio\",\"url\":\"https:\/\/www.arcangeli.it\/es\/\",\"logo\":{\"@type\":\"ImageObject\",\"inLanguage\":\"es-ES\",\"@id\":\"https:\/\/www.arcangeli.it\/es\/#\/schema\/logo\/image\/\",\"url\":\"https:\/\/www.arcangeli.it\/wp-content\/uploads\/2019\/12\/arcangeli-logo.png\",\"contentUrl\":\"https:\/\/www.arcangeli.it\/wp-content\/uploads\/2019\/12\/arcangeli-logo.png\",\"width\":476,\"height\":91,\"caption\":\"Arcangeli Giovanni e figlio\"},\"image\":{\"@id\":\"https:\/\/www.arcangeli.it\/es\/#\/schema\/logo\/image\/\"}}]}<\/script>\n<!-- \/ Yoast SEO plugin. -->","yoast_head_json":{"title":"SERVICIOS - Arcangeli Giovanni e figlio","robots":{"index":"index","follow":"follow","max-snippet":"max-snippet:-1","max-image-preview":"max-image-preview:large","max-video-preview":"max-video-preview:-1"},"canonical":"https:\/\/www.arcangeli.it\/es\/servicios\/","og_locale":"es_ES","og_type":"article","og_title":"SERVICIOS - Arcangeli Giovanni e figlio","og_description":"ASISTENCIA A LA COMPRA En todos nuestros viveros, contamos con personal expertos en paisajismo y especializado en el conocimiento de las plantas ornamentales que le acompa\u00f1ar\u00e1 en todas las fases de su compra, aconsej\u00e1ndole los productos m\u00e1s adaptados a sus necesidades. ENV\u00cdOS NACIONALES E INTERNACIONALES Nuestro departamento de log\u00edstica organiza env\u00edos completos y agrupados; contamos [&hellip;]","og_url":"https:\/\/www.arcangeli.it\/es\/servicios\/","og_site_name":"Arcangeli Giovanni e figlio","og_image":[{"width":490,"height":323,"url":"https:\/\/www.arcangeli.it\/wp-content\/uploads\/2020\/01\/servizi-thumb.jpg","type":"image\/jpeg"}],"twitter_card":"summary_large_image","twitter_misc":{"Est. reading time":"1 minute"},"schema":{"@context":"https:\/\/schema.org","@graph":[{"@type":"WebPage","@id":"https:\/\/www.arcangeli.it\/es\/servicios\/","url":"https:\/\/www.arcangeli.it\/es\/servicios\/","name":"SERVICIOS - Arcangeli Giovanni e figlio","isPartOf":{"@id":"https:\/\/www.arcangeli.it\/es\/#website"},"primaryImageOfPage":{"@id":"https:\/\/www.arcangeli.it\/es\/servicios\/#primaryimage"},"image":{"@id":"https:\/\/www.arcangeli.it\/es\/servicios\/#primaryimage"},"thumbnailUrl":"https:\/\/www.arcangeli.it\/wp-content\/uploads\/2020\/01\/servizi-thumb.jpg","datePublished":"2020-03-27T15:48:51+00:00","dateModified":"2020-03-27T15:48:51+00:00","breadcrumb":{"@id":"https:\/\/www.arcangeli.it\/es\/servicios\/#breadcrumb"},"inLanguage":"es-ES","potentialAction":[{"@type":"ReadAction","target":["https:\/\/www.arcangeli.it\/es\/servicios\/"]}]},{"@type":"ImageObject","inLanguage":"es-ES","@id":"https:\/\/www.arcangeli.it\/es\/servicios\/#primaryimage","url":"https:\/\/www.arcangeli.it\/wp-content\/uploads\/2020\/01\/servizi-thumb.jpg","contentUrl":"https:\/\/www.arcangeli.it\/wp-content\/uploads\/2020\/01\/servizi-thumb.jpg","width":490,"height":323},{"@type":"BreadcrumbList","@id":"https:\/\/www.arcangeli.it\/es\/servicios\/#breadcrumb","itemListElement":[{"@type":"ListItem","position":1,"name":"Home","item":"https:\/\/www.arcangeli.it\/es\/"},{"@type":"ListItem","position":2,"name":"SERVICIOS"}]},{"@type":"WebSite","@id":"https:\/\/www.arcangeli.it\/es\/#website","url":"https:\/\/www.arcangeli.it\/es\/","name":"Arcangeli Giovanni e figlio","description":"","publisher":{"@id":"https:\/\/www.arcangeli.it\/es\/#organization"},"potentialAction":[{"@type":"SearchAction","target":{"@type":"EntryPoint","urlTemplate":"https:\/\/www.arcangeli.it\/es\/?s={search_term_string}"},"query-input":"required name=search_term_string"}],"inLanguage":"es-ES"},{"@type":"Organization","@id":"https:\/\/www.arcangeli.it\/es\/#organization","name":"Arcangeli Giovanni e figlio","url":"https:\/\/www.arcangeli.it\/es\/","logo":{"@type":"ImageObject","inLanguage":"es-ES","@id":"https:\/\/www.arcangeli.it\/es\/#\/schema\/logo\/image\/","url":"https:\/\/www.arcangeli.it\/wp-content\/uploads\/2019\/12\/arcangeli-logo.png","contentUrl":"https:\/\/www.arcangeli.it\/wp-content\/uploads\/2019\/12\/arcangeli-logo.png","width":476,"height":91,"caption":"Arcangeli Giovanni e figlio"},"image":{"@id":"https:\/\/www.arcangeli.it\/es\/#\/schema\/logo\/image\/"}}]}},"_links":{"self":[{"href":"https:\/\/www.arcangeli.it\/es\/wp-json\/wp\/v2\/pages\/521","targetHints":{"allow":["GET"]}}],"collection":[{"href":"https:\/\/www.arcangeli.it\/es\/wp-json\/wp\/v2\/pages"}],"about":[{"href":"https:\/\/www.arcangeli.it\/es\/wp-json\/wp\/v2\/types\/page"}],"author":[{"embeddable":true,"href":"https:\/\/www.arcangeli.it\/es\/wp-json\/wp\/v2\/users\/1"}],"replies":[{"embeddable":true,"href":"https:\/\/www.arcangeli.it\/es\/wp-json\/wp\/v2\/comments?post=521"}],"version-history":[{"count":1,"href":"https:\/\/www.arcangeli.it\/es\/wp-json\/wp\/v2\/pages\/521\/revisions"}],"predecessor-version":[{"id":522,"href":"https:\/\/www.arcangeli.it\/es\/wp-json\/wp\/v2\/pages\/521\/revisions\/522"}],"wp:featuredmedia":[{"embeddable":true,"href":"https:\/\/www.arcangeli.it\/es\/wp-json\/wp\/v2\/media\/177"}],"wp:attachment":[{"href":"https:\/\/www.arcangeli.it\/es\/wp-json\/wp\/v2\/media?parent=521"}],"curies":[{"name":"wp","href":"https:\/\/api.w.org\/{rel}","templated":true}]}}