{"id":525,"date":"2020-03-27T16:51:32","date_gmt":"2020-03-27T15:51:32","guid":{"rendered":"https:\/\/www.arcangeli.it\/red-de-venta\/"},"modified":"2025-11-26T13:14:55","modified_gmt":"2025-11-26T12:14:55","slug":"red-de-venta","status":"publish","type":"page","link":"https:\/\/www.arcangeli.it\/es\/red-de-venta\/","title":{"rendered":"Red de venta"},"content":{"rendered":"<style>.kb-row-layout-id525_b077bf-4f > .kt-row-column-wrap{align-content:start;}:where(.kb-row-layout-id525_b077bf-4f > .kt-row-column-wrap) > .wp-block-kadence-column{justify-content:start;}.kb-row-layout-id525_b077bf-4f > .kt-row-column-wrap{column-gap:var(--global-kb-gap-md, 2rem);row-gap:var(--global-kb-gap-md, 2rem);padding-top:var(--global-kb-spacing-sm, 1.5rem);padding-bottom:var(--global-kb-spacing-sm, 1.5rem);}.kb-row-layout-id525_b077bf-4f > .kt-row-column-wrap > div:not(.added-for-specificity){grid-column:initial;}.kb-row-layout-id525_b077bf-4f > .kt-row-column-wrap{grid-template-columns:repeat(3, minmax(0, 1fr));}.kb-row-layout-id525_b077bf-4f > .kt-row-layout-overlay{opacity:0.30;}@media all and (max-width: 1024px){.kb-row-layout-id525_b077bf-4f > .kt-row-column-wrap > div:not(.added-for-specificity){grid-column:initial;}}@media all and (max-width: 1024px){.kb-row-layout-id525_b077bf-4f > .kt-row-column-wrap{grid-template-columns:repeat(3, minmax(0, 1fr));}}@media all and (max-width: 767px){.kb-row-layout-id525_b077bf-4f > .kt-row-column-wrap > div:not(.added-for-specificity){grid-column:initial;}.kb-row-layout-id525_b077bf-4f > .kt-row-column-wrap{grid-template-columns:minmax(0, 1fr);}}<\/style><div class=\"kb-row-layout-wrap kb-row-layout-id525_b077bf-4f alignnone wp-block-kadence-rowlayout\"><div class=\"kt-row-column-wrap kt-has-3-columns kt-row-layout-equal kt-tab-layout-inherit kt-mobile-layout-row kt-row-valign-top\">\n<style>.kadence-column525_4f38c2-ae > .kt-inside-inner-col,.kadence-column525_4f38c2-ae > .kt-inside-inner-col:before{border-top-left-radius:0px;border-top-right-radius:0px;border-bottom-right-radius:0px;border-bottom-left-radius:0px;}.kadence-column525_4f38c2-ae > .kt-inside-inner-col{column-gap:var(--global-kb-gap-sm, 1rem);}.kadence-column525_4f38c2-ae > .kt-inside-inner-col{flex-direction:column;}.kadence-column525_4f38c2-ae > .kt-inside-inner-col > .aligncenter{width:100%;}.kadence-column525_4f38c2-ae > .kt-inside-inner-col:before{opacity:0.3;}.kadence-column525_4f38c2-ae{position:relative;}@media all and (max-width: 1024px){.kadence-column525_4f38c2-ae > .kt-inside-inner-col{flex-direction:column;justify-content:center;}}@media all and (max-width: 767px){.kadence-column525_4f38c2-ae > .kt-inside-inner-col{flex-direction:column;justify-content:center;}}<\/style>\n<div class=\"wp-block-kadence-column kadence-column525_4f38c2-ae inner-column-1\"><div class=\"kt-inside-inner-col\">\n<p><strong>Italia<\/strong><\/p>\n\n\n\n<p><a href=\"mailto:massimiliano@arcangeli.com\" target=\"_blank\" rel=\"noreferrer noopener\"><strong>massimiliano@arcangeli.com<\/strong><\/a><\/p>\n\n\n\n<p><a href=\"tel:+393346484246\"><strong>+39 334 64 84 246<\/strong><\/a><\/p>\n<\/div><\/div>\n\n\n<style>.kadence-column525_3c25d0-77 > .kt-inside-inner-col,.kadence-column525_3c25d0-77 > .kt-inside-inner-col:before{border-top-left-radius:0px;border-top-right-radius:0px;border-bottom-right-radius:0px;border-bottom-left-radius:0px;}.kadence-column525_3c25d0-77 > .kt-inside-inner-col{column-gap:var(--global-kb-gap-sm, 1rem);}.kadence-column525_3c25d0-77 > .kt-inside-inner-col{flex-direction:column;}.kadence-column525_3c25d0-77 > .kt-inside-inner-col > .aligncenter{width:100%;}.kadence-column525_3c25d0-77 > .kt-inside-inner-col:before{opacity:0.3;}.kadence-column525_3c25d0-77{position:relative;}@media all and (max-width: 1024px){.kadence-column525_3c25d0-77 > .kt-inside-inner-col{flex-direction:column;justify-content:center;}}@media all and (max-width: 767px){.kadence-column525_3c25d0-77 > .kt-inside-inner-col{flex-direction:column;justify-content:center;}}<\/style>\n<div class=\"wp-block-kadence-column kadence-column525_3c25d0-77 inner-column-1\"><div class=\"kt-inside-inner-col\">\n<p><strong>Francia<\/strong><\/p>\n\n\n\n<p><strong><a href=\"mailto:lorenzo@arcangeli.com\">lorenzo@arcangeli.com<\/a><\/strong><\/p>\n\n\n\n<p><strong><a href=\"tel:+393703695591\">+39 370 36 95 591<\/a><\/strong><\/p>\n\n\n\n<p><strong><a href=\"mailto:alessandro@arcangeli.com\">alessandro@arcangeli.com<\/a><\/strong><\/p>\n\n\n\n<p><a href=\"tel:+393332124018\"><strong>+39 333 21 24 018<\/strong><\/a><\/p>\n<\/div><\/div>\n\n\n<style>.kadence-column525_a497b9-27 > .kt-inside-inner-col,.kadence-column525_a497b9-27 > .kt-inside-inner-col:before{border-top-left-radius:0px;border-top-right-radius:0px;border-bottom-right-radius:0px;border-bottom-left-radius:0px;}.kadence-column525_a497b9-27 > .kt-inside-inner-col{column-gap:var(--global-kb-gap-sm, 1rem);}.kadence-column525_a497b9-27 > .kt-inside-inner-col{flex-direction:column;}.kadence-column525_a497b9-27 > .kt-inside-inner-col > .aligncenter{width:100%;}.kadence-column525_a497b9-27 > .kt-inside-inner-col:before{opacity:0.3;}.kadence-column525_a497b9-27{position:relative;}@media all and (max-width: 1024px){.kadence-column525_a497b9-27 > .kt-inside-inner-col{flex-direction:column;justify-content:center;}}@media all and (max-width: 767px){.kadence-column525_a497b9-27 > .kt-inside-inner-col{flex-direction:column;justify-content:center;}}<\/style>\n<div class=\"wp-block-kadence-column kadence-column525_a497b9-27 inner-column-2\"><div class=\"kt-inside-inner-col\">\n<p><strong>Eslovaquia y Rep\u00fablica Checa<\/strong><\/p>\n\n\n\n<p><a href=\"mailto:petra@arcangeli.com\"><strong>petra@arcangeli.com<\/strong><\/a><\/p>\n\n\n\n<p><a href=\"tel:+393387125017\"><strong>+39 338 71 25 017<\/strong><\/a><\/p>\n<\/div><\/div>\n\n<\/div><\/div>\n\n<style>.kb-row-layout-id525_1e9cbc-4d > .kt-row-column-wrap{align-content:start;}:where(.kb-row-layout-id525_1e9cbc-4d > .kt-row-column-wrap) > .wp-block-kadence-column{justify-content:start;}.kb-row-layout-id525_1e9cbc-4d > .kt-row-column-wrap{column-gap:var(--global-kb-gap-md, 2rem);row-gap:var(--global-kb-gap-md, 2rem);padding-top:var(--global-kb-spacing-sm, 1.5rem);padding-bottom:var(--global-kb-spacing-sm, 1.5rem);}.kb-row-layout-id525_1e9cbc-4d > .kt-row-column-wrap > div:not(.added-for-specificity){grid-column:initial;}.kb-row-layout-id525_1e9cbc-4d > .kt-row-column-wrap{grid-template-columns:repeat(3, minmax(0, 1fr));}.kb-row-layout-id525_1e9cbc-4d > .kt-row-layout-overlay{opacity:0.30;}@media all and (max-width: 1024px){.kb-row-layout-id525_1e9cbc-4d > .kt-row-column-wrap > div:not(.added-for-specificity){grid-column:initial;}}@media all and (max-width: 1024px){.kb-row-layout-id525_1e9cbc-4d > .kt-row-column-wrap{grid-template-columns:repeat(3, minmax(0, 1fr));}}@media all and (max-width: 767px){.kb-row-layout-id525_1e9cbc-4d > .kt-row-column-wrap > div:not(.added-for-specificity){grid-column:initial;}.kb-row-layout-id525_1e9cbc-4d > .kt-row-column-wrap{grid-template-columns:minmax(0, 1fr);}}<\/style><div class=\"kb-row-layout-wrap kb-row-layout-id525_1e9cbc-4d alignnone wp-block-kadence-rowlayout\"><div class=\"kt-row-column-wrap kt-has-3-columns kt-row-layout-equal kt-tab-layout-inherit kt-mobile-layout-row kt-row-valign-top\">\n<style>.kadence-column525_8a2ee2-d5 > .kt-inside-inner-col,.kadence-column525_8a2ee2-d5 > .kt-inside-inner-col:before{border-top-left-radius:0px;border-top-right-radius:0px;border-bottom-right-radius:0px;border-bottom-left-radius:0px;}.kadence-column525_8a2ee2-d5 > .kt-inside-inner-col{column-gap:var(--global-kb-gap-sm, 1rem);}.kadence-column525_8a2ee2-d5 > .kt-inside-inner-col{flex-direction:column;}.kadence-column525_8a2ee2-d5 > .kt-inside-inner-col > .aligncenter{width:100%;}.kadence-column525_8a2ee2-d5 > .kt-inside-inner-col:before{opacity:0.3;}.kadence-column525_8a2ee2-d5{position:relative;}@media all and (max-width: 1024px){.kadence-column525_8a2ee2-d5 > .kt-inside-inner-col{flex-direction:column;justify-content:center;}}@media all and (max-width: 767px){.kadence-column525_8a2ee2-d5 > .kt-inside-inner-col{flex-direction:column;justify-content:center;}}<\/style>\n<div class=\"wp-block-kadence-column kadence-column525_8a2ee2-d5 inner-column-3\"><div class=\"kt-inside-inner-col\">\n<p><strong>Suiza, Alemania y Austria<\/strong><\/p>\n\n\n\n<p><strong><a href=\"mailto:tiziana@arcangeli.com\" rel=\"noreferrer noopener\" target=\"_blank\">tiziana@arcangeli.com<\/a><\/strong><\/p>\n\n\n\n<p><a href=\"tel:+393495359771\"><strong>+39 349 53 59 771<\/strong><\/a><\/p>\n<\/div><\/div>\n\n\n<style>.kadence-column525_2f6f81-85 > .kt-inside-inner-col,.kadence-column525_2f6f81-85 > .kt-inside-inner-col:before{border-top-left-radius:0px;border-top-right-radius:0px;border-bottom-right-radius:0px;border-bottom-left-radius:0px;}.kadence-column525_2f6f81-85 > .kt-inside-inner-col{column-gap:var(--global-kb-gap-sm, 1rem);}.kadence-column525_2f6f81-85 > .kt-inside-inner-col{flex-direction:column;}.kadence-column525_2f6f81-85 > .kt-inside-inner-col > .aligncenter{width:100%;}.kadence-column525_2f6f81-85 > .kt-inside-inner-col:before{opacity:0.3;}.kadence-column525_2f6f81-85{position:relative;}@media all and (max-width: 1024px){.kadence-column525_2f6f81-85 > .kt-inside-inner-col{flex-direction:column;justify-content:center;}}@media all and (max-width: 767px){.kadence-column525_2f6f81-85 > .kt-inside-inner-col{flex-direction:column;justify-content:center;}}<\/style>\n<div class=\"wp-block-kadence-column kadence-column525_2f6f81-85 inner-column-3\"><div class=\"kt-inside-inner-col\">\n<p><strong>Georgia, Moldavia, Kazajst\u00e1n, Azerbaiy\u00e1n, Uzbekist\u00e1n, Letonia<\/strong><\/p>\n\n\n\n<p><strong><a href=\"mailto:valentina@arcangeli.com\" rel=\"noreferrer noopener\" target=\"_blank\">valentina@arcangeli.com<\/a><\/strong><\/p>\n\n\n\n<p><a href=\"tel:+393349905831\"><strong>+39 334 99 05 831<\/strong><\/a><\/p>\n<\/div><\/div>\n\n\n<style>.kadence-column525_6975ce-be > .kt-inside-inner-col,.kadence-column525_6975ce-be > .kt-inside-inner-col:before{border-top-left-radius:0px;border-top-right-radius:0px;border-bottom-right-radius:0px;border-bottom-left-radius:0px;}.kadence-column525_6975ce-be > .kt-inside-inner-col{column-gap:var(--global-kb-gap-sm, 1rem);}.kadence-column525_6975ce-be > .kt-inside-inner-col{flex-direction:column;}.kadence-column525_6975ce-be > .kt-inside-inner-col > .aligncenter{width:100%;}.kadence-column525_6975ce-be > .kt-inside-inner-col:before{opacity:0.3;}.kadence-column525_6975ce-be{position:relative;}@media all and (max-width: 1024px){.kadence-column525_6975ce-be > .kt-inside-inner-col{flex-direction:column;justify-content:center;}}@media all and (max-width: 767px){.kadence-column525_6975ce-be > .kt-inside-inner-col{flex-direction:column;justify-content:center;}}<\/style>\n<div class=\"wp-block-kadence-column kadence-column525_6975ce-be inner-column-1\"><div class=\"kt-inside-inner-col\">\n<p><strong>C\u00f3rcega y Croacia<\/strong><\/p>\n\n\n\n<p><a href=\"mailto:lisa@arcangeli.com\"><strong>lisa@arcangeli.com<\/strong><\/a><\/p>\n\n\n\n<p><a href=\"tel:+393426187973\"><strong>+39 342 618 79 73<\/strong><\/a><\/p>\n<\/div><\/div>\n\n\n<style>.kadence-column525_74ac53-f2 > .kt-inside-inner-col,.kadence-column525_74ac53-f2 > .kt-inside-inner-col:before{border-top-left-radius:0px;border-top-right-radius:0px;border-bottom-right-radius:0px;border-bottom-left-radius:0px;}.kadence-column525_74ac53-f2 > .kt-inside-inner-col{column-gap:var(--global-kb-gap-sm, 1rem);}.kadence-column525_74ac53-f2 > .kt-inside-inner-col{flex-direction:column;}.kadence-column525_74ac53-f2 > .kt-inside-inner-col > .aligncenter{width:100%;}.kadence-column525_74ac53-f2 > .kt-inside-inner-col:before{opacity:0.3;}.kadence-column525_74ac53-f2{position:relative;}@media all and (max-width: 1024px){.kadence-column525_74ac53-f2 > .kt-inside-inner-col{flex-direction:column;justify-content:center;}}@media all and (max-width: 767px){.kadence-column525_74ac53-f2 > .kt-inside-inner-col{flex-direction:column;justify-content:center;}}<\/style>\n<div class=\"wp-block-kadence-column kadence-column525_74ac53-f2 inner-column-2\"><div class=\"kt-inside-inner-col\">\n<p><strong>Ucrania y Moldavia<\/strong><\/p>\n\n\n\n<p><strong><a href=\"mailto:nina@arcangeli.com\">nina@arcangeli.com<\/a><\/strong><\/p>\n\n\n\n<p><a href=\"tel:+393482597161\"><strong>+39 348 25 97 161<\/strong><\/a><\/p>\n<\/div><\/div>\n\n\n<style>.kadence-column525_6df597-a2 > .kt-inside-inner-col,.kadence-column525_6df597-a2 > .kt-inside-inner-col:before{border-top-left-radius:0px;border-top-right-radius:0px;border-bottom-right-radius:0px;border-bottom-left-radius:0px;}.kadence-column525_6df597-a2 > .kt-inside-inner-col{column-gap:var(--global-kb-gap-sm, 1rem);}.kadence-column525_6df597-a2 > .kt-inside-inner-col{flex-direction:column;}.kadence-column525_6df597-a2 > .kt-inside-inner-col > .aligncenter{width:100%;}.kadence-column525_6df597-a2 > .kt-inside-inner-col:before{opacity:0.3;}.kadence-column525_6df597-a2{position:relative;}@media all and (max-width: 1024px){.kadence-column525_6df597-a2 > .kt-inside-inner-col{flex-direction:column;justify-content:center;}}@media all and (max-width: 767px){.kadence-column525_6df597-a2 > .kt-inside-inner-col{flex-direction:column;justify-content:center;}}<\/style>\n<div class=\"wp-block-kadence-column kadence-column525_6df597-a2 inner-column-2\"><div class=\"kt-inside-inner-col\">\n<p><strong>Ruman\u00eda y Hungr\u00eda<\/strong><\/p>\n\n\n\n<p><strong><a href=\"mailto:adrian@arcangeli.com\">adrian@arcangeli.com<\/a><\/strong><\/p>\n\n\n\n<p><a href=\"tel:+393496522914\"><strong>+39 349 652 2914<\/strong><\/a><\/p>\n<\/div><\/div>\n\n\n<style>.kadence-column525_e883f0-5a > .kt-inside-inner-col,.kadence-column525_e883f0-5a > .kt-inside-inner-col:before{border-top-left-radius:0px;border-top-right-radius:0px;border-bottom-right-radius:0px;border-bottom-left-radius:0px;}.kadence-column525_e883f0-5a > .kt-inside-inner-col{column-gap:var(--global-kb-gap-sm, 1rem);}.kadence-column525_e883f0-5a > .kt-inside-inner-col{flex-direction:column;}.kadence-column525_e883f0-5a > .kt-inside-inner-col > .aligncenter{width:100%;}.kadence-column525_e883f0-5a > .kt-inside-inner-col:before{opacity:0.3;}.kadence-column525_e883f0-5a{position:relative;}@media all and (max-width: 1024px){.kadence-column525_e883f0-5a > .kt-inside-inner-col{flex-direction:column;justify-content:center;}}@media all and (max-width: 767px){.kadence-column525_e883f0-5a > .kt-inside-inner-col{flex-direction:column;justify-content:center;}}<\/style>\n<div class=\"wp-block-kadence-column kadence-column525_e883f0-5a inner-column-2\"><div class=\"kt-inside-inner-col\">\n<p><strong>Inglaterra, L\u00edbano y Turqu\u00eda<\/strong><\/p>\n\n\n\n<p><strong><a href=\"mailto:arcangeli@arcangeli.com\">arcangeli@arcangeli.com<\/a><\/strong><\/p>\n<\/div><\/div>\n\n\n<style>.kadence-column525_34120e-28 > .kt-inside-inner-col,.kadence-column525_34120e-28 > .kt-inside-inner-col:before{border-top-left-radius:0px;border-top-right-radius:0px;border-bottom-right-radius:0px;border-bottom-left-radius:0px;}.kadence-column525_34120e-28 > .kt-inside-inner-col{column-gap:var(--global-kb-gap-sm, 1rem);}.kadence-column525_34120e-28 > .kt-inside-inner-col{flex-direction:column;}.kadence-column525_34120e-28 > .kt-inside-inner-col > .aligncenter{width:100%;}.kadence-column525_34120e-28 > .kt-inside-inner-col:before{opacity:0.3;}.kadence-column525_34120e-28{position:relative;}@media all and (max-width: 1024px){.kadence-column525_34120e-28 > .kt-inside-inner-col{flex-direction:column;justify-content:center;}}@media all and (max-width: 767px){.kadence-column525_34120e-28 > .kt-inside-inner-col{flex-direction:column;justify-content:center;}}<\/style>\n<div class=\"wp-block-kadence-column kadence-column525_34120e-28 inner-column-3\"><div class=\"kt-inside-inner-col\">\n<p><strong>Representantes legales<\/strong><\/p>\n\n\n\n<p><strong><a href=\"mailto:arcangeligiovannimassimo@gmail.com\">arcangeligiovannimassimo@gmail.com<\/a><\/strong><\/p>\n<\/div><\/div>\n\n<\/div><\/div>\n\n<style>.kadence-column525_7d48f2-94 > .kt-inside-inner-col,.kadence-column525_7d48f2-94 > .kt-inside-inner-col:before{border-top-left-radius:0px;border-top-right-radius:0px;border-bottom-right-radius:0px;border-bottom-left-radius:0px;}.kadence-column525_7d48f2-94 > .kt-inside-inner-col{column-gap:var(--global-kb-gap-sm, 1rem);}.kadence-column525_7d48f2-94 > .kt-inside-inner-col{flex-direction:column;}.kadence-column525_7d48f2-94 > .kt-inside-inner-col > .aligncenter{width:100%;}.kadence-column525_7d48f2-94 > .kt-inside-inner-col:before{opacity:0.3;}.kadence-column525_7d48f2-94{position:relative;}@media all and (max-width: 1024px){.kadence-column525_7d48f2-94 > .kt-inside-inner-col{flex-direction:column;justify-content:center;}}@media all and (max-width: 767px){.kadence-column525_7d48f2-94 > .kt-inside-inner-col{flex-direction:column;justify-content:center;}}<\/style>\n<div class=\"wp-block-kadence-column kadence-column525_7d48f2-94 inner-column-1\"><div class=\"kt-inside-inner-col\">\n<p><\/p>\n<\/div><\/div>\n","protected":false},"excerpt":{"rendered":"<p>Italia massimiliano@arcangeli.com +39 334 64 84 246 Francia lorenzo@arcangeli.com +39 370 36 95 591 alessandro@arcangeli.com +39 333 21 24 018 Eslovaquia y Rep\u00fablica Checa petra@arcangeli.com +39 338 71 25 017 Suiza, Alemania y Austria tiziana@arcangeli.com +39 349 53 59 771 Georgia, Moldavia, Kazajst\u00e1n, Azerbaiy\u00e1n, Uzbekist\u00e1n, Letonia valentina@arcangeli.com +39 334 99 05 831 C\u00f3rcega y Croacia [&hellip;]<\/p>\n","protected":false},"author":1,"featured_media":187,"parent":0,"menu_order":0,"comment_status":"closed","ping_status":"closed","template":"","meta":{"_acf_changed":false,"footnotes":""},"class_list":["post-525","page","type-page","status-publish","has-post-thumbnail","hentry"],"acf":[],"yoast_head":"<!-- This site is optimized with the Yoast SEO plugin v23.3 - https:\/\/yoast.com\/wordpress\/plugins\/seo\/ -->\n<title>Red de venta - Arcangeli Giovanni e figlio<\/title>\n<meta name=\"robots\" content=\"index, follow, max-snippet:-1, max-image-preview:large, max-video-preview:-1\" \/>\n<link rel=\"canonical\" href=\"https:\/\/www.arcangeli.it\/es\/red-de-venta\/\" \/>\n<meta property=\"og:locale\" content=\"es_ES\" \/>\n<meta property=\"og:type\" content=\"article\" \/>\n<meta property=\"og:title\" content=\"Red de venta - Arcangeli Giovanni e figlio\" \/>\n<meta property=\"og:description\" content=\"Italia massimiliano@arcangeli.com +39 334 64 84 246 Francia lorenzo@arcangeli.com +39 370 36 95 591 alessandro@arcangeli.com +39 333 21 24 018 Eslovaquia y Rep\u00fablica Checa petra@arcangeli.com +39 338 71 25 017 Suiza, Alemania y Austria tiziana@arcangeli.com +39 349 53 59 771 Georgia, Moldavia, Kazajst\u00e1n, Azerbaiy\u00e1n, Uzbekist\u00e1n, Letonia valentina@arcangeli.com +39 334 99 05 831 C\u00f3rcega y Croacia [&hellip;]\" \/>\n<meta property=\"og:url\" content=\"https:\/\/www.arcangeli.it\/es\/red-de-venta\/\" \/>\n<meta property=\"og:site_name\" content=\"Arcangeli Giovanni e figlio\" \/>\n<meta property=\"article:modified_time\" content=\"2025-11-26T12:14:55+00:00\" \/>\n<meta property=\"og:image\" content=\"https:\/\/www.arcangeli.it\/wp-content\/uploads\/2020\/01\/rete-vendita-thumb.jpg\" \/>\n\t<meta property=\"og:image:width\" content=\"490\" \/>\n\t<meta property=\"og:image:height\" content=\"323\" \/>\n\t<meta property=\"og:image:type\" content=\"image\/jpeg\" \/>\n<meta name=\"twitter:card\" content=\"summary_large_image\" \/>\n<meta name=\"twitter:label1\" content=\"Est. reading time\" \/>\n\t<meta name=\"twitter:data1\" content=\"1 minute\" \/>\n<script type=\"application\/ld+json\" class=\"yoast-schema-graph\">{\"@context\":\"https:\/\/schema.org\",\"@graph\":[{\"@type\":\"WebPage\",\"@id\":\"https:\/\/www.arcangeli.it\/es\/red-de-venta\/\",\"url\":\"https:\/\/www.arcangeli.it\/es\/red-de-venta\/\",\"name\":\"Red de venta - Arcangeli Giovanni e figlio\",\"isPartOf\":{\"@id\":\"https:\/\/www.arcangeli.it\/es\/#website\"},\"primaryImageOfPage\":{\"@id\":\"https:\/\/www.arcangeli.it\/es\/red-de-venta\/#primaryimage\"},\"image\":{\"@id\":\"https:\/\/www.arcangeli.it\/es\/red-de-venta\/#primaryimage\"},\"thumbnailUrl\":\"https:\/\/www.arcangeli.it\/wp-content\/uploads\/2020\/01\/rete-vendita-thumb.jpg\",\"datePublished\":\"2020-03-27T15:51:32+00:00\",\"dateModified\":\"2025-11-26T12:14:55+00:00\",\"breadcrumb\":{\"@id\":\"https:\/\/www.arcangeli.it\/es\/red-de-venta\/#breadcrumb\"},\"inLanguage\":\"es-ES\",\"potentialAction\":[{\"@type\":\"ReadAction\",\"target\":[\"https:\/\/www.arcangeli.it\/es\/red-de-venta\/\"]}]},{\"@type\":\"ImageObject\",\"inLanguage\":\"es-ES\",\"@id\":\"https:\/\/www.arcangeli.it\/es\/red-de-venta\/#primaryimage\",\"url\":\"https:\/\/www.arcangeli.it\/wp-content\/uploads\/2020\/01\/rete-vendita-thumb.jpg\",\"contentUrl\":\"https:\/\/www.arcangeli.it\/wp-content\/uploads\/2020\/01\/rete-vendita-thumb.jpg\",\"width\":490,\"height\":323},{\"@type\":\"BreadcrumbList\",\"@id\":\"https:\/\/www.arcangeli.it\/es\/red-de-venta\/#breadcrumb\",\"itemListElement\":[{\"@type\":\"ListItem\",\"position\":1,\"name\":\"Home\",\"item\":\"https:\/\/www.arcangeli.it\/es\/\"},{\"@type\":\"ListItem\",\"position\":2,\"name\":\"Red de venta\"}]},{\"@type\":\"WebSite\",\"@id\":\"https:\/\/www.arcangeli.it\/es\/#website\",\"url\":\"https:\/\/www.arcangeli.it\/es\/\",\"name\":\"Arcangeli Giovanni e figlio\",\"description\":\"\",\"publisher\":{\"@id\":\"https:\/\/www.arcangeli.it\/es\/#organization\"},\"potentialAction\":[{\"@type\":\"SearchAction\",\"target\":{\"@type\":\"EntryPoint\",\"urlTemplate\":\"https:\/\/www.arcangeli.it\/es\/?s={search_term_string}\"},\"query-input\":\"required name=search_term_string\"}],\"inLanguage\":\"es-ES\"},{\"@type\":\"Organization\",\"@id\":\"https:\/\/www.arcangeli.it\/es\/#organization\",\"name\":\"Arcangeli Giovanni e figlio\",\"url\":\"https:\/\/www.arcangeli.it\/es\/\",\"logo\":{\"@type\":\"ImageObject\",\"inLanguage\":\"es-ES\",\"@id\":\"https:\/\/www.arcangeli.it\/es\/#\/schema\/logo\/image\/\",\"url\":\"https:\/\/www.arcangeli.it\/wp-content\/uploads\/2019\/12\/arcangeli-logo.png\",\"contentUrl\":\"https:\/\/www.arcangeli.it\/wp-content\/uploads\/2019\/12\/arcangeli-logo.png\",\"width\":476,\"height\":91,\"caption\":\"Arcangeli Giovanni e figlio\"},\"image\":{\"@id\":\"https:\/\/www.arcangeli.it\/es\/#\/schema\/logo\/image\/\"}}]}<\/script>\n<!-- \/ Yoast SEO plugin. -->","yoast_head_json":{"title":"Red de venta - Arcangeli Giovanni e figlio","robots":{"index":"index","follow":"follow","max-snippet":"max-snippet:-1","max-image-preview":"max-image-preview:large","max-video-preview":"max-video-preview:-1"},"canonical":"https:\/\/www.arcangeli.it\/es\/red-de-venta\/","og_locale":"es_ES","og_type":"article","og_title":"Red de venta - Arcangeli Giovanni e figlio","og_description":"Italia massimiliano@arcangeli.com +39 334 64 84 246 Francia lorenzo@arcangeli.com +39 370 36 95 591 alessandro@arcangeli.com +39 333 21 24 018 Eslovaquia y Rep\u00fablica Checa petra@arcangeli.com +39 338 71 25 017 Suiza, Alemania y Austria tiziana@arcangeli.com +39 349 53 59 771 Georgia, Moldavia, Kazajst\u00e1n, Azerbaiy\u00e1n, Uzbekist\u00e1n, Letonia valentina@arcangeli.com +39 334 99 05 831 C\u00f3rcega y Croacia [&hellip;]","og_url":"https:\/\/www.arcangeli.it\/es\/red-de-venta\/","og_site_name":"Arcangeli Giovanni e figlio","article_modified_time":"2025-11-26T12:14:55+00:00","og_image":[{"width":490,"height":323,"url":"https:\/\/www.arcangeli.it\/wp-content\/uploads\/2020\/01\/rete-vendita-thumb.jpg","type":"image\/jpeg"}],"twitter_card":"summary_large_image","twitter_misc":{"Est. reading time":"1 minute"},"schema":{"@context":"https:\/\/schema.org","@graph":[{"@type":"WebPage","@id":"https:\/\/www.arcangeli.it\/es\/red-de-venta\/","url":"https:\/\/www.arcangeli.it\/es\/red-de-venta\/","name":"Red de venta - Arcangeli Giovanni e figlio","isPartOf":{"@id":"https:\/\/www.arcangeli.it\/es\/#website"},"primaryImageOfPage":{"@id":"https:\/\/www.arcangeli.it\/es\/red-de-venta\/#primaryimage"},"image":{"@id":"https:\/\/www.arcangeli.it\/es\/red-de-venta\/#primaryimage"},"thumbnailUrl":"https:\/\/www.arcangeli.it\/wp-content\/uploads\/2020\/01\/rete-vendita-thumb.jpg","datePublished":"2020-03-27T15:51:32+00:00","dateModified":"2025-11-26T12:14:55+00:00","breadcrumb":{"@id":"https:\/\/www.arcangeli.it\/es\/red-de-venta\/#breadcrumb"},"inLanguage":"es-ES","potentialAction":[{"@type":"ReadAction","target":["https:\/\/www.arcangeli.it\/es\/red-de-venta\/"]}]},{"@type":"ImageObject","inLanguage":"es-ES","@id":"https:\/\/www.arcangeli.it\/es\/red-de-venta\/#primaryimage","url":"https:\/\/www.arcangeli.it\/wp-content\/uploads\/2020\/01\/rete-vendita-thumb.jpg","contentUrl":"https:\/\/www.arcangeli.it\/wp-content\/uploads\/2020\/01\/rete-vendita-thumb.jpg","width":490,"height":323},{"@type":"BreadcrumbList","@id":"https:\/\/www.arcangeli.it\/es\/red-de-venta\/#breadcrumb","itemListElement":[{"@type":"ListItem","position":1,"name":"Home","item":"https:\/\/www.arcangeli.it\/es\/"},{"@type":"ListItem","position":2,"name":"Red de venta"}]},{"@type":"WebSite","@id":"https:\/\/www.arcangeli.it\/es\/#website","url":"https:\/\/www.arcangeli.it\/es\/","name":"Arcangeli Giovanni e figlio","description":"","publisher":{"@id":"https:\/\/www.arcangeli.it\/es\/#organization"},"potentialAction":[{"@type":"SearchAction","target":{"@type":"EntryPoint","urlTemplate":"https:\/\/www.arcangeli.it\/es\/?s={search_term_string}"},"query-input":"required name=search_term_string"}],"inLanguage":"es-ES"},{"@type":"Organization","@id":"https:\/\/www.arcangeli.it\/es\/#organization","name":"Arcangeli Giovanni e figlio","url":"https:\/\/www.arcangeli.it\/es\/","logo":{"@type":"ImageObject","inLanguage":"es-ES","@id":"https:\/\/www.arcangeli.it\/es\/#\/schema\/logo\/image\/","url":"https:\/\/www.arcangeli.it\/wp-content\/uploads\/2019\/12\/arcangeli-logo.png","contentUrl":"https:\/\/www.arcangeli.it\/wp-content\/uploads\/2019\/12\/arcangeli-logo.png","width":476,"height":91,"caption":"Arcangeli Giovanni e figlio"},"image":{"@id":"https:\/\/www.arcangeli.it\/es\/#\/schema\/logo\/image\/"}}]}},"_links":{"self":[{"href":"https:\/\/www.arcangeli.it\/es\/wp-json\/wp\/v2\/pages\/525","targetHints":{"allow":["GET"]}}],"collection":[{"href":"https:\/\/www.arcangeli.it\/es\/wp-json\/wp\/v2\/pages"}],"about":[{"href":"https:\/\/www.arcangeli.it\/es\/wp-json\/wp\/v2\/types\/page"}],"author":[{"embeddable":true,"href":"https:\/\/www.arcangeli.it\/es\/wp-json\/wp\/v2\/users\/1"}],"replies":[{"embeddable":true,"href":"https:\/\/www.arcangeli.it\/es\/wp-json\/wp\/v2\/comments?post=525"}],"version-history":[{"count":7,"href":"https:\/\/www.arcangeli.it\/es\/wp-json\/wp\/v2\/pages\/525\/revisions"}],"predecessor-version":[{"id":842,"href":"https:\/\/www.arcangeli.it\/es\/wp-json\/wp\/v2\/pages\/525\/revisions\/842"}],"wp:featuredmedia":[{"embeddable":true,"href":"https:\/\/www.arcangeli.it\/es\/wp-json\/wp\/v2\/media\/187"}],"wp:attachment":[{"href":"https:\/\/www.arcangeli.it\/es\/wp-json\/wp\/v2\/media?parent=525"}],"curies":[{"name":"wp","href":"https:\/\/api.w.org\/{rel}","templated":true}]}}