{"id":429,"date":"2020-03-27T14:53:53","date_gmt":"2020-03-27T13:53:53","guid":{"rendered":"https:\/\/www.arcangeli.it\/home\/"},"modified":"2020-03-27T14:54:16","modified_gmt":"2020-03-27T13:54:16","slug":"home","status":"publish","type":"page","link":"https:\/\/www.arcangeli.it\/fr\/","title":{"rendered":"Home"},"content":{"rendered":"\n<h2 class=\"has-text-align-center font-weight-lighter py-4 wp-block-heading\">NOS P\u00c9PINI\u00c8RES ORNEMENTALES EN TOSCANE DEPUIS 1930<\/h2>\n\n<p class=\"has-text-align-center\">Si nos plantes et nos arbres ornementaux sont aujourd\u2019hui pr\u00e9sents dans le monde entier, notre histoire, quant \u00e0 elle, plonge ses racines au c\u0153ur de la Toscane, dans la tradition p\u00e9pini\u00e9riste de la r\u00e9gion de Pistoia. Depuis quatre-vingt-dix ans, nous cultivons la passion pour notre terre et son paysage, que nous avons contribu\u00e9 \u00e0 pr\u00e9server et \u00e0 faire conna\u00eetre au niveau international.  <\/p>\n","protected":false},"excerpt":{"rendered":"<p>NOS P\u00c9PINI\u00c8RES ORNEMENTALES EN TOSCANE DEPUIS 1930 Si nos plantes et nos arbres ornementaux sont aujourd\u2019hui pr\u00e9sents dans le monde entier, notre histoire, quant \u00e0 elle, plonge ses racines au c\u0153ur de la Toscane, dans la tradition p\u00e9pini\u00e9riste de la r\u00e9gion de Pistoia. Depuis quatre-vingt-dix ans, nous cultivons la passion pour notre terre et son [&hellip;]<\/p>\n","protected":false},"author":1,"featured_media":0,"parent":0,"menu_order":0,"comment_status":"closed","ping_status":"closed","template":"templates-default\/tpl-front-page.php","meta":{"_acf_changed":false,"footnotes":""},"class_list":["post-429","page","type-page","status-publish","hentry"],"acf":[],"yoast_head":"<!-- This site is optimized with the Yoast SEO plugin v23.3 - https:\/\/yoast.com\/wordpress\/plugins\/seo\/ -->\n<title>Home - Arcangeli Giovanni e figlio<\/title>\n<meta name=\"robots\" content=\"index, follow, max-snippet:-1, max-image-preview:large, max-video-preview:-1\" \/>\n<link rel=\"canonical\" href=\"https:\/\/www.arcangeli.it\/fr\/\" \/>\n<meta property=\"og:locale\" content=\"fr_FR\" \/>\n<meta property=\"og:type\" content=\"article\" \/>\n<meta property=\"og:title\" content=\"Home - Arcangeli Giovanni e figlio\" \/>\n<meta property=\"og:description\" content=\"NOS P\u00c9PINI\u00c8RES ORNEMENTALES EN TOSCANE DEPUIS 1930 Si nos plantes et nos arbres ornementaux sont aujourd\u2019hui pr\u00e9sents dans le monde entier, notre histoire, quant \u00e0 elle, plonge ses racines au c\u0153ur de la Toscane, dans la tradition p\u00e9pini\u00e9riste de la r\u00e9gion de Pistoia. Depuis quatre-vingt-dix ans, nous cultivons la passion pour notre terre et son [&hellip;]\" \/>\n<meta property=\"og:url\" content=\"https:\/\/www.arcangeli.it\/fr\/\" \/>\n<meta property=\"og:site_name\" content=\"Arcangeli Giovanni e figlio\" \/>\n<meta property=\"article:modified_time\" content=\"2020-03-27T13:54:16+00:00\" \/>\n<meta name=\"twitter:card\" content=\"summary_large_image\" \/>\n<script type=\"application\/ld+json\" class=\"yoast-schema-graph\">{\"@context\":\"https:\/\/schema.org\",\"@graph\":[{\"@type\":\"WebPage\",\"@id\":\"https:\/\/www.arcangeli.it\/fr\/\",\"url\":\"https:\/\/www.arcangeli.it\/fr\/\",\"name\":\"Home - Arcangeli Giovanni e figlio\",\"isPartOf\":{\"@id\":\"https:\/\/www.arcangeli.it\/fr\/#website\"},\"datePublished\":\"2020-03-27T13:53:53+00:00\",\"dateModified\":\"2020-03-27T13:54:16+00:00\",\"breadcrumb\":{\"@id\":\"https:\/\/www.arcangeli.it\/fr\/#breadcrumb\"},\"inLanguage\":\"fr-FR\",\"potentialAction\":[{\"@type\":\"ReadAction\",\"target\":[\"https:\/\/www.arcangeli.it\/fr\/\"]}]},{\"@type\":\"BreadcrumbList\",\"@id\":\"https:\/\/www.arcangeli.it\/fr\/#breadcrumb\",\"itemListElement\":[{\"@type\":\"ListItem\",\"position\":1,\"name\":\"Home\",\"item\":\"https:\/\/www.arcangeli.it\/fr\/\"},{\"@type\":\"ListItem\",\"position\":2,\"name\":\"Home\"}]},{\"@type\":\"WebSite\",\"@id\":\"https:\/\/www.arcangeli.it\/fr\/#website\",\"url\":\"https:\/\/www.arcangeli.it\/fr\/\",\"name\":\"Arcangeli Giovanni e figlio\",\"description\":\"\",\"publisher\":{\"@id\":\"https:\/\/www.arcangeli.it\/fr\/#organization\"},\"potentialAction\":[{\"@type\":\"SearchAction\",\"target\":{\"@type\":\"EntryPoint\",\"urlTemplate\":\"https:\/\/www.arcangeli.it\/fr\/?s={search_term_string}\"},\"query-input\":\"required name=search_term_string\"}],\"inLanguage\":\"fr-FR\"},{\"@type\":\"Organization\",\"@id\":\"https:\/\/www.arcangeli.it\/fr\/#organization\",\"name\":\"Arcangeli Giovanni e figlio\",\"url\":\"https:\/\/www.arcangeli.it\/fr\/\",\"logo\":{\"@type\":\"ImageObject\",\"inLanguage\":\"fr-FR\",\"@id\":\"https:\/\/www.arcangeli.it\/fr\/#\/schema\/logo\/image\/\",\"url\":\"https:\/\/www.arcangeli.it\/wp-content\/uploads\/2019\/12\/arcangeli-logo.png\",\"contentUrl\":\"https:\/\/www.arcangeli.it\/wp-content\/uploads\/2019\/12\/arcangeli-logo.png\",\"width\":476,\"height\":91,\"caption\":\"Arcangeli Giovanni e figlio\"},\"image\":{\"@id\":\"https:\/\/www.arcangeli.it\/fr\/#\/schema\/logo\/image\/\"}}]}<\/script>\n<!-- \/ Yoast SEO plugin. -->","yoast_head_json":{"title":"Home - Arcangeli Giovanni e figlio","robots":{"index":"index","follow":"follow","max-snippet":"max-snippet:-1","max-image-preview":"max-image-preview:large","max-video-preview":"max-video-preview:-1"},"canonical":"https:\/\/www.arcangeli.it\/fr\/","og_locale":"fr_FR","og_type":"article","og_title":"Home - Arcangeli Giovanni e figlio","og_description":"NOS P\u00c9PINI\u00c8RES ORNEMENTALES EN TOSCANE DEPUIS 1930 Si nos plantes et nos arbres ornementaux sont aujourd\u2019hui pr\u00e9sents dans le monde entier, notre histoire, quant \u00e0 elle, plonge ses racines au c\u0153ur de la Toscane, dans la tradition p\u00e9pini\u00e9riste de la r\u00e9gion de Pistoia. Depuis quatre-vingt-dix ans, nous cultivons la passion pour notre terre et son [&hellip;]","og_url":"https:\/\/www.arcangeli.it\/fr\/","og_site_name":"Arcangeli Giovanni e figlio","article_modified_time":"2020-03-27T13:54:16+00:00","twitter_card":"summary_large_image","schema":{"@context":"https:\/\/schema.org","@graph":[{"@type":"WebPage","@id":"https:\/\/www.arcangeli.it\/fr\/","url":"https:\/\/www.arcangeli.it\/fr\/","name":"Home - Arcangeli Giovanni e figlio","isPartOf":{"@id":"https:\/\/www.arcangeli.it\/fr\/#website"},"datePublished":"2020-03-27T13:53:53+00:00","dateModified":"2020-03-27T13:54:16+00:00","breadcrumb":{"@id":"https:\/\/www.arcangeli.it\/fr\/#breadcrumb"},"inLanguage":"fr-FR","potentialAction":[{"@type":"ReadAction","target":["https:\/\/www.arcangeli.it\/fr\/"]}]},{"@type":"BreadcrumbList","@id":"https:\/\/www.arcangeli.it\/fr\/#breadcrumb","itemListElement":[{"@type":"ListItem","position":1,"name":"Home","item":"https:\/\/www.arcangeli.it\/fr\/"},{"@type":"ListItem","position":2,"name":"Home"}]},{"@type":"WebSite","@id":"https:\/\/www.arcangeli.it\/fr\/#website","url":"https:\/\/www.arcangeli.it\/fr\/","name":"Arcangeli Giovanni e figlio","description":"","publisher":{"@id":"https:\/\/www.arcangeli.it\/fr\/#organization"},"potentialAction":[{"@type":"SearchAction","target":{"@type":"EntryPoint","urlTemplate":"https:\/\/www.arcangeli.it\/fr\/?s={search_term_string}"},"query-input":"required name=search_term_string"}],"inLanguage":"fr-FR"},{"@type":"Organization","@id":"https:\/\/www.arcangeli.it\/fr\/#organization","name":"Arcangeli Giovanni e figlio","url":"https:\/\/www.arcangeli.it\/fr\/","logo":{"@type":"ImageObject","inLanguage":"fr-FR","@id":"https:\/\/www.arcangeli.it\/fr\/#\/schema\/logo\/image\/","url":"https:\/\/www.arcangeli.it\/wp-content\/uploads\/2019\/12\/arcangeli-logo.png","contentUrl":"https:\/\/www.arcangeli.it\/wp-content\/uploads\/2019\/12\/arcangeli-logo.png","width":476,"height":91,"caption":"Arcangeli Giovanni e figlio"},"image":{"@id":"https:\/\/www.arcangeli.it\/fr\/#\/schema\/logo\/image\/"}}]}},"_links":{"self":[{"href":"https:\/\/www.arcangeli.it\/fr\/wp-json\/wp\/v2\/pages\/429","targetHints":{"allow":["GET"]}}],"collection":[{"href":"https:\/\/www.arcangeli.it\/fr\/wp-json\/wp\/v2\/pages"}],"about":[{"href":"https:\/\/www.arcangeli.it\/fr\/wp-json\/wp\/v2\/types\/page"}],"author":[{"embeddable":true,"href":"https:\/\/www.arcangeli.it\/fr\/wp-json\/wp\/v2\/users\/1"}],"replies":[{"embeddable":true,"href":"https:\/\/www.arcangeli.it\/fr\/wp-json\/wp\/v2\/comments?post=429"}],"version-history":[{"count":3,"href":"https:\/\/www.arcangeli.it\/fr\/wp-json\/wp\/v2\/pages\/429\/revisions"}],"predecessor-version":[{"id":432,"href":"https:\/\/www.arcangeli.it\/fr\/wp-json\/wp\/v2\/pages\/429\/revisions\/432"}],"wp:attachment":[{"href":"https:\/\/www.arcangeli.it\/fr\/wp-json\/wp\/v2\/media?parent=429"}],"curies":[{"name":"wp","href":"https:\/\/api.w.org\/{rel}","templated":true}]}}