{"id":433,"date":"2020-03-27T15:02:50","date_gmt":"2020-03-27T14:02:50","guid":{"rendered":"https:\/\/www.arcangeli.it\/histoire\/"},"modified":"2020-03-27T15:05:53","modified_gmt":"2020-03-27T14:05:53","slug":"histoire","status":"publish","type":"page","link":"https:\/\/www.arcangeli.it\/fr\/histoire\/","title":{"rendered":"HISTOIRE"},"content":{"rendered":"<style>.wp-block-kadence-advancedheading.kt-adv-heading_2d6332-52, .wp-block-kadence-advancedheading.kt-adv-heading_2d6332-52[data-kb-block=\"kb-adv-heading_2d6332-52\"]{text-align:center;font-style:normal;}.wp-block-kadence-advancedheading.kt-adv-heading_2d6332-52 mark.kt-highlight, .wp-block-kadence-advancedheading.kt-adv-heading_2d6332-52[data-kb-block=\"kb-adv-heading_2d6332-52\"] mark.kt-highlight{font-style:normal;color:#f76a0c;-webkit-box-decoration-break:clone;box-decoration-break:clone;padding-top:0px;padding-right:0px;padding-bottom:0px;padding-left:0px;}.wp-block-kadence-advancedheading.kt-adv-heading_2d6332-52 img.kb-inline-image, .wp-block-kadence-advancedheading.kt-adv-heading_2d6332-52[data-kb-block=\"kb-adv-heading_2d6332-52\"] img.kb-inline-image{width:150px;vertical-align:baseline;}<\/style>\n<h2 id=\"kt-adv-heading_2d6332-52\" class=\"kt-adv-heading_2d6332-52 wp-block-kadence-advancedheading\" style=\"text-align:center\">UNE HISTOIRE DE PASSION, QUI COMMENCE \u00c0 PARTIR DE 1930<\/h2>\n<style>.wp-block-kadence-column.kb-section-dir-horizontal > .kt-inside-inner-col > #kt-info-box_2b7d55-2e .kt-blocks-info-box-link-wrap{max-width:unset;}#kt-info-box_2b7d55-2e .kt-blocks-info-box-link-wrap{border-top-width:0px;border-right-width:0px;border-bottom-width:0px;border-left-width:0px;background:#885431;padding-top:20px;padding-right:20px;padding-bottom:20px;padding-left:20px;}#kt-info-box_2b7d55-2e .kt-blocks-info-box-link-wrap:hover{background:rgba(136, 84, 49, 0.89);}#kt-info-box_2b7d55-2e.wp-block-kadence-infobox{max-width:100%;}#kt-info-box_2b7d55-2e .kadence-info-box-image-inner-intrisic-container{max-width:490px;}#kt-info-box_2b7d55-2e .kadence-info-box-image-inner-intrisic-container .kadence-info-box-image-intrisic{padding-bottom:65.9184%;width:490px;height:0px;max-width:100%;}#kt-info-box_2b7d55-2e .kadence-info-box-icon-container .kt-info-svg-icon, #kt-info-box_2b7d55-2e .kt-info-svg-icon-flip, #kt-info-box_2b7d55-2e .kt-blocks-info-box-number{font-size:5px;}#kt-info-box_2b7d55-2e .kt-blocks-info-box-media{color:#ffffff;background:transparent;border-color:#444444;border-top-width:0px;border-right-width:0px;border-bottom-width:0px;border-left-width:0px;padding-top:10px;padding-right:10px;padding-bottom:10px;padding-left:10px;margin-top:0px;margin-right:15px;margin-bottom:0px;margin-left:15px;}#kt-info-box_2b7d55-2e .kt-blocks-info-box-link-wrap:hover .kt-blocks-info-box-media{color:#ffffff;background:transparent;border-color:#444444;}#kt-info-box_2b7d55-2e .kt-infobox-textcontent h2.kt-blocks-info-box-title{color:#ffffff;padding-top:0px;padding-right:0px;padding-bottom:0px;padding-left:0px;margin-top:5px;margin-right:0px;margin-bottom:10px;margin-left:0px;}#kt-info-box_2b7d55-2e .kt-blocks-info-box-link-wrap:hover h2.kt-blocks-info-box-title{color:#ffffff;}#kt-info-box_2b7d55-2e .kt-infobox-textcontent .kt-blocks-info-box-text{color:#ffffff;}#kt-info-box_2b7d55-2e .kt-blocks-info-box-link-wrap:hover .kt-blocks-info-box-text{color:#ffffff;}#kt-info-box_2b7d55-2e .kt-blocks-info-box-learnmore{color:#ffffff;background:#0A6689;border-color:#ffffff;border-width:0px 0px 0px 0px;padding-top:4px;padding-right:8px;padding-bottom:4px;padding-left:8px;margin-top:10px;margin-right:0px;margin-bottom:10px;margin-left:0px;}#kt-info-box_2b7d55-2e .kt-blocks-info-box-link-wrap:hover .kt-blocks-info-box-learnmore,#kt-info-box_2b7d55-2e .kt-blocks-info-box-link-wrap .kt-blocks-info-box-learnmore:focus{color:#0A6689;background:#ffffff;border-color:#ffffff;}<\/style>\n<div id=\"kt-info-box_2b7d55-2e\" class=\"wp-block-kadence-infobox\"><a class=\"kt-blocks-info-box-link-wrap kt-blocks-info-box-media-align-right kt-info-halign-right\"><div class=\"kt-blocks-info-box-media-container\"><div class=\"kt-blocks-info-box-media kt-info-media-animate-none\"><div class=\"kadence-info-box-image-inner-intrisic-container\" style=\"max-width:490px\"><div class=\"kadence-info-box-image-intrisic kt-info-animate-none\" style=\"padding-bottom:65.91836734693878%;height:0;width:490px;max-width:100%\"><div class=\"kadence-info-box-image-inner-intrisic\"><img loading=\"lazy\" decoding=\"async\" src=\"https:\/\/www.arcangeli.it\/wp-content\/themes\/webag_3\/templates-default\/img\/t.png\" data-src=\"https:\/\/www.arcangeli.it\/wp-content\/uploads\/2020\/01\/la-nostra-storia-thumb.jpg\" alt=\"\" width=\"490\" height=\"323\" class=\"lazy kt-info-box-image wp-image-163 \" data-srcset=\"https:\/\/www.arcangeli.it\/wp-content\/uploads\/2020\/01\/la-nostra-storia-thumb.jpg 490w, https:\/\/www.arcangeli.it\/wp-content\/uploads\/2020\/01\/la-nostra-storia-thumb-300x198.jpg 300w, https:\/\/www.arcangeli.it\/wp-content\/uploads\/2020\/01\/la-nostra-storia-thumb-150x99.jpg 150w\" sizes=\"auto, (max-width: 490px) 100vw, 490px\" \/><\/div><\/div><\/div><\/div><\/div><div class=\"kt-infobox-textcontent\"><h2 class=\"kt-blocks-info-box-title\"><strong>&#8220;la terre a la valeur de l\u2019homme qui la travaille&#8221;<\/strong><\/h2><p class=\"kt-blocks-info-box-text\"><br\/><strong>Giovanni Arcangeli<\/strong><br\/>22\/11\/1911 &#8211; 24\/12\/2008<\/p><\/div><\/a><\/div>\n\n<div class=\"wp-block-columns is-layout-flex wp-container-core-columns-is-layout-9d6595d7 wp-block-columns-is-layout-flex\">\n<div class=\"wp-block-column is-layout-flow wp-block-column-is-layout-flow\"><\/div>\n\n\n\n<div class=\"wp-block-column is-layout-flow wp-block-column-is-layout-flow\"><\/div>\n<\/div>\n\n<p>L\u2019absence de Giovanni Arcangeli sera certainement ressentie par les proches et les amis, mais aussi par toute la profession de la r\u00e9gion de Pistoia. Giovanni Arcangeli a \u00e9t\u00e9 l\u2019un des chefs de file de l\u2019activit\u00e9 p\u00e9pini\u00e9riste locale. En 1930, il commen\u00e7a \u00e0 collaborer avec les producteurs locaux autour de la culture par greffe des arbres fruitiers. Quelques ann\u00e9es plus tard, il pressentit le potentiel du secteur et malgr\u00e9 le scepticisme des autres cultivateurs, il d\u00e9cida de bouleverser les traditions locales en rempla\u00e7ant quelques vignes par des conif\u00e8res, l\u2019une de ses passions. <\/p>\n\n<p> L\u2019innovation et l\u2019envie d\u2019en savoir plus sur son propre m\u00e9tier ont toujours caract\u00e9ris\u00e9 l\u2019existence de Giovanni. Les coll\u00e8gues se souviendront de lui comme l\u2019homme qui fit connaitre \u00e0 Pistoia la \u00abgreffe avec paraffine\u00bb. A propos de cette technique, aujourd\u2019hui encore circulent quelques anecdotes amusantes: pour garder le secret \u2013 Giovanni \u00e9tait un cultivateur dou\u00e9 mais aussi un habile entrepreneur \u2013 il nettoyait ses premi\u00e8res plantes greff\u00e9es mises en vente sur le march\u00e9. Il \u00e9tait alors le seul producteur de certaines vari\u00e9t\u00e9s de plantes et personne ne comprenait comment c\u2019\u00e9tait possible.<\/p>\n\n<p> La v\u00e9ritable expansion de l\u2019activit\u00e9 p\u00e9pini\u00e9riste eut lieu apr\u00e8s la Deuxi\u00e8me Guerre. Pistoia s\u2019\u00e9largissait et l\u2019entreprise familiale grandit en m\u00eame temps que le march\u00e9: achats de nouveaux terrains, importations de nouvelles vari\u00e9t\u00e9s, d\u00e9but de l\u2019activit\u00e9 d\u2019exportation, tout cela contribuait \u00e0 affirmer la p\u00e9pini\u00e8re Arcangeli comme l\u2019une des plus importantes r\u00e9alit\u00e9s du secteur au niveau national. Giovanni n\u2019a jamais reni\u00e9 sa nature avant-gardiste: il entreprit innombrables voyages par tout dans le monde \u2013 il dira plus tard \u00abIl n\u2019y a que l\u2019Australie que je ne connais pas\u00bb \u2013 en ramenant \u00e0 chaque fois de nouvelles techniques et nouvelles vari\u00e9t\u00e9s \u00e0 cultiver. Ses voyages lui permirent de retourner souvent aux \u00c9tats Unis, son v\u00e9ritable amour.<\/p>\n\n<p> En 1976 l\u2019entreprise s\u2019agrandit jusqu\u2019aux portes de Montecatini Terme avec l\u2019achat de 20 hectares de terrain. Au d\u00e9but des ann\u00e9es 80, Pistoia commen\u00e7a \u00e0 connaitre la culture en pot. Arcangeli r\u00e9pondit \u00e0 cette nouvelle demande en destinant une partie de sa production \u00e0 cette technique, mais la partie pr\u00e9pond\u00e9rante de la surface cultiv\u00e9e \u00e9tait \u2013 et est encore aujourd\u2019hui \u2013 r\u00e9serv\u00e9e \u00e0 la culture en plein champ. L\u2019achat d\u2019une p\u00e9pini\u00e8re \u00e0 S. Vincenzo permit \u00e0 l\u2019entreprise de poss\u00e9der plus de 200 hectares de culture. <\/p>\n\n<p> Ce dernier achat, qui visait \u00e0 accroitre la production de palmier et esp\u00e8ces m\u00e9diterran\u00e9ennes, est une preuve suppl\u00e9mentaire de la strat\u00e9gie commerciale de Giovanni Arcangeli : en vrai pionnier, il devance une activit\u00e9 rare qui deviendra, par la suite, assez r\u00e9pandue dans la r\u00e9gion. S.Vincenzo \u00e9tait \u00absa place au soleil\u00bb: l\u00e0-bas il passa le plus de temps possible dans ses derni\u00e8res ann\u00e9es de vie.<\/p>\n\n<p> Beaucoup d\u2019histoires encore tournent autour de l\u2019image de Giovanni Arcangeli, p\u00e9pini\u00e9riste de Pistoia et citoyen du monde\u2026 mais les pages de ce catalogue ne suffiraient pas pour toutes les raconter&#8230;<\/p>\n","protected":false},"excerpt":{"rendered":"<p>UNE HISTOIRE DE PASSION, QUI COMMENCE \u00c0 PARTIR DE 1930 L\u2019absence de Giovanni Arcangeli sera certainement ressentie par les proches et les amis, mais aussi par toute la profession de la r\u00e9gion de Pistoia. Giovanni Arcangeli a \u00e9t\u00e9 l\u2019un des chefs de file de l\u2019activit\u00e9 p\u00e9pini\u00e9riste locale. En 1930, il commen\u00e7a \u00e0 collaborer avec les [&hellip;]<\/p>\n","protected":false},"author":1,"featured_media":165,"parent":0,"menu_order":0,"comment_status":"closed","ping_status":"closed","template":"","meta":{"_acf_changed":false,"footnotes":""},"class_list":["post-433","page","type-page","status-publish","has-post-thumbnail","hentry"],"acf":[],"yoast_head":"<!-- This site is optimized with the Yoast SEO plugin v23.3 - https:\/\/yoast.com\/wordpress\/plugins\/seo\/ -->\n<title>HISTOIRE - Arcangeli Giovanni e figlio<\/title>\n<meta name=\"robots\" content=\"index, follow, max-snippet:-1, max-image-preview:large, max-video-preview:-1\" \/>\n<link rel=\"canonical\" href=\"https:\/\/www.arcangeli.it\/fr\/histoire\/\" \/>\n<meta property=\"og:locale\" content=\"fr_FR\" \/>\n<meta property=\"og:type\" content=\"article\" \/>\n<meta property=\"og:title\" content=\"HISTOIRE - Arcangeli Giovanni e figlio\" \/>\n<meta property=\"og:description\" content=\"UNE HISTOIRE DE PASSION, QUI COMMENCE \u00c0 PARTIR DE 1930 L\u2019absence de Giovanni Arcangeli sera certainement ressentie par les proches et les amis, mais aussi par toute la profession de la r\u00e9gion de Pistoia. Giovanni Arcangeli a \u00e9t\u00e9 l\u2019un des chefs de file de l\u2019activit\u00e9 p\u00e9pini\u00e9riste locale. En 1930, il commen\u00e7a \u00e0 collaborer avec les [&hellip;]\" \/>\n<meta property=\"og:url\" content=\"https:\/\/www.arcangeli.it\/fr\/histoire\/\" \/>\n<meta property=\"og:site_name\" content=\"Arcangeli Giovanni e figlio\" \/>\n<meta property=\"article:modified_time\" content=\"2020-03-27T14:05:53+00:00\" \/>\n<meta property=\"og:image\" content=\"https:\/\/www.arcangeli.it\/wp-content\/uploads\/2020\/01\/la-nostra-storia-thumb.jpg\" \/>\n\t<meta property=\"og:image:width\" content=\"490\" \/>\n\t<meta property=\"og:image:height\" content=\"323\" \/>\n\t<meta property=\"og:image:type\" content=\"image\/jpeg\" \/>\n<meta name=\"twitter:card\" content=\"summary_large_image\" \/>\n<meta name=\"twitter:label1\" content=\"Est. reading time\" \/>\n\t<meta name=\"twitter:data1\" content=\"3 minutes\" \/>\n<script type=\"application\/ld+json\" class=\"yoast-schema-graph\">{\"@context\":\"https:\/\/schema.org\",\"@graph\":[{\"@type\":\"WebPage\",\"@id\":\"https:\/\/www.arcangeli.it\/fr\/histoire\/\",\"url\":\"https:\/\/www.arcangeli.it\/fr\/histoire\/\",\"name\":\"HISTOIRE - Arcangeli Giovanni e figlio\",\"isPartOf\":{\"@id\":\"https:\/\/www.arcangeli.it\/fr\/#website\"},\"primaryImageOfPage\":{\"@id\":\"https:\/\/www.arcangeli.it\/fr\/histoire\/#primaryimage\"},\"image\":{\"@id\":\"https:\/\/www.arcangeli.it\/fr\/histoire\/#primaryimage\"},\"thumbnailUrl\":\"https:\/\/www.arcangeli.it\/wp-content\/uploads\/2020\/01\/la-nostra-storia-thumb.jpg\",\"datePublished\":\"2020-03-27T14:02:50+00:00\",\"dateModified\":\"2020-03-27T14:05:53+00:00\",\"breadcrumb\":{\"@id\":\"https:\/\/www.arcangeli.it\/fr\/histoire\/#breadcrumb\"},\"inLanguage\":\"fr-FR\",\"potentialAction\":[{\"@type\":\"ReadAction\",\"target\":[\"https:\/\/www.arcangeli.it\/fr\/histoire\/\"]}]},{\"@type\":\"ImageObject\",\"inLanguage\":\"fr-FR\",\"@id\":\"https:\/\/www.arcangeli.it\/fr\/histoire\/#primaryimage\",\"url\":\"https:\/\/www.arcangeli.it\/wp-content\/uploads\/2020\/01\/la-nostra-storia-thumb.jpg\",\"contentUrl\":\"https:\/\/www.arcangeli.it\/wp-content\/uploads\/2020\/01\/la-nostra-storia-thumb.jpg\",\"width\":490,\"height\":323},{\"@type\":\"BreadcrumbList\",\"@id\":\"https:\/\/www.arcangeli.it\/fr\/histoire\/#breadcrumb\",\"itemListElement\":[{\"@type\":\"ListItem\",\"position\":1,\"name\":\"Home\",\"item\":\"https:\/\/www.arcangeli.it\/fr\/\"},{\"@type\":\"ListItem\",\"position\":2,\"name\":\"HISTOIRE\"}]},{\"@type\":\"WebSite\",\"@id\":\"https:\/\/www.arcangeli.it\/fr\/#website\",\"url\":\"https:\/\/www.arcangeli.it\/fr\/\",\"name\":\"Arcangeli Giovanni e figlio\",\"description\":\"\",\"publisher\":{\"@id\":\"https:\/\/www.arcangeli.it\/fr\/#organization\"},\"potentialAction\":[{\"@type\":\"SearchAction\",\"target\":{\"@type\":\"EntryPoint\",\"urlTemplate\":\"https:\/\/www.arcangeli.it\/fr\/?s={search_term_string}\"},\"query-input\":\"required name=search_term_string\"}],\"inLanguage\":\"fr-FR\"},{\"@type\":\"Organization\",\"@id\":\"https:\/\/www.arcangeli.it\/fr\/#organization\",\"name\":\"Arcangeli Giovanni e figlio\",\"url\":\"https:\/\/www.arcangeli.it\/fr\/\",\"logo\":{\"@type\":\"ImageObject\",\"inLanguage\":\"fr-FR\",\"@id\":\"https:\/\/www.arcangeli.it\/fr\/#\/schema\/logo\/image\/\",\"url\":\"https:\/\/www.arcangeli.it\/wp-content\/uploads\/2019\/12\/arcangeli-logo.png\",\"contentUrl\":\"https:\/\/www.arcangeli.it\/wp-content\/uploads\/2019\/12\/arcangeli-logo.png\",\"width\":476,\"height\":91,\"caption\":\"Arcangeli Giovanni e figlio\"},\"image\":{\"@id\":\"https:\/\/www.arcangeli.it\/fr\/#\/schema\/logo\/image\/\"}}]}<\/script>\n<!-- \/ Yoast SEO plugin. -->","yoast_head_json":{"title":"HISTOIRE - Arcangeli Giovanni e figlio","robots":{"index":"index","follow":"follow","max-snippet":"max-snippet:-1","max-image-preview":"max-image-preview:large","max-video-preview":"max-video-preview:-1"},"canonical":"https:\/\/www.arcangeli.it\/fr\/histoire\/","og_locale":"fr_FR","og_type":"article","og_title":"HISTOIRE - Arcangeli Giovanni e figlio","og_description":"UNE HISTOIRE DE PASSION, QUI COMMENCE \u00c0 PARTIR DE 1930 L\u2019absence de Giovanni Arcangeli sera certainement ressentie par les proches et les amis, mais aussi par toute la profession de la r\u00e9gion de Pistoia. Giovanni Arcangeli a \u00e9t\u00e9 l\u2019un des chefs de file de l\u2019activit\u00e9 p\u00e9pini\u00e9riste locale. En 1930, il commen\u00e7a \u00e0 collaborer avec les [&hellip;]","og_url":"https:\/\/www.arcangeli.it\/fr\/histoire\/","og_site_name":"Arcangeli Giovanni e figlio","article_modified_time":"2020-03-27T14:05:53+00:00","og_image":[{"width":490,"height":323,"url":"https:\/\/www.arcangeli.it\/wp-content\/uploads\/2020\/01\/la-nostra-storia-thumb.jpg","type":"image\/jpeg"}],"twitter_card":"summary_large_image","twitter_misc":{"Est. reading time":"3 minutes"},"schema":{"@context":"https:\/\/schema.org","@graph":[{"@type":"WebPage","@id":"https:\/\/www.arcangeli.it\/fr\/histoire\/","url":"https:\/\/www.arcangeli.it\/fr\/histoire\/","name":"HISTOIRE - Arcangeli Giovanni e figlio","isPartOf":{"@id":"https:\/\/www.arcangeli.it\/fr\/#website"},"primaryImageOfPage":{"@id":"https:\/\/www.arcangeli.it\/fr\/histoire\/#primaryimage"},"image":{"@id":"https:\/\/www.arcangeli.it\/fr\/histoire\/#primaryimage"},"thumbnailUrl":"https:\/\/www.arcangeli.it\/wp-content\/uploads\/2020\/01\/la-nostra-storia-thumb.jpg","datePublished":"2020-03-27T14:02:50+00:00","dateModified":"2020-03-27T14:05:53+00:00","breadcrumb":{"@id":"https:\/\/www.arcangeli.it\/fr\/histoire\/#breadcrumb"},"inLanguage":"fr-FR","potentialAction":[{"@type":"ReadAction","target":["https:\/\/www.arcangeli.it\/fr\/histoire\/"]}]},{"@type":"ImageObject","inLanguage":"fr-FR","@id":"https:\/\/www.arcangeli.it\/fr\/histoire\/#primaryimage","url":"https:\/\/www.arcangeli.it\/wp-content\/uploads\/2020\/01\/la-nostra-storia-thumb.jpg","contentUrl":"https:\/\/www.arcangeli.it\/wp-content\/uploads\/2020\/01\/la-nostra-storia-thumb.jpg","width":490,"height":323},{"@type":"BreadcrumbList","@id":"https:\/\/www.arcangeli.it\/fr\/histoire\/#breadcrumb","itemListElement":[{"@type":"ListItem","position":1,"name":"Home","item":"https:\/\/www.arcangeli.it\/fr\/"},{"@type":"ListItem","position":2,"name":"HISTOIRE"}]},{"@type":"WebSite","@id":"https:\/\/www.arcangeli.it\/fr\/#website","url":"https:\/\/www.arcangeli.it\/fr\/","name":"Arcangeli Giovanni e figlio","description":"","publisher":{"@id":"https:\/\/www.arcangeli.it\/fr\/#organization"},"potentialAction":[{"@type":"SearchAction","target":{"@type":"EntryPoint","urlTemplate":"https:\/\/www.arcangeli.it\/fr\/?s={search_term_string}"},"query-input":"required name=search_term_string"}],"inLanguage":"fr-FR"},{"@type":"Organization","@id":"https:\/\/www.arcangeli.it\/fr\/#organization","name":"Arcangeli Giovanni e figlio","url":"https:\/\/www.arcangeli.it\/fr\/","logo":{"@type":"ImageObject","inLanguage":"fr-FR","@id":"https:\/\/www.arcangeli.it\/fr\/#\/schema\/logo\/image\/","url":"https:\/\/www.arcangeli.it\/wp-content\/uploads\/2019\/12\/arcangeli-logo.png","contentUrl":"https:\/\/www.arcangeli.it\/wp-content\/uploads\/2019\/12\/arcangeli-logo.png","width":476,"height":91,"caption":"Arcangeli Giovanni e figlio"},"image":{"@id":"https:\/\/www.arcangeli.it\/fr\/#\/schema\/logo\/image\/"}}]}},"_links":{"self":[{"href":"https:\/\/www.arcangeli.it\/fr\/wp-json\/wp\/v2\/pages\/433","targetHints":{"allow":["GET"]}}],"collection":[{"href":"https:\/\/www.arcangeli.it\/fr\/wp-json\/wp\/v2\/pages"}],"about":[{"href":"https:\/\/www.arcangeli.it\/fr\/wp-json\/wp\/v2\/types\/page"}],"author":[{"embeddable":true,"href":"https:\/\/www.arcangeli.it\/fr\/wp-json\/wp\/v2\/users\/1"}],"replies":[{"embeddable":true,"href":"https:\/\/www.arcangeli.it\/fr\/wp-json\/wp\/v2\/comments?post=433"}],"version-history":[{"count":5,"href":"https:\/\/www.arcangeli.it\/fr\/wp-json\/wp\/v2\/pages\/433\/revisions"}],"predecessor-version":[{"id":438,"href":"https:\/\/www.arcangeli.it\/fr\/wp-json\/wp\/v2\/pages\/433\/revisions\/438"}],"wp:featuredmedia":[{"embeddable":true,"href":"https:\/\/www.arcangeli.it\/fr\/wp-json\/wp\/v2\/media\/165"}],"wp:attachment":[{"href":"https:\/\/www.arcangeli.it\/fr\/wp-json\/wp\/v2\/media?parent=433"}],"curies":[{"name":"wp","href":"https:\/\/api.w.org\/{rel}","templated":true}]}}