{"id":455,"date":"2020-03-27T15:27:17","date_gmt":"2020-03-27T14:27:17","guid":{"rendered":"https:\/\/www.arcangeli.it\/nos-pepinieres\/"},"modified":"2020-04-01T09:22:02","modified_gmt":"2020-04-01T07:22:02","slug":"nos-pepinieres","status":"publish","type":"page","link":"https:\/\/www.arcangeli.it\/fr\/nos-pepinieres\/","title":{"rendered":"NOS P\u00c9PINI\u00c8RES"},"content":{"rendered":"\n<p class=\"has-text-align-center mb-5\">Notre terre, notre fiert\u00e9. Gr\u00e2ce \u00e0 cinq grandes p\u00e9pini\u00e8res, toutes situ\u00e9es en Toscane, nous sommes en mesure de vous fournir une quantit\u00e9 et une vari\u00e9t\u00e9 de plantes qui est aujourd&#8217;hui l&#8217;un des h\u00e9ritages verts les plus pr\u00e9cieux d&#8217;Italie.<\/p>\n<style>.wp-block-kadence-advancedgallery .kb-gallery-type-grid.kb-gallery-id-_31b6a7-41{margin:-5px;}.kb-gallery-type-grid.kb-gallery-id-_31b6a7-41 .kadence-blocks-gallery-item{padding:5px;}.kb-gallery-id-_31b6a7-41 .kadence-blocks-gallery-item .kb-gal-image-radius, .kb-gallery-id-_31b6a7-41 .kb-slide-item .kb-gal-image-radius img{border-radius:0px 0px 0px 0px;;}.kb-gallery-id-_31b6a7-41 .kadence-blocks-gallery-item .kadence-blocks-gallery-item-inner .kadence-blocks-gallery-item__caption{color:#313131;}.kb-gallery-caption-style-cover-hover.kb-gallery-id-_31b6a7-41 .kadence-blocks-gallery-item .kadence-blocks-gallery-item-inner .kadence-blocks-gallery-item__caption, .kb-gallery-caption-style-below.kb-gallery-id-_31b6a7-41 .kadence-blocks-gallery-item .kadence-blocks-gallery-item-inner .kadence-blocks-gallery-item__caption{background:rgba(255, 255, 255, 0.5);}<\/style><div class=\"kb-gallery-wrap-id-_31b6a7-41 alignnone wp-block-kadence-advancedgallery\"><ul class=\"kb-gallery-ul kb-gallery-non-static kb-gallery-type-grid kb-gallery-id-_31b6a7-41 kb-gallery-caption-style-below kb-gallery-filter-none\" data-image-filter=\"none\" data-item-selector=\".kadence-blocks-gallery-item\" data-lightbox-caption=\"true\" data-columns-xxl=\"3\" data-columns-xl=\"3\" data-columns-md=\"3\" data-columns-sm=\"2\" data-columns-xs=\"1\" data-columns-ss=\"1\"><li class=\"kadence-blocks-gallery-item\"><div class=\"kadence-blocks-gallery-item-inner\"><figure class=\"kb-gallery-figure kadence-blocks-gallery-item-has-caption\"><div class=\"kb-gal-image-radius\"><div class=\"kb-gallery-image-contain kadence-blocks-gallery-intrinsic kb-gallery-image-ratio-land32 kb-has-image-ratio-land32\" ><img loading=\"lazy\" decoding=\"async\" width=\"490\" height=\"328\" src=\"https:\/\/www.arcangeli.it\/wp-content\/themes\/webag_3\/templates-default\/img\/t.png\" data-src=\"https:\/\/www.arcangeli.it\/wp-content\/uploads\/2020\/01\/vivaio-masiano.jpg\"   alt=\"\" data-full-image=\"https:\/\/www.arcangeli.it\/wp-content\/uploads\/2020\/01\/vivaio-masiano.jpg\" data-light-image=\"https:\/\/www.arcangeli.it\/wp-content\/uploads\/2020\/01\/vivaio-masiano.jpg\" data-id=\"226\" class=\"lazy wp-image-226\" data-srcset=\"https:\/\/www.arcangeli.it\/wp-content\/uploads\/2020\/01\/vivaio-masiano.jpg 490w, https:\/\/www.arcangeli.it\/wp-content\/uploads\/2020\/01\/vivaio-masiano-300x201.jpg 300w, https:\/\/www.arcangeli.it\/wp-content\/uploads\/2020\/01\/vivaio-masiano-150x100.jpg 150w\" sizes=\"auto, (max-width: 490px) 100vw, 490px\" \/><\/div><\/div><figcaption class=\"kadence-blocks-gallery-item__caption\"><strong>P\u00e9pini\u00e8re Masiano\n<\/strong><br>Voici les bureaux administratifs et toute la logistique de l&#8217;entreprise; \u00e0 partir de l\u00e0, nous organisons les exp\u00e9ditions de vos plantes, dont nous nous chargeons personnellement de la qualit\u00e9.<\/figcaption><\/figure><\/div><\/li><li class=\"kadence-blocks-gallery-item\"><div class=\"kadence-blocks-gallery-item-inner\"><figure class=\"kb-gallery-figure kadence-blocks-gallery-item-has-caption\"><div class=\"kb-gal-image-radius\"><div class=\"kb-gallery-image-contain kadence-blocks-gallery-intrinsic kb-gallery-image-ratio-land32 kb-has-image-ratio-land32\" ><img loading=\"lazy\" decoding=\"async\" width=\"490\" height=\"328\" src=\"https:\/\/www.arcangeli.it\/wp-content\/themes\/webag_3\/templates-default\/img\/t.png\" data-src=\"https:\/\/www.arcangeli.it\/wp-content\/uploads\/2020\/01\/vivaio-bonelle.jpg\"   alt=\"\" data-full-image=\"https:\/\/www.arcangeli.it\/wp-content\/uploads\/2020\/01\/vivaio-bonelle.jpg\" data-light-image=\"https:\/\/www.arcangeli.it\/wp-content\/uploads\/2020\/01\/vivaio-bonelle.jpg\" data-id=\"216\" class=\"lazy wp-image-216\" data-srcset=\"https:\/\/www.arcangeli.it\/wp-content\/uploads\/2020\/01\/vivaio-bonelle.jpg 490w, https:\/\/www.arcangeli.it\/wp-content\/uploads\/2020\/01\/vivaio-bonelle-300x201.jpg 300w, https:\/\/www.arcangeli.it\/wp-content\/uploads\/2020\/01\/vivaio-bonelle-150x100.jpg 150w\" sizes=\"auto, (max-width: 490px) 100vw, 490px\" \/><\/div><\/div><figcaption class=\"kadence-blocks-gallery-item__caption\"><strong>P\u00e9pini\u00e8re Bonelle<\/strong><br>\n\nNous continuons notre tour en visitant notre P\u00e9pini\u00e8re de Bonelle. Cette P\u00e9pini\u00e8re est sp\u00e9cialis\u00e9e dans la production de plantes en \u00abart topiaire\u00bb et plantes d\u00e9stin\u00e9es aux Garden- Centers. Ici vous trouverez aussi des Cupressus Sempervirens, Chamaerops Humilis et Chamaerops Excelsa ainsi que beaucoup d\u2019autres exemplaires.<strong><em>\n<\/em><\/strong><\/figcaption><\/figure><\/div><\/li><li class=\"kadence-blocks-gallery-item\"><div class=\"kadence-blocks-gallery-item-inner\"><figure class=\"kb-gallery-figure kadence-blocks-gallery-item-has-caption\"><div class=\"kb-gal-image-radius\"><div class=\"kb-gallery-image-contain kadence-blocks-gallery-intrinsic kb-gallery-image-ratio-land32 kb-has-image-ratio-land32\" ><img loading=\"lazy\" decoding=\"async\" width=\"490\" height=\"328\" src=\"https:\/\/www.arcangeli.it\/wp-content\/themes\/webag_3\/templates-default\/img\/t.png\" data-src=\"https:\/\/www.arcangeli.it\/wp-content\/uploads\/2020\/01\/vivaio-pontassio.jpg\"   alt=\"\" data-full-image=\"https:\/\/www.arcangeli.it\/wp-content\/uploads\/2020\/01\/vivaio-pontassio.jpg\" data-light-image=\"https:\/\/www.arcangeli.it\/wp-content\/uploads\/2020\/01\/vivaio-pontassio.jpg\" data-id=\"231\" class=\"lazy wp-image-231\" data-srcset=\"https:\/\/www.arcangeli.it\/wp-content\/uploads\/2020\/01\/vivaio-pontassio.jpg 490w, https:\/\/www.arcangeli.it\/wp-content\/uploads\/2020\/01\/vivaio-pontassio-300x201.jpg 300w, https:\/\/www.arcangeli.it\/wp-content\/uploads\/2020\/01\/vivaio-pontassio-150x100.jpg 150w\" sizes=\"auto, (max-width: 490px) 100vw, 490px\" \/><\/div><\/div><figcaption class=\"kadence-blocks-gallery-item__caption\"><strong>P\u00e9pini\u00e8re Pontassio\n\n<\/strong><br>Dans les parages de Pistoia se trouve notre P\u00e9pini\u00e8re de Pontassio, qui est bien connue pour la production de Cupressocyparis Leylandii verts, Cupressus sempervirens, Photinia, Bambusa et autres qualit\u00e9s.<strong>\n<\/strong><\/figcaption><\/figure><\/div><\/li><li class=\"kadence-blocks-gallery-item\"><div class=\"kadence-blocks-gallery-item-inner\"><figure class=\"kb-gallery-figure kadence-blocks-gallery-item-has-caption\"><div class=\"kb-gal-image-radius\"><div class=\"kb-gallery-image-contain kadence-blocks-gallery-intrinsic kb-gallery-image-ratio-land32 kb-has-image-ratio-land32\" ><img loading=\"lazy\" decoding=\"async\" width=\"490\" height=\"328\" src=\"https:\/\/www.arcangeli.it\/wp-content\/themes\/webag_3\/templates-default\/img\/t.png\" data-src=\"https:\/\/www.arcangeli.it\/wp-content\/uploads\/2020\/01\/vivaio-fattoria-pedicino.jpg\"   alt=\"\" data-full-image=\"https:\/\/www.arcangeli.it\/wp-content\/uploads\/2020\/01\/vivaio-fattoria-pedicino.jpg\" data-light-image=\"https:\/\/www.arcangeli.it\/wp-content\/uploads\/2020\/01\/vivaio-fattoria-pedicino.jpg\" data-id=\"221\" class=\"lazy wp-image-221\" data-srcset=\"https:\/\/www.arcangeli.it\/wp-content\/uploads\/2020\/01\/vivaio-fattoria-pedicino.jpg 490w, https:\/\/www.arcangeli.it\/wp-content\/uploads\/2020\/01\/vivaio-fattoria-pedicino-300x201.jpg 300w, https:\/\/www.arcangeli.it\/wp-content\/uploads\/2020\/01\/vivaio-fattoria-pedicino-150x100.jpg 150w\" sizes=\"auto, (max-width: 490px) 100vw, 490px\" \/><\/div><\/div><figcaption class=\"kadence-blocks-gallery-item__caption\"><strong>P\u00e9pini\u00e8re Fattoria e Pedicino<\/strong>\n<div>\n<div id=\"djslider-loader185\" class=\"djslider-loader\"><\/div>\n<\/div>\nQuelques kilom\u00e8tres plus loin, nous sommes heureux de vous pr\u00e9senter deux ult\u00e9rieures P\u00e9pini\u00e8res; celles de Fattoria et Pedicino. Ici vous pouvez trouver soit des exemplaires, soit toutes sortes d\u2019arbres.<\/figcaption><\/figure><\/div><\/li><li class=\"kadence-blocks-gallery-item\"><div class=\"kadence-blocks-gallery-item-inner\"><figure class=\"kb-gallery-figure kadence-blocks-gallery-item-has-caption\"><div class=\"kb-gal-image-radius\"><div class=\"kb-gallery-image-contain kadence-blocks-gallery-intrinsic kb-gallery-image-ratio-land32 kb-has-image-ratio-land32\" ><img loading=\"lazy\" decoding=\"async\" width=\"490\" height=\"328\" src=\"https:\/\/www.arcangeli.it\/wp-content\/themes\/webag_3\/templates-default\/img\/t.png\" data-src=\"https:\/\/www.arcangeli.it\/wp-content\/uploads\/2020\/01\/vivaio-san-vincenzo.jpg\"   alt=\"\" data-full-image=\"https:\/\/www.arcangeli.it\/wp-content\/uploads\/2020\/01\/vivaio-san-vincenzo.jpg\" data-light-image=\"https:\/\/www.arcangeli.it\/wp-content\/uploads\/2020\/01\/vivaio-san-vincenzo.jpg\" data-id=\"211\" class=\"lazy wp-image-211\" data-srcset=\"https:\/\/www.arcangeli.it\/wp-content\/uploads\/2020\/01\/vivaio-san-vincenzo.jpg 490w, https:\/\/www.arcangeli.it\/wp-content\/uploads\/2020\/01\/vivaio-san-vincenzo-300x201.jpg 300w, https:\/\/www.arcangeli.it\/wp-content\/uploads\/2020\/01\/vivaio-san-vincenzo-150x100.jpg 150w\" sizes=\"auto, (max-width: 490px) 100vw, 490px\" \/><\/div><\/div><figcaption class=\"kadence-blocks-gallery-item__caption\"><strong>P\u00e9pini\u00e8re San Vincenzo\n<\/strong>\n<div>\n<div id=\"djslider-loader187\" class=\"djslider-loader\"><\/div>\n<\/div>\n&#8230;Enfin, si vous n\u2019\u00eates pas trop press\u00e9s et si vous \u00eates int\u00e9ress\u00e9s \u00e0 la production de plantes m\u00e9dit\u00e9ran\u00e9ennes, vous pouvez visiter notre P\u00e9pini\u00e8re \u00e0 San Vincenzo, pr\u00e8s de Livourne. Cette P\u00e9pini\u00e8re est sp\u00e9cialis\u00e9e dans la production de Olea Europea, Nerium Oleander, Phormium, Washingtonia et Chamaerops.<\/figcaption><\/figure><\/div><\/li><\/ul><\/div>","protected":false},"excerpt":{"rendered":"<p>Notre terre, notre fiert\u00e9. Gr\u00e2ce \u00e0 cinq grandes p\u00e9pini\u00e8res, toutes situ\u00e9es en Toscane, nous sommes en mesure de vous fournir une quantit\u00e9 et une vari\u00e9t\u00e9 de plantes qui est aujourd&#8217;hui l&#8217;un des h\u00e9ritages verts les plus pr\u00e9cieux d&#8217;Italie.<\/p>\n","protected":false},"author":1,"featured_media":160,"parent":0,"menu_order":0,"comment_status":"closed","ping_status":"closed","template":"","meta":{"_acf_changed":false,"footnotes":""},"class_list":["post-455","page","type-page","status-publish","has-post-thumbnail","hentry"],"acf":[],"yoast_head":"<!-- This site is optimized with the Yoast SEO plugin v23.3 - https:\/\/yoast.com\/wordpress\/plugins\/seo\/ -->\n<title>NOS P\u00c9PINI\u00c8RES - Arcangeli Giovanni e figlio<\/title>\n<meta name=\"robots\" content=\"index, follow, max-snippet:-1, max-image-preview:large, max-video-preview:-1\" \/>\n<link rel=\"canonical\" href=\"https:\/\/www.arcangeli.it\/fr\/nos-pepinieres\/\" \/>\n<meta property=\"og:locale\" content=\"fr_FR\" \/>\n<meta property=\"og:type\" content=\"article\" \/>\n<meta property=\"og:title\" content=\"NOS P\u00c9PINI\u00c8RES - Arcangeli Giovanni e figlio\" \/>\n<meta property=\"og:description\" content=\"Notre terre, notre fiert\u00e9. Gr\u00e2ce \u00e0 cinq grandes p\u00e9pini\u00e8res, toutes situ\u00e9es en Toscane, nous sommes en mesure de vous fournir une quantit\u00e9 et une vari\u00e9t\u00e9 de plantes qui est aujourd&#8217;hui l&#8217;un des h\u00e9ritages verts les plus pr\u00e9cieux d&#8217;Italie.\" \/>\n<meta property=\"og:url\" content=\"https:\/\/www.arcangeli.it\/fr\/nos-pepinieres\/\" \/>\n<meta property=\"og:site_name\" content=\"Arcangeli Giovanni e figlio\" \/>\n<meta property=\"article:modified_time\" content=\"2020-04-01T07:22:02+00:00\" \/>\n<meta property=\"og:image\" content=\"https:\/\/www.arcangeli.it\/wp-content\/uploads\/2020\/01\/i-nostri-vivai-thumb.jpg\" \/>\n\t<meta property=\"og:image:width\" content=\"490\" \/>\n\t<meta property=\"og:image:height\" content=\"323\" \/>\n\t<meta property=\"og:image:type\" content=\"image\/jpeg\" \/>\n<meta name=\"twitter:card\" content=\"summary_large_image\" \/>\n<meta name=\"twitter:label1\" content=\"Est. reading time\" \/>\n\t<meta name=\"twitter:data1\" content=\"1 minute\" \/>\n<script type=\"application\/ld+json\" class=\"yoast-schema-graph\">{\"@context\":\"https:\/\/schema.org\",\"@graph\":[{\"@type\":\"WebPage\",\"@id\":\"https:\/\/www.arcangeli.it\/fr\/nos-pepinieres\/\",\"url\":\"https:\/\/www.arcangeli.it\/fr\/nos-pepinieres\/\",\"name\":\"NOS P\u00c9PINI\u00c8RES - Arcangeli Giovanni e figlio\",\"isPartOf\":{\"@id\":\"https:\/\/www.arcangeli.it\/fr\/#website\"},\"primaryImageOfPage\":{\"@id\":\"https:\/\/www.arcangeli.it\/fr\/nos-pepinieres\/#primaryimage\"},\"image\":{\"@id\":\"https:\/\/www.arcangeli.it\/fr\/nos-pepinieres\/#primaryimage\"},\"thumbnailUrl\":\"https:\/\/www.arcangeli.it\/wp-content\/uploads\/2020\/01\/i-nostri-vivai-thumb.jpg\",\"datePublished\":\"2020-03-27T14:27:17+00:00\",\"dateModified\":\"2020-04-01T07:22:02+00:00\",\"breadcrumb\":{\"@id\":\"https:\/\/www.arcangeli.it\/fr\/nos-pepinieres\/#breadcrumb\"},\"inLanguage\":\"fr-FR\",\"potentialAction\":[{\"@type\":\"ReadAction\",\"target\":[\"https:\/\/www.arcangeli.it\/fr\/nos-pepinieres\/\"]}]},{\"@type\":\"ImageObject\",\"inLanguage\":\"fr-FR\",\"@id\":\"https:\/\/www.arcangeli.it\/fr\/nos-pepinieres\/#primaryimage\",\"url\":\"https:\/\/www.arcangeli.it\/wp-content\/uploads\/2020\/01\/i-nostri-vivai-thumb.jpg\",\"contentUrl\":\"https:\/\/www.arcangeli.it\/wp-content\/uploads\/2020\/01\/i-nostri-vivai-thumb.jpg\",\"width\":490,\"height\":323},{\"@type\":\"BreadcrumbList\",\"@id\":\"https:\/\/www.arcangeli.it\/fr\/nos-pepinieres\/#breadcrumb\",\"itemListElement\":[{\"@type\":\"ListItem\",\"position\":1,\"name\":\"Home\",\"item\":\"https:\/\/www.arcangeli.it\/fr\/\"},{\"@type\":\"ListItem\",\"position\":2,\"name\":\"NOS P\u00c9PINI\u00c8RES\"}]},{\"@type\":\"WebSite\",\"@id\":\"https:\/\/www.arcangeli.it\/fr\/#website\",\"url\":\"https:\/\/www.arcangeli.it\/fr\/\",\"name\":\"Arcangeli Giovanni e figlio\",\"description\":\"\",\"publisher\":{\"@id\":\"https:\/\/www.arcangeli.it\/fr\/#organization\"},\"potentialAction\":[{\"@type\":\"SearchAction\",\"target\":{\"@type\":\"EntryPoint\",\"urlTemplate\":\"https:\/\/www.arcangeli.it\/fr\/?s={search_term_string}\"},\"query-input\":\"required name=search_term_string\"}],\"inLanguage\":\"fr-FR\"},{\"@type\":\"Organization\",\"@id\":\"https:\/\/www.arcangeli.it\/fr\/#organization\",\"name\":\"Arcangeli Giovanni e figlio\",\"url\":\"https:\/\/www.arcangeli.it\/fr\/\",\"logo\":{\"@type\":\"ImageObject\",\"inLanguage\":\"fr-FR\",\"@id\":\"https:\/\/www.arcangeli.it\/fr\/#\/schema\/logo\/image\/\",\"url\":\"https:\/\/www.arcangeli.it\/wp-content\/uploads\/2019\/12\/arcangeli-logo.png\",\"contentUrl\":\"https:\/\/www.arcangeli.it\/wp-content\/uploads\/2019\/12\/arcangeli-logo.png\",\"width\":476,\"height\":91,\"caption\":\"Arcangeli Giovanni e figlio\"},\"image\":{\"@id\":\"https:\/\/www.arcangeli.it\/fr\/#\/schema\/logo\/image\/\"}}]}<\/script>\n<!-- \/ Yoast SEO plugin. -->","yoast_head_json":{"title":"NOS P\u00c9PINI\u00c8RES - Arcangeli Giovanni e figlio","robots":{"index":"index","follow":"follow","max-snippet":"max-snippet:-1","max-image-preview":"max-image-preview:large","max-video-preview":"max-video-preview:-1"},"canonical":"https:\/\/www.arcangeli.it\/fr\/nos-pepinieres\/","og_locale":"fr_FR","og_type":"article","og_title":"NOS P\u00c9PINI\u00c8RES - Arcangeli Giovanni e figlio","og_description":"Notre terre, notre fiert\u00e9. Gr\u00e2ce \u00e0 cinq grandes p\u00e9pini\u00e8res, toutes situ\u00e9es en Toscane, nous sommes en mesure de vous fournir une quantit\u00e9 et une vari\u00e9t\u00e9 de plantes qui est aujourd&#8217;hui l&#8217;un des h\u00e9ritages verts les plus pr\u00e9cieux d&#8217;Italie.","og_url":"https:\/\/www.arcangeli.it\/fr\/nos-pepinieres\/","og_site_name":"Arcangeli Giovanni e figlio","article_modified_time":"2020-04-01T07:22:02+00:00","og_image":[{"width":490,"height":323,"url":"https:\/\/www.arcangeli.it\/wp-content\/uploads\/2020\/01\/i-nostri-vivai-thumb.jpg","type":"image\/jpeg"}],"twitter_card":"summary_large_image","twitter_misc":{"Est. reading time":"1 minute"},"schema":{"@context":"https:\/\/schema.org","@graph":[{"@type":"WebPage","@id":"https:\/\/www.arcangeli.it\/fr\/nos-pepinieres\/","url":"https:\/\/www.arcangeli.it\/fr\/nos-pepinieres\/","name":"NOS P\u00c9PINI\u00c8RES - Arcangeli Giovanni e figlio","isPartOf":{"@id":"https:\/\/www.arcangeli.it\/fr\/#website"},"primaryImageOfPage":{"@id":"https:\/\/www.arcangeli.it\/fr\/nos-pepinieres\/#primaryimage"},"image":{"@id":"https:\/\/www.arcangeli.it\/fr\/nos-pepinieres\/#primaryimage"},"thumbnailUrl":"https:\/\/www.arcangeli.it\/wp-content\/uploads\/2020\/01\/i-nostri-vivai-thumb.jpg","datePublished":"2020-03-27T14:27:17+00:00","dateModified":"2020-04-01T07:22:02+00:00","breadcrumb":{"@id":"https:\/\/www.arcangeli.it\/fr\/nos-pepinieres\/#breadcrumb"},"inLanguage":"fr-FR","potentialAction":[{"@type":"ReadAction","target":["https:\/\/www.arcangeli.it\/fr\/nos-pepinieres\/"]}]},{"@type":"ImageObject","inLanguage":"fr-FR","@id":"https:\/\/www.arcangeli.it\/fr\/nos-pepinieres\/#primaryimage","url":"https:\/\/www.arcangeli.it\/wp-content\/uploads\/2020\/01\/i-nostri-vivai-thumb.jpg","contentUrl":"https:\/\/www.arcangeli.it\/wp-content\/uploads\/2020\/01\/i-nostri-vivai-thumb.jpg","width":490,"height":323},{"@type":"BreadcrumbList","@id":"https:\/\/www.arcangeli.it\/fr\/nos-pepinieres\/#breadcrumb","itemListElement":[{"@type":"ListItem","position":1,"name":"Home","item":"https:\/\/www.arcangeli.it\/fr\/"},{"@type":"ListItem","position":2,"name":"NOS P\u00c9PINI\u00c8RES"}]},{"@type":"WebSite","@id":"https:\/\/www.arcangeli.it\/fr\/#website","url":"https:\/\/www.arcangeli.it\/fr\/","name":"Arcangeli Giovanni e figlio","description":"","publisher":{"@id":"https:\/\/www.arcangeli.it\/fr\/#organization"},"potentialAction":[{"@type":"SearchAction","target":{"@type":"EntryPoint","urlTemplate":"https:\/\/www.arcangeli.it\/fr\/?s={search_term_string}"},"query-input":"required name=search_term_string"}],"inLanguage":"fr-FR"},{"@type":"Organization","@id":"https:\/\/www.arcangeli.it\/fr\/#organization","name":"Arcangeli Giovanni e figlio","url":"https:\/\/www.arcangeli.it\/fr\/","logo":{"@type":"ImageObject","inLanguage":"fr-FR","@id":"https:\/\/www.arcangeli.it\/fr\/#\/schema\/logo\/image\/","url":"https:\/\/www.arcangeli.it\/wp-content\/uploads\/2019\/12\/arcangeli-logo.png","contentUrl":"https:\/\/www.arcangeli.it\/wp-content\/uploads\/2019\/12\/arcangeli-logo.png","width":476,"height":91,"caption":"Arcangeli Giovanni e figlio"},"image":{"@id":"https:\/\/www.arcangeli.it\/fr\/#\/schema\/logo\/image\/"}}]}},"_links":{"self":[{"href":"https:\/\/www.arcangeli.it\/fr\/wp-json\/wp\/v2\/pages\/455","targetHints":{"allow":["GET"]}}],"collection":[{"href":"https:\/\/www.arcangeli.it\/fr\/wp-json\/wp\/v2\/pages"}],"about":[{"href":"https:\/\/www.arcangeli.it\/fr\/wp-json\/wp\/v2\/types\/page"}],"author":[{"embeddable":true,"href":"https:\/\/www.arcangeli.it\/fr\/wp-json\/wp\/v2\/users\/1"}],"replies":[{"embeddable":true,"href":"https:\/\/www.arcangeli.it\/fr\/wp-json\/wp\/v2\/comments?post=455"}],"version-history":[{"count":19,"href":"https:\/\/www.arcangeli.it\/fr\/wp-json\/wp\/v2\/pages\/455\/revisions"}],"predecessor-version":[{"id":590,"href":"https:\/\/www.arcangeli.it\/fr\/wp-json\/wp\/v2\/pages\/455\/revisions\/590"}],"wp:featuredmedia":[{"embeddable":true,"href":"https:\/\/www.arcangeli.it\/fr\/wp-json\/wp\/v2\/media\/160"}],"wp:attachment":[{"href":"https:\/\/www.arcangeli.it\/fr\/wp-json\/wp\/v2\/media?parent=455"}],"curies":[{"name":"wp","href":"https:\/\/api.w.org\/{rel}","templated":true}]}}