{"id":469,"date":"2020-03-27T15:39:28","date_gmt":"2020-03-27T14:39:28","guid":{"rendered":"https:\/\/www.arcangeli.it\/catalague\/"},"modified":"2025-10-29T09:21:15","modified_gmt":"2025-10-29T08:21:15","slug":"catalague","status":"publish","type":"page","link":"https:\/\/www.arcangeli.it\/fr\/catalague\/","title":{"rendered":"Catalague"},"content":{"rendered":"<style>.kb-row-layout-id469_532f65-30 > .kt-row-column-wrap{align-content:start;}:where(.kb-row-layout-id469_532f65-30 > .kt-row-column-wrap) > .wp-block-kadence-column{justify-content:start;}.kb-row-layout-id469_532f65-30 > .kt-row-column-wrap{column-gap:var(--global-kb-gap-md, 2rem);row-gap:var(--global-kb-gap-md, 2rem);padding-top:var(--global-kb-spacing-sm, 1.5rem);padding-bottom:var(--global-kb-spacing-sm, 1.5rem);grid-template-columns:minmax(0, 1fr);}.kb-row-layout-id469_532f65-30 > .kt-row-layout-overlay{opacity:0.30;}@media all and (max-width: 1024px){.kb-row-layout-id469_532f65-30 > .kt-row-column-wrap{grid-template-columns:minmax(0, 1fr);}}@media all and (max-width: 767px){.kb-row-layout-id469_532f65-30 > .kt-row-column-wrap{grid-template-columns:minmax(0, 1fr);}}<\/style><div class=\"kb-row-layout-wrap kb-row-layout-id469_532f65-30 alignnone wp-block-kadence-rowlayout\"><div class=\"kt-row-column-wrap kt-has-1-columns kt-row-layout-equal kt-tab-layout-inherit kt-mobile-layout-row kt-row-valign-top\">\n<style>.kadence-column469_e3a83d-25 > .kt-inside-inner-col,.kadence-column469_e3a83d-25 > .kt-inside-inner-col:before{border-top-left-radius:0px;border-top-right-radius:0px;border-bottom-right-radius:0px;border-bottom-left-radius:0px;}.kadence-column469_e3a83d-25 > .kt-inside-inner-col{column-gap:var(--global-kb-gap-sm, 1rem);}.kadence-column469_e3a83d-25 > .kt-inside-inner-col{flex-direction:column;}.kadence-column469_e3a83d-25 > .kt-inside-inner-col > .aligncenter{width:100%;}.kadence-column469_e3a83d-25 > .kt-inside-inner-col:before{opacity:0.3;}.kadence-column469_e3a83d-25{position:relative;}@media all and (max-width: 1024px){.kadence-column469_e3a83d-25 > .kt-inside-inner-col{flex-direction:column;justify-content:center;}}@media all and (max-width: 767px){.kadence-column469_e3a83d-25 > .kt-inside-inner-col{flex-direction:column;justify-content:center;}}<\/style>\n<div class=\"wp-block-kadence-column kadence-column469_e3a83d-25\"><div class=\"kt-inside-inner-col\">\n<h3 class=\"wp-block-heading\">T\u00e9l\u00e9chargez notre catalogue au format pdf<\/h3>\n\n\n\n<p>Avec plus de 200 vari\u00e9t\u00e9s de plantes, d&#8217;arbres, d&#8217;arbustes et de fleurs, nous sommes en mesure de satisfaire tous les types de besoins pour la r\u00e9alisation de n&#8217;importe quel espace vert, du plus r\u00e9duit au plus \u00e9tendu. Tout cela est possible gr\u00e2ce \u00e0 une vaste production de vari\u00e9t\u00e9s adapt\u00e9es \u00e0 toutes les temp\u00e9ratures, du climat froid et nordique \u00e0 la chaleur des pays du bassin m\u00e9diterran\u00e9en. T\u00e9l\u00e9chargez notre catalogue de plantes mis \u00e0 jour et d\u00e9couvrez toute la qualit\u00e9 du patrimoine vert que nous mettons \u00e0 votre disposition.<\/p>\n\n\n\n<p class=\"has-medium-font-size\">Pour plus d&#8217;informations ou commandes, \u00e9crivez \u00e0 <a href=\"mailto:lisa@arcangeli.com\">lisa@arcangeli.com<\/a><\/p>\n<\/div><\/div>\n\n<\/div><\/div>\n\n<style>.kb-row-layout-id469_35cd4c-42 > .kt-row-column-wrap{align-content:start;}:where(.kb-row-layout-id469_35cd4c-42 > .kt-row-column-wrap) > .wp-block-kadence-column{justify-content:start;}.kb-row-layout-id469_35cd4c-42 > .kt-row-column-wrap{column-gap:var(--global-kb-gap-md, 2rem);row-gap:var(--global-kb-gap-md, 2rem);padding-top:var(--global-kb-spacing-sm, 1.5rem);padding-bottom:var(--global-kb-spacing-sm, 1.5rem);grid-template-columns:repeat(2, minmax(0, 1fr));}.kb-row-layout-id469_35cd4c-42 > .kt-row-layout-overlay{opacity:0.30;}@media all and (max-width: 1024px){.kb-row-layout-id469_35cd4c-42 > .kt-row-column-wrap{grid-template-columns:repeat(2, minmax(0, 1fr));}}@media all and (max-width: 767px){.kb-row-layout-id469_35cd4c-42 > .kt-row-column-wrap{grid-template-columns:minmax(0, 1fr);}}<\/style><div class=\"kb-row-layout-wrap kb-row-layout-id469_35cd4c-42 alignnone wp-block-kadence-rowlayout\"><div class=\"kt-row-column-wrap kt-has-2-columns kt-row-layout-equal kt-tab-layout-inherit kt-mobile-layout-row kt-row-valign-top\">\n<style>.kadence-column469_ad16da-68 > .kt-inside-inner-col{display:flex;}.kadence-column469_ad16da-68 > .kt-inside-inner-col,.kadence-column469_ad16da-68 > .kt-inside-inner-col:before{border-top-left-radius:0px;border-top-right-radius:0px;border-bottom-right-radius:0px;border-bottom-left-radius:0px;}.kadence-column469_ad16da-68 > .kt-inside-inner-col{column-gap:var(--global-kb-gap-sm, 1rem);}.kadence-column469_ad16da-68 > .kt-inside-inner-col{flex-direction:column;align-items:center;}.kadence-column469_ad16da-68 > .kt-inside-inner-col > .kb-image-is-ratio-size{align-self:stretch;}.kadence-column469_ad16da-68 > .kt-inside-inner-col > .wp-block-kadence-advancedgallery{align-self:stretch;}.kadence-column469_ad16da-68 > .kt-inside-inner-col > .aligncenter{width:100%;}.kadence-column469_ad16da-68 > .kt-inside-inner-col:before{opacity:0.3;}.kadence-column469_ad16da-68{position:relative;}@media all and (max-width: 1024px){.kadence-column469_ad16da-68 > .kt-inside-inner-col{flex-direction:column;justify-content:center;align-items:center;}}@media all and (max-width: 767px){.kadence-column469_ad16da-68 > .kt-inside-inner-col{flex-direction:column;justify-content:center;align-items:center;}}<\/style>\n<div class=\"wp-block-kadence-column kadence-column469_ad16da-68\"><div class=\"kt-inside-inner-col\">\n<figure class=\"wp-block-image size-full is-resized\"><a href=\"https:\/\/www.arcangeli.it\/wp-content\/uploads\/2025\/10\/arcangeli-catalogo-web-2025-2026.pdf\" target=\"_blank\" rel=\"noreferrer noopener\"><img loading=\"lazy\" decoding=\"async\" width=\"552\" height=\"808\" src=\"https:\/\/www.arcangeli.it\/wp-content\/themes\/webag_3\/templates-default\/img\/t.png\" data-src=\"https:\/\/www.arcangeli.it\/wp-content\/uploads\/2025\/10\/catalogo-2025-2026-ok.jpg\" alt=\"copertina catalogo web 2025\" class=\"lazy wp-image-804\" style=\"width:300px\" data-srcset=\"https:\/\/www.arcangeli.it\/wp-content\/uploads\/2025\/10\/catalogo-2025-2026-ok.jpg 552w, https:\/\/www.arcangeli.it\/wp-content\/uploads\/2025\/10\/catalogo-2025-2026-ok-205x300.jpg 205w, https:\/\/www.arcangeli.it\/wp-content\/uploads\/2025\/10\/catalogo-2025-2026-ok-102x150.jpg 102w\" sizes=\"auto, (max-width: 552px) 100vw, 552px\" \/><\/a><\/figure>\n\n\n<style>.wp-block-kadence-advancedbtn.kb-btns469_90e117-f6{gap:0px;justify-content:flex-start;align-items:center;}.kt-btns469_90e117-f6 .kt-button{font-weight:normal;font-style:normal;}<\/style>\n<div class=\"wp-block-kadence-advancedbtn kb-buttons-wrap kb-btns469_90e117-f6 display:none\"><style>ul.menu .wp-block-kadence-advancedbtn .kb-btn469_b79b49-b7.kb-button{width:initial;}.wp-block-kadence-advancedbtn .kb-btn469_b79b49-b7.kb-button{color:#555555;background:#ced842;border-top-left-radius:39px;border-top-right-radius:39px;border-bottom-right-radius:39px;border-bottom-left-radius:39px;border-top-color:#ced842;border-top-style:solid;border-right-color:#ced842;border-right-style:solid;border-bottom-color:#ced842;border-bottom-style:solid;border-left-color:#ced842;border-left-style:solid;padding-top:9px;padding-right:33px;padding-bottom:9px;padding-left:33px;}.wp-block-kadence-advancedbtn .kb-btn469_b79b49-b7.kb-button:hover, .wp-block-kadence-advancedbtn .kb-btn469_b79b49-b7.kb-button:focus{color:#ffffff;background:#885431;border-top-color:#885431;border-top-style:solid;border-right-color:#885431;border-right-style:solid;border-bottom-color:#885431;border-bottom-style:solid;border-left-color:#885431;border-left-style:solid;}@media all and (max-width: 1024px){.wp-block-kadence-advancedbtn .kb-btn469_b79b49-b7.kb-button{border-top-color:#ced842;border-top-style:solid;border-right-color:#ced842;border-right-style:solid;border-bottom-color:#ced842;border-bottom-style:solid;border-left-color:#ced842;border-left-style:solid;}}@media all and (max-width: 1024px){.wp-block-kadence-advancedbtn .kb-btn469_b79b49-b7.kb-button:hover, .wp-block-kadence-advancedbtn .kb-btn469_b79b49-b7.kb-button:focus{border-top-color:#885431;border-top-style:solid;border-right-color:#885431;border-right-style:solid;border-bottom-color:#885431;border-bottom-style:solid;border-left-color:#885431;border-left-style:solid;}}@media all and (max-width: 767px){.wp-block-kadence-advancedbtn .kb-btn469_b79b49-b7.kb-button{border-top-color:#ced842;border-top-style:solid;border-right-color:#ced842;border-right-style:solid;border-bottom-color:#ced842;border-bottom-style:solid;border-left-color:#ced842;border-left-style:solid;}.wp-block-kadence-advancedbtn .kb-btn469_b79b49-b7.kb-button:hover, .wp-block-kadence-advancedbtn .kb-btn469_b79b49-b7.kb-button:focus{border-top-color:#885431;border-top-style:solid;border-right-color:#885431;border-right-style:solid;border-bottom-color:#885431;border-bottom-style:solid;border-left-color:#885431;border-left-style:solid;}}<\/style><a class=\"kb-button kt-button button kb-btn469_b79b49-b7 kt-btn-size-standard kt-btn-width-type-auto kb-btn-global-outline  kt-btn-has-text-true kt-btn-has-svg-true  mt-4 wp-block-kadence-singlebtn\" href=\"https:\/\/www.arcangeli.it\/wp-content\/uploads\/2025\/10\/arcangeli-catalogo-web-2025-2026.pdf\" target=\"_blank\" rel=\"noreferrer noopener\"><span class=\"kb-svg-icon-wrap kb-svg-icon-fas_download kt-btn-icon-side-left\"><svg viewBox=\"0 0 512 512\"  fill=\"currentColor\" xmlns=\"http:\/\/www.w3.org\/2000\/svg\"  aria-hidden=\"true\"><path d=\"M216 0h80c13.3 0 24 10.7 24 24v168h87.7c17.8 0 26.7 21.5 14.1 34.1L269.7 378.3c-7.5 7.5-19.8 7.5-27.3 0L90.1 226.1c-12.6-12.6-3.7-34.1 14.1-34.1H192V24c0-13.3 10.7-24 24-24zm296 376v112c0 13.3-10.7 24-24 24H24c-13.3 0-24-10.7-24-24V376c0-13.3 10.7-24 24-24h146.7l49 49c20.1 20.1 52.5 20.1 72.6 0l49-49H488c13.3 0 24 10.7 24 24zm-124 88c0-11-9-20-20-20s-20 9-20 20 9 20 20 20 20-9 20-20zm64 0c0-11-9-20-20-20s-20 9-20 20 9 20 20 20 20-9 20-20z\"\/><\/svg><\/span><span class=\"kt-btn-inner-text\">T\u00e9l\u00e9chargez notre catalogue<\/span><\/a><\/div>\n<\/div><\/div>\n\n\n<style>.kadence-column469_2f32b2-24 > .kt-inside-inner-col{display:flex;}.kadence-column469_2f32b2-24 > .kt-inside-inner-col,.kadence-column469_2f32b2-24 > .kt-inside-inner-col:before{border-top-left-radius:0px;border-top-right-radius:0px;border-bottom-right-radius:0px;border-bottom-left-radius:0px;}.kadence-column469_2f32b2-24 > .kt-inside-inner-col{column-gap:var(--global-kb-gap-sm, 1rem);}.kadence-column469_2f32b2-24 > .kt-inside-inner-col{flex-direction:column;align-items:center;}.kadence-column469_2f32b2-24 > .kt-inside-inner-col > .kb-image-is-ratio-size{align-self:stretch;}.kadence-column469_2f32b2-24 > .kt-inside-inner-col > .wp-block-kadence-advancedgallery{align-self:stretch;}.kadence-column469_2f32b2-24 > .kt-inside-inner-col > .aligncenter{width:100%;}.kadence-column469_2f32b2-24 > .kt-inside-inner-col:before{opacity:0.3;}.kadence-column469_2f32b2-24{position:relative;}@media all and (max-width: 1024px){.kadence-column469_2f32b2-24 > .kt-inside-inner-col{flex-direction:column;justify-content:center;align-items:center;}}@media all and (max-width: 767px){.kadence-column469_2f32b2-24 > .kt-inside-inner-col{flex-direction:column;justify-content:center;align-items:center;}}<\/style>\n<div class=\"wp-block-kadence-column kadence-column469_2f32b2-24\"><div class=\"kt-inside-inner-col\">\n<figure class=\"wp-block-image size-full is-resized\"><a href=\"https:\/\/www.arcangeli.it\/wp-content\/uploads\/2025\/10\/Catalogo-Fotografico-2025-2026.pdf\" target=\"_blank\" rel=\"noreferrer noopener\"><img loading=\"lazy\" decoding=\"async\" width=\"552\" height=\"808\" src=\"https:\/\/www.arcangeli.it\/wp-content\/themes\/webag_3\/templates-default\/img\/t.png\" data-src=\"https:\/\/www.arcangeli.it\/wp-content\/uploads\/2025\/10\/catalogo-fotografico-2025-2026.jpg\" alt=\"copertona del catalogo fotografico di Arcangeli 2025-2026\" class=\"lazy wp-image-762\" style=\"width:300px\" data-srcset=\"https:\/\/www.arcangeli.it\/wp-content\/uploads\/2025\/10\/catalogo-fotografico-2025-2026.jpg 552w, https:\/\/www.arcangeli.it\/wp-content\/uploads\/2025\/10\/catalogo-fotografico-2025-2026-205x300.jpg 205w, https:\/\/www.arcangeli.it\/wp-content\/uploads\/2025\/10\/catalogo-fotografico-2025-2026-102x150.jpg 102w\" sizes=\"auto, (max-width: 552px) 100vw, 552px\" \/><\/a><\/figure>\n\n\n<style>.wp-block-kadence-advancedbtn.kb-btns469_a24973-07{gap:0px;justify-content:flex-start;align-items:center;}.kt-btns469_a24973-07 .kt-button{font-weight:normal;font-style:normal;}<\/style>\n<div class=\"wp-block-kadence-advancedbtn kb-buttons-wrap kb-btns469_a24973-07 display:none\"><style>ul.menu .wp-block-kadence-advancedbtn .kb-btn469_1fa1f8-1a.kb-button{width:initial;}.wp-block-kadence-advancedbtn .kb-btn469_1fa1f8-1a.kb-button{color:#555555;background:#ced842;border-top-left-radius:39px;border-top-right-radius:39px;border-bottom-right-radius:39px;border-bottom-left-radius:39px;border-top-color:#ced842;border-top-style:solid;border-right-color:#ced842;border-right-style:solid;border-bottom-color:#ced842;border-bottom-style:solid;border-left-color:#ced842;border-left-style:solid;padding-top:9px;padding-right:33px;padding-bottom:9px;padding-left:33px;}.wp-block-kadence-advancedbtn .kb-btn469_1fa1f8-1a.kb-button:hover, .wp-block-kadence-advancedbtn .kb-btn469_1fa1f8-1a.kb-button:focus{color:#ffffff;background:#885431;border-top-color:#885431;border-top-style:solid;border-right-color:#885431;border-right-style:solid;border-bottom-color:#885431;border-bottom-style:solid;border-left-color:#885431;border-left-style:solid;}@media all and (max-width: 1024px){.wp-block-kadence-advancedbtn .kb-btn469_1fa1f8-1a.kb-button{border-top-color:#ced842;border-top-style:solid;border-right-color:#ced842;border-right-style:solid;border-bottom-color:#ced842;border-bottom-style:solid;border-left-color:#ced842;border-left-style:solid;}}@media all and (max-width: 1024px){.wp-block-kadence-advancedbtn .kb-btn469_1fa1f8-1a.kb-button:hover, .wp-block-kadence-advancedbtn .kb-btn469_1fa1f8-1a.kb-button:focus{border-top-color:#885431;border-top-style:solid;border-right-color:#885431;border-right-style:solid;border-bottom-color:#885431;border-bottom-style:solid;border-left-color:#885431;border-left-style:solid;}}@media all and (max-width: 767px){.wp-block-kadence-advancedbtn .kb-btn469_1fa1f8-1a.kb-button{border-top-color:#ced842;border-top-style:solid;border-right-color:#ced842;border-right-style:solid;border-bottom-color:#ced842;border-bottom-style:solid;border-left-color:#ced842;border-left-style:solid;}.wp-block-kadence-advancedbtn .kb-btn469_1fa1f8-1a.kb-button:hover, .wp-block-kadence-advancedbtn .kb-btn469_1fa1f8-1a.kb-button:focus{border-top-color:#885431;border-top-style:solid;border-right-color:#885431;border-right-style:solid;border-bottom-color:#885431;border-bottom-style:solid;border-left-color:#885431;border-left-style:solid;}}<\/style><a class=\"kb-button kt-button button kb-btn469_1fa1f8-1a kt-btn-size-standard kt-btn-width-type-auto kb-btn-global-outline  kt-btn-has-text-true kt-btn-has-svg-true  mt-4 wp-block-kadence-singlebtn\" href=\"https:\/\/www.arcangeli.it\/wp-content\/uploads\/2025\/10\/Catalogo-Fotografico-2025-2026.pdf\" target=\"_blank\" rel=\"noreferrer noopener\"><span class=\"kb-svg-icon-wrap kb-svg-icon-fas_download kt-btn-icon-side-left\"><svg viewBox=\"0 0 512 512\"  fill=\"currentColor\" xmlns=\"http:\/\/www.w3.org\/2000\/svg\"  aria-hidden=\"true\"><path d=\"M216 0h80c13.3 0 24 10.7 24 24v168h87.7c17.8 0 26.7 21.5 14.1 34.1L269.7 378.3c-7.5 7.5-19.8 7.5-27.3 0L90.1 226.1c-12.6-12.6-3.7-34.1 14.1-34.1H192V24c0-13.3 10.7-24 24-24zm296 376v112c0 13.3-10.7 24-24 24H24c-13.3 0-24-10.7-24-24V376c0-13.3 10.7-24 24-24h146.7l49 49c20.1 20.1 52.5 20.1 72.6 0l49-49H488c13.3 0 24 10.7 24 24zm-124 88c0-11-9-20-20-20s-20 9-20 20 9 20 20 20 20-9 20-20zm64 0c0-11-9-20-20-20s-20 9-20 20 9 20 20 20 20-9 20-20z\"\/><\/svg><\/span><span class=\"kt-btn-inner-text\">T\u00e9l\u00e9charger le catalogue photographique<\/span><\/a><\/div>\n<\/div><\/div>\n\n<\/div><\/div>\n\n\n<p><\/p>\n","protected":false},"excerpt":{"rendered":"<p>T\u00e9l\u00e9chargez notre catalogue au format pdf Avec plus de 200 vari\u00e9t\u00e9s de plantes, d&#8217;arbres, d&#8217;arbustes et de fleurs, nous sommes en mesure de satisfaire tous les types de besoins pour la r\u00e9alisation de n&#8217;importe quel espace vert, du plus r\u00e9duit au plus \u00e9tendu. Tout cela est possible gr\u00e2ce \u00e0 une vaste production de vari\u00e9t\u00e9s adapt\u00e9es [&hellip;]<\/p>\n","protected":false},"author":1,"featured_media":829,"parent":0,"menu_order":0,"comment_status":"closed","ping_status":"closed","template":"","meta":{"_acf_changed":false,"footnotes":""},"class_list":["post-469","page","type-page","status-publish","has-post-thumbnail","hentry"],"acf":[],"yoast_head":"<!-- This site is optimized with the Yoast SEO plugin v23.3 - https:\/\/yoast.com\/wordpress\/plugins\/seo\/ -->\n<title>Catalague - Arcangeli Giovanni e figlio<\/title>\n<meta name=\"robots\" content=\"index, follow, max-snippet:-1, max-image-preview:large, max-video-preview:-1\" \/>\n<link rel=\"canonical\" href=\"https:\/\/www.arcangeli.it\/fr\/catalague\/\" \/>\n<meta property=\"og:locale\" content=\"fr_FR\" \/>\n<meta property=\"og:type\" content=\"article\" \/>\n<meta property=\"og:title\" content=\"Catalague - Arcangeli Giovanni e figlio\" \/>\n<meta property=\"og:description\" content=\"T\u00e9l\u00e9chargez notre catalogue au format pdf Avec plus de 200 vari\u00e9t\u00e9s de plantes, d&#8217;arbres, d&#8217;arbustes et de fleurs, nous sommes en mesure de satisfaire tous les types de besoins pour la r\u00e9alisation de n&#8217;importe quel espace vert, du plus r\u00e9duit au plus \u00e9tendu. Tout cela est possible gr\u00e2ce \u00e0 une vaste production de vari\u00e9t\u00e9s adapt\u00e9es [&hellip;]\" \/>\n<meta property=\"og:url\" content=\"https:\/\/www.arcangeli.it\/fr\/catalague\/\" \/>\n<meta property=\"og:site_name\" content=\"Arcangeli Giovanni e figlio\" \/>\n<meta property=\"article:modified_time\" content=\"2025-10-29T08:21:15+00:00\" \/>\n<meta property=\"og:image\" content=\"https:\/\/www.arcangeli.it\/wp-content\/uploads\/2025\/10\/catalogo-nuova.jpg\" \/>\n\t<meta property=\"og:image:width\" content=\"1920\" \/>\n\t<meta property=\"og:image:height\" content=\"600\" \/>\n\t<meta property=\"og:image:type\" content=\"image\/jpeg\" \/>\n<meta name=\"twitter:card\" content=\"summary_large_image\" \/>\n<meta name=\"twitter:label1\" content=\"Est. reading time\" \/>\n\t<meta name=\"twitter:data1\" content=\"2 minutes\" \/>\n<script type=\"application\/ld+json\" class=\"yoast-schema-graph\">{\"@context\":\"https:\/\/schema.org\",\"@graph\":[{\"@type\":\"WebPage\",\"@id\":\"https:\/\/www.arcangeli.it\/fr\/catalague\/\",\"url\":\"https:\/\/www.arcangeli.it\/fr\/catalague\/\",\"name\":\"Catalague - Arcangeli Giovanni e figlio\",\"isPartOf\":{\"@id\":\"https:\/\/www.arcangeli.it\/fr\/#website\"},\"primaryImageOfPage\":{\"@id\":\"https:\/\/www.arcangeli.it\/fr\/catalague\/#primaryimage\"},\"image\":{\"@id\":\"https:\/\/www.arcangeli.it\/fr\/catalague\/#primaryimage\"},\"thumbnailUrl\":\"https:\/\/www.arcangeli.it\/wp-content\/uploads\/2025\/10\/catalogo-home.jpg\",\"datePublished\":\"2020-03-27T14:39:28+00:00\",\"dateModified\":\"2025-10-29T08:21:15+00:00\",\"breadcrumb\":{\"@id\":\"https:\/\/www.arcangeli.it\/fr\/catalague\/#breadcrumb\"},\"inLanguage\":\"fr-FR\",\"potentialAction\":[{\"@type\":\"ReadAction\",\"target\":[\"https:\/\/www.arcangeli.it\/fr\/catalague\/\"]}]},{\"@type\":\"ImageObject\",\"inLanguage\":\"fr-FR\",\"@id\":\"https:\/\/www.arcangeli.it\/fr\/catalague\/#primaryimage\",\"url\":\"https:\/\/www.arcangeli.it\/wp-content\/uploads\/2025\/10\/catalogo-home.jpg\",\"contentUrl\":\"https:\/\/www.arcangeli.it\/wp-content\/uploads\/2025\/10\/catalogo-home.jpg\",\"width\":490,\"height\":323,\"caption\":\"il vivaio arcangeli\"},{\"@type\":\"BreadcrumbList\",\"@id\":\"https:\/\/www.arcangeli.it\/fr\/catalague\/#breadcrumb\",\"itemListElement\":[{\"@type\":\"ListItem\",\"position\":1,\"name\":\"Home\",\"item\":\"https:\/\/www.arcangeli.it\/fr\/\"},{\"@type\":\"ListItem\",\"position\":2,\"name\":\"Catalague\"}]},{\"@type\":\"WebSite\",\"@id\":\"https:\/\/www.arcangeli.it\/fr\/#website\",\"url\":\"https:\/\/www.arcangeli.it\/fr\/\",\"name\":\"Arcangeli Giovanni e figlio\",\"description\":\"\",\"publisher\":{\"@id\":\"https:\/\/www.arcangeli.it\/fr\/#organization\"},\"potentialAction\":[{\"@type\":\"SearchAction\",\"target\":{\"@type\":\"EntryPoint\",\"urlTemplate\":\"https:\/\/www.arcangeli.it\/fr\/?s={search_term_string}\"},\"query-input\":\"required name=search_term_string\"}],\"inLanguage\":\"fr-FR\"},{\"@type\":\"Organization\",\"@id\":\"https:\/\/www.arcangeli.it\/fr\/#organization\",\"name\":\"Arcangeli Giovanni e figlio\",\"url\":\"https:\/\/www.arcangeli.it\/fr\/\",\"logo\":{\"@type\":\"ImageObject\",\"inLanguage\":\"fr-FR\",\"@id\":\"https:\/\/www.arcangeli.it\/fr\/#\/schema\/logo\/image\/\",\"url\":\"https:\/\/www.arcangeli.it\/wp-content\/uploads\/2019\/12\/arcangeli-logo.png\",\"contentUrl\":\"https:\/\/www.arcangeli.it\/wp-content\/uploads\/2019\/12\/arcangeli-logo.png\",\"width\":476,\"height\":91,\"caption\":\"Arcangeli Giovanni e figlio\"},\"image\":{\"@id\":\"https:\/\/www.arcangeli.it\/fr\/#\/schema\/logo\/image\/\"}}]}<\/script>\n<!-- \/ Yoast SEO plugin. -->","yoast_head_json":{"title":"Catalague - Arcangeli Giovanni e figlio","robots":{"index":"index","follow":"follow","max-snippet":"max-snippet:-1","max-image-preview":"max-image-preview:large","max-video-preview":"max-video-preview:-1"},"canonical":"https:\/\/www.arcangeli.it\/fr\/catalague\/","og_locale":"fr_FR","og_type":"article","og_title":"Catalague - Arcangeli Giovanni e figlio","og_description":"T\u00e9l\u00e9chargez notre catalogue au format pdf Avec plus de 200 vari\u00e9t\u00e9s de plantes, d&#8217;arbres, d&#8217;arbustes et de fleurs, nous sommes en mesure de satisfaire tous les types de besoins pour la r\u00e9alisation de n&#8217;importe quel espace vert, du plus r\u00e9duit au plus \u00e9tendu. Tout cela est possible gr\u00e2ce \u00e0 une vaste production de vari\u00e9t\u00e9s adapt\u00e9es [&hellip;]","og_url":"https:\/\/www.arcangeli.it\/fr\/catalague\/","og_site_name":"Arcangeli Giovanni e figlio","article_modified_time":"2025-10-29T08:21:15+00:00","og_image":[{"width":1920,"height":600,"url":"https:\/\/www.arcangeli.it\/wp-content\/uploads\/2025\/10\/catalogo-nuova.jpg","type":"image\/jpeg"}],"twitter_card":"summary_large_image","twitter_misc":{"Est. reading time":"2 minutes"},"schema":{"@context":"https:\/\/schema.org","@graph":[{"@type":"WebPage","@id":"https:\/\/www.arcangeli.it\/fr\/catalague\/","url":"https:\/\/www.arcangeli.it\/fr\/catalague\/","name":"Catalague - Arcangeli Giovanni e figlio","isPartOf":{"@id":"https:\/\/www.arcangeli.it\/fr\/#website"},"primaryImageOfPage":{"@id":"https:\/\/www.arcangeli.it\/fr\/catalague\/#primaryimage"},"image":{"@id":"https:\/\/www.arcangeli.it\/fr\/catalague\/#primaryimage"},"thumbnailUrl":"https:\/\/www.arcangeli.it\/wp-content\/uploads\/2025\/10\/catalogo-home.jpg","datePublished":"2020-03-27T14:39:28+00:00","dateModified":"2025-10-29T08:21:15+00:00","breadcrumb":{"@id":"https:\/\/www.arcangeli.it\/fr\/catalague\/#breadcrumb"},"inLanguage":"fr-FR","potentialAction":[{"@type":"ReadAction","target":["https:\/\/www.arcangeli.it\/fr\/catalague\/"]}]},{"@type":"ImageObject","inLanguage":"fr-FR","@id":"https:\/\/www.arcangeli.it\/fr\/catalague\/#primaryimage","url":"https:\/\/www.arcangeli.it\/wp-content\/uploads\/2025\/10\/catalogo-home.jpg","contentUrl":"https:\/\/www.arcangeli.it\/wp-content\/uploads\/2025\/10\/catalogo-home.jpg","width":490,"height":323,"caption":"il vivaio arcangeli"},{"@type":"BreadcrumbList","@id":"https:\/\/www.arcangeli.it\/fr\/catalague\/#breadcrumb","itemListElement":[{"@type":"ListItem","position":1,"name":"Home","item":"https:\/\/www.arcangeli.it\/fr\/"},{"@type":"ListItem","position":2,"name":"Catalague"}]},{"@type":"WebSite","@id":"https:\/\/www.arcangeli.it\/fr\/#website","url":"https:\/\/www.arcangeli.it\/fr\/","name":"Arcangeli Giovanni e figlio","description":"","publisher":{"@id":"https:\/\/www.arcangeli.it\/fr\/#organization"},"potentialAction":[{"@type":"SearchAction","target":{"@type":"EntryPoint","urlTemplate":"https:\/\/www.arcangeli.it\/fr\/?s={search_term_string}"},"query-input":"required name=search_term_string"}],"inLanguage":"fr-FR"},{"@type":"Organization","@id":"https:\/\/www.arcangeli.it\/fr\/#organization","name":"Arcangeli Giovanni e figlio","url":"https:\/\/www.arcangeli.it\/fr\/","logo":{"@type":"ImageObject","inLanguage":"fr-FR","@id":"https:\/\/www.arcangeli.it\/fr\/#\/schema\/logo\/image\/","url":"https:\/\/www.arcangeli.it\/wp-content\/uploads\/2019\/12\/arcangeli-logo.png","contentUrl":"https:\/\/www.arcangeli.it\/wp-content\/uploads\/2019\/12\/arcangeli-logo.png","width":476,"height":91,"caption":"Arcangeli Giovanni e figlio"},"image":{"@id":"https:\/\/www.arcangeli.it\/fr\/#\/schema\/logo\/image\/"}}]}},"_links":{"self":[{"href":"https:\/\/www.arcangeli.it\/fr\/wp-json\/wp\/v2\/pages\/469","targetHints":{"allow":["GET"]}}],"collection":[{"href":"https:\/\/www.arcangeli.it\/fr\/wp-json\/wp\/v2\/pages"}],"about":[{"href":"https:\/\/www.arcangeli.it\/fr\/wp-json\/wp\/v2\/types\/page"}],"author":[{"embeddable":true,"href":"https:\/\/www.arcangeli.it\/fr\/wp-json\/wp\/v2\/users\/1"}],"replies":[{"embeddable":true,"href":"https:\/\/www.arcangeli.it\/fr\/wp-json\/wp\/v2\/comments?post=469"}],"version-history":[{"count":13,"href":"https:\/\/www.arcangeli.it\/fr\/wp-json\/wp\/v2\/pages\/469\/revisions"}],"predecessor-version":[{"id":810,"href":"https:\/\/www.arcangeli.it\/fr\/wp-json\/wp\/v2\/pages\/469\/revisions\/810"}],"wp:featuredmedia":[{"embeddable":true,"href":"https:\/\/www.arcangeli.it\/fr\/wp-json\/wp\/v2\/media\/829"}],"wp:attachment":[{"href":"https:\/\/www.arcangeli.it\/fr\/wp-json\/wp\/v2\/media?parent=469"}],"curies":[{"name":"wp","href":"https:\/\/api.w.org\/{rel}","templated":true}]}}