{"id":475,"date":"2020-03-27T15:44:25","date_gmt":"2020-03-27T14:44:25","guid":{"rendered":"https:\/\/www.arcangeli.it\/services\/"},"modified":"2020-03-27T15:45:12","modified_gmt":"2020-03-27T14:45:12","slug":"services","status":"publish","type":"page","link":"https:\/\/www.arcangeli.it\/fr\/services\/","title":{"rendered":"Services"},"content":{"rendered":"\n<div class=\"wp-block-media-text alignwide mb-5\" style=\"grid-template-columns:33% auto\"><figure class=\"wp-block-media-text__media\"><img loading=\"lazy\" decoding=\"async\" width=\"306\" height=\"198\" src=\"https:\/\/www.arcangeli.it\/wp-content\/themes\/webag_3\/templates-default\/img\/t.png\" data-src=\"https:\/\/www.arcangeli.it\/wp-content\/uploads\/2020\/01\/assistenza-acquisto-piante.jpg\" alt=\"Assistance \u00e0 l'achat\" class=\"lazy wp-image-299\" data-srcset=\"https:\/\/www.arcangeli.it\/wp-content\/uploads\/2020\/01\/assistenza-acquisto-piante.jpg 306w, https:\/\/www.arcangeli.it\/wp-content\/uploads\/2020\/01\/assistenza-acquisto-piante-300x194.jpg 300w, https:\/\/www.arcangeli.it\/wp-content\/uploads\/2020\/01\/assistenza-acquisto-piante-150x97.jpg 150w\" sizes=\"auto, (max-width: 306px) 100vw, 306px\" \/><\/figure><div class=\"wp-block-media-text__content\">\n<h2 class=\"wp-block-heading\">ASSISTANCE \u00c0 L\u2019ACHAT<\/h2>\n\n\n\n<p>Dans toutes nos p\u00e9pini\u00e8res, vous trouverez un personnel exp\u00e9riment\u00e9 et sp\u00e9cialis\u00e9 dans la connaissance des plantes ornementales, qui vous assistera dans toutes les phases de votre choix, vous conseillant les produits correspondant le mieux \u00e0 vos besoins.<\/p>\n<\/div><\/div>\n\n<div class=\"wp-block-media-text alignwide mb-5\" style=\"grid-template-columns:33% auto\"><figure class=\"wp-block-media-text__media\"><img loading=\"lazy\" decoding=\"async\" width=\"306\" height=\"198\" src=\"https:\/\/www.arcangeli.it\/wp-content\/themes\/webag_3\/templates-default\/img\/t.png\" data-src=\"https:\/\/www.arcangeli.it\/wp-content\/uploads\/2020\/01\/spedizioni-piante.jpg\" alt=\"EXP\u00c9DITIONS NATIONALES ET INTERNATIONALES\" class=\"lazy wp-image-314\" data-srcset=\"https:\/\/www.arcangeli.it\/wp-content\/uploads\/2020\/01\/spedizioni-piante.jpg 306w, https:\/\/www.arcangeli.it\/wp-content\/uploads\/2020\/01\/spedizioni-piante-300x194.jpg 300w, https:\/\/www.arcangeli.it\/wp-content\/uploads\/2020\/01\/spedizioni-piante-150x97.jpg 150w\" sizes=\"auto, (max-width: 306px) 100vw, 306px\" \/><\/figure><div class=\"wp-block-media-text__content\">\n<h2 class=\"wp-block-heading\">EXP\u00c9DITIONS NATIONALES ET INTERNATIONALES<\/h2>\n\n\n\n<p>Notre service logistique est en mesure d\u2019organiser des exp\u00e9ditions compl\u00e8tes et des envois group\u00e9s en utilisant ses propres moyens et des transporteurs professionnels par voie terrestre et maritime, prise en charge de toutes formalit\u00e9s douani\u00e8res comprise.<\/p>\n<\/div><\/div>\n\n<div class=\"wp-block-media-text alignwide mb-5\" style=\"grid-template-columns:33% auto\"><figure class=\"wp-block-media-text__media\"><img loading=\"lazy\" decoding=\"async\" width=\"306\" height=\"198\" src=\"https:\/\/www.arcangeli.it\/wp-content\/themes\/webag_3\/templates-default\/img\/t.png\" data-src=\"https:\/\/www.arcangeli.it\/wp-content\/uploads\/2020\/01\/consulenza-green.jpg\" alt=\"ACTIVIT\u00c9 DE CONSEIL GREEN\" class=\"lazy wp-image-319\" data-srcset=\"https:\/\/www.arcangeli.it\/wp-content\/uploads\/2020\/01\/consulenza-green.jpg 306w, https:\/\/www.arcangeli.it\/wp-content\/uploads\/2020\/01\/consulenza-green-300x194.jpg 300w, https:\/\/www.arcangeli.it\/wp-content\/uploads\/2020\/01\/consulenza-green-150x97.jpg 150w\" sizes=\"auto, (max-width: 306px) 100vw, 306px\" \/><\/figure><div class=\"wp-block-media-text__content\">\n<h2 class=\"wp-block-heading\">ACTIVIT\u00c9 DE CONSEIL GREEN<\/h2>\n\n\n\n<p>Sur demande, nous pouvons \u00e9galement offrir des conseils de jardinage qualifi\u00e9s avec la collaboration de professionnels sp\u00e9cialis\u00e9s qui sont \u00e9galement \u00e0 votre disposition, sur demande, pour visiter directement les lieux et r\u00e9aliser des travaux de plantation et d&#8217;entretien.<\/p>\n<\/div><\/div>\n","protected":false},"excerpt":{"rendered":"<p>ASSISTANCE \u00c0 L\u2019ACHAT Dans toutes nos p\u00e9pini\u00e8res, vous trouverez un personnel exp\u00e9riment\u00e9 et sp\u00e9cialis\u00e9 dans la connaissance des plantes ornementales, qui vous assistera dans toutes les phases de votre choix, vous conseillant les produits correspondant le mieux \u00e0 vos besoins. EXP\u00c9DITIONS NATIONALES ET INTERNATIONALES Notre service logistique est en mesure d\u2019organiser des exp\u00e9ditions compl\u00e8tes et [&hellip;]<\/p>\n","protected":false},"author":1,"featured_media":175,"parent":0,"menu_order":0,"comment_status":"closed","ping_status":"closed","template":"","meta":{"_acf_changed":false,"footnotes":""},"class_list":["post-475","page","type-page","status-publish","has-post-thumbnail","hentry"],"acf":[],"yoast_head":"<!-- This site is optimized with the Yoast SEO plugin v23.3 - https:\/\/yoast.com\/wordpress\/plugins\/seo\/ -->\n<title>Services - Arcangeli Giovanni e figlio<\/title>\n<meta name=\"robots\" content=\"index, follow, max-snippet:-1, max-image-preview:large, max-video-preview:-1\" \/>\n<link rel=\"canonical\" href=\"https:\/\/www.arcangeli.it\/fr\/services\/\" \/>\n<meta property=\"og:locale\" content=\"fr_FR\" \/>\n<meta property=\"og:type\" content=\"article\" \/>\n<meta property=\"og:title\" content=\"Services - Arcangeli Giovanni e figlio\" \/>\n<meta property=\"og:description\" content=\"ASSISTANCE \u00c0 L\u2019ACHAT Dans toutes nos p\u00e9pini\u00e8res, vous trouverez un personnel exp\u00e9riment\u00e9 et sp\u00e9cialis\u00e9 dans la connaissance des plantes ornementales, qui vous assistera dans toutes les phases de votre choix, vous conseillant les produits correspondant le mieux \u00e0 vos besoins. EXP\u00c9DITIONS NATIONALES ET INTERNATIONALES Notre service logistique est en mesure d\u2019organiser des exp\u00e9ditions compl\u00e8tes et [&hellip;]\" \/>\n<meta property=\"og:url\" content=\"https:\/\/www.arcangeli.it\/fr\/services\/\" \/>\n<meta property=\"og:site_name\" content=\"Arcangeli Giovanni e figlio\" \/>\n<meta property=\"article:modified_time\" content=\"2020-03-27T14:45:12+00:00\" \/>\n<meta property=\"og:image\" content=\"https:\/\/www.arcangeli.it\/wp-content\/uploads\/2020\/01\/servizi-thumb.jpg\" \/>\n\t<meta property=\"og:image:width\" content=\"490\" \/>\n\t<meta property=\"og:image:height\" content=\"323\" \/>\n\t<meta property=\"og:image:type\" content=\"image\/jpeg\" \/>\n<meta name=\"twitter:card\" content=\"summary_large_image\" \/>\n<meta name=\"twitter:label1\" content=\"Est. reading time\" \/>\n\t<meta name=\"twitter:data1\" content=\"1 minute\" \/>\n<script type=\"application\/ld+json\" class=\"yoast-schema-graph\">{\"@context\":\"https:\/\/schema.org\",\"@graph\":[{\"@type\":\"WebPage\",\"@id\":\"https:\/\/www.arcangeli.it\/fr\/services\/\",\"url\":\"https:\/\/www.arcangeli.it\/fr\/services\/\",\"name\":\"Services - Arcangeli Giovanni e figlio\",\"isPartOf\":{\"@id\":\"https:\/\/www.arcangeli.it\/fr\/#website\"},\"primaryImageOfPage\":{\"@id\":\"https:\/\/www.arcangeli.it\/fr\/services\/#primaryimage\"},\"image\":{\"@id\":\"https:\/\/www.arcangeli.it\/fr\/services\/#primaryimage\"},\"thumbnailUrl\":\"https:\/\/www.arcangeli.it\/wp-content\/uploads\/2020\/01\/servizi-thumb.jpg\",\"datePublished\":\"2020-03-27T14:44:25+00:00\",\"dateModified\":\"2020-03-27T14:45:12+00:00\",\"breadcrumb\":{\"@id\":\"https:\/\/www.arcangeli.it\/fr\/services\/#breadcrumb\"},\"inLanguage\":\"fr-FR\",\"potentialAction\":[{\"@type\":\"ReadAction\",\"target\":[\"https:\/\/www.arcangeli.it\/fr\/services\/\"]}]},{\"@type\":\"ImageObject\",\"inLanguage\":\"fr-FR\",\"@id\":\"https:\/\/www.arcangeli.it\/fr\/services\/#primaryimage\",\"url\":\"https:\/\/www.arcangeli.it\/wp-content\/uploads\/2020\/01\/servizi-thumb.jpg\",\"contentUrl\":\"https:\/\/www.arcangeli.it\/wp-content\/uploads\/2020\/01\/servizi-thumb.jpg\",\"width\":490,\"height\":323},{\"@type\":\"BreadcrumbList\",\"@id\":\"https:\/\/www.arcangeli.it\/fr\/services\/#breadcrumb\",\"itemListElement\":[{\"@type\":\"ListItem\",\"position\":1,\"name\":\"Home\",\"item\":\"https:\/\/www.arcangeli.it\/fr\/\"},{\"@type\":\"ListItem\",\"position\":2,\"name\":\"Services\"}]},{\"@type\":\"WebSite\",\"@id\":\"https:\/\/www.arcangeli.it\/fr\/#website\",\"url\":\"https:\/\/www.arcangeli.it\/fr\/\",\"name\":\"Arcangeli Giovanni e figlio\",\"description\":\"\",\"publisher\":{\"@id\":\"https:\/\/www.arcangeli.it\/fr\/#organization\"},\"potentialAction\":[{\"@type\":\"SearchAction\",\"target\":{\"@type\":\"EntryPoint\",\"urlTemplate\":\"https:\/\/www.arcangeli.it\/fr\/?s={search_term_string}\"},\"query-input\":\"required name=search_term_string\"}],\"inLanguage\":\"fr-FR\"},{\"@type\":\"Organization\",\"@id\":\"https:\/\/www.arcangeli.it\/fr\/#organization\",\"name\":\"Arcangeli Giovanni e figlio\",\"url\":\"https:\/\/www.arcangeli.it\/fr\/\",\"logo\":{\"@type\":\"ImageObject\",\"inLanguage\":\"fr-FR\",\"@id\":\"https:\/\/www.arcangeli.it\/fr\/#\/schema\/logo\/image\/\",\"url\":\"https:\/\/www.arcangeli.it\/wp-content\/uploads\/2019\/12\/arcangeli-logo.png\",\"contentUrl\":\"https:\/\/www.arcangeli.it\/wp-content\/uploads\/2019\/12\/arcangeli-logo.png\",\"width\":476,\"height\":91,\"caption\":\"Arcangeli Giovanni e figlio\"},\"image\":{\"@id\":\"https:\/\/www.arcangeli.it\/fr\/#\/schema\/logo\/image\/\"}}]}<\/script>\n<!-- \/ Yoast SEO plugin. -->","yoast_head_json":{"title":"Services - Arcangeli Giovanni e figlio","robots":{"index":"index","follow":"follow","max-snippet":"max-snippet:-1","max-image-preview":"max-image-preview:large","max-video-preview":"max-video-preview:-1"},"canonical":"https:\/\/www.arcangeli.it\/fr\/services\/","og_locale":"fr_FR","og_type":"article","og_title":"Services - Arcangeli Giovanni e figlio","og_description":"ASSISTANCE \u00c0 L\u2019ACHAT Dans toutes nos p\u00e9pini\u00e8res, vous trouverez un personnel exp\u00e9riment\u00e9 et sp\u00e9cialis\u00e9 dans la connaissance des plantes ornementales, qui vous assistera dans toutes les phases de votre choix, vous conseillant les produits correspondant le mieux \u00e0 vos besoins. EXP\u00c9DITIONS NATIONALES ET INTERNATIONALES Notre service logistique est en mesure d\u2019organiser des exp\u00e9ditions compl\u00e8tes et [&hellip;]","og_url":"https:\/\/www.arcangeli.it\/fr\/services\/","og_site_name":"Arcangeli Giovanni e figlio","article_modified_time":"2020-03-27T14:45:12+00:00","og_image":[{"width":490,"height":323,"url":"https:\/\/www.arcangeli.it\/wp-content\/uploads\/2020\/01\/servizi-thumb.jpg","type":"image\/jpeg"}],"twitter_card":"summary_large_image","twitter_misc":{"Est. reading time":"1 minute"},"schema":{"@context":"https:\/\/schema.org","@graph":[{"@type":"WebPage","@id":"https:\/\/www.arcangeli.it\/fr\/services\/","url":"https:\/\/www.arcangeli.it\/fr\/services\/","name":"Services - Arcangeli Giovanni e figlio","isPartOf":{"@id":"https:\/\/www.arcangeli.it\/fr\/#website"},"primaryImageOfPage":{"@id":"https:\/\/www.arcangeli.it\/fr\/services\/#primaryimage"},"image":{"@id":"https:\/\/www.arcangeli.it\/fr\/services\/#primaryimage"},"thumbnailUrl":"https:\/\/www.arcangeli.it\/wp-content\/uploads\/2020\/01\/servizi-thumb.jpg","datePublished":"2020-03-27T14:44:25+00:00","dateModified":"2020-03-27T14:45:12+00:00","breadcrumb":{"@id":"https:\/\/www.arcangeli.it\/fr\/services\/#breadcrumb"},"inLanguage":"fr-FR","potentialAction":[{"@type":"ReadAction","target":["https:\/\/www.arcangeli.it\/fr\/services\/"]}]},{"@type":"ImageObject","inLanguage":"fr-FR","@id":"https:\/\/www.arcangeli.it\/fr\/services\/#primaryimage","url":"https:\/\/www.arcangeli.it\/wp-content\/uploads\/2020\/01\/servizi-thumb.jpg","contentUrl":"https:\/\/www.arcangeli.it\/wp-content\/uploads\/2020\/01\/servizi-thumb.jpg","width":490,"height":323},{"@type":"BreadcrumbList","@id":"https:\/\/www.arcangeli.it\/fr\/services\/#breadcrumb","itemListElement":[{"@type":"ListItem","position":1,"name":"Home","item":"https:\/\/www.arcangeli.it\/fr\/"},{"@type":"ListItem","position":2,"name":"Services"}]},{"@type":"WebSite","@id":"https:\/\/www.arcangeli.it\/fr\/#website","url":"https:\/\/www.arcangeli.it\/fr\/","name":"Arcangeli Giovanni e figlio","description":"","publisher":{"@id":"https:\/\/www.arcangeli.it\/fr\/#organization"},"potentialAction":[{"@type":"SearchAction","target":{"@type":"EntryPoint","urlTemplate":"https:\/\/www.arcangeli.it\/fr\/?s={search_term_string}"},"query-input":"required name=search_term_string"}],"inLanguage":"fr-FR"},{"@type":"Organization","@id":"https:\/\/www.arcangeli.it\/fr\/#organization","name":"Arcangeli Giovanni e figlio","url":"https:\/\/www.arcangeli.it\/fr\/","logo":{"@type":"ImageObject","inLanguage":"fr-FR","@id":"https:\/\/www.arcangeli.it\/fr\/#\/schema\/logo\/image\/","url":"https:\/\/www.arcangeli.it\/wp-content\/uploads\/2019\/12\/arcangeli-logo.png","contentUrl":"https:\/\/www.arcangeli.it\/wp-content\/uploads\/2019\/12\/arcangeli-logo.png","width":476,"height":91,"caption":"Arcangeli Giovanni e figlio"},"image":{"@id":"https:\/\/www.arcangeli.it\/fr\/#\/schema\/logo\/image\/"}}]}},"_links":{"self":[{"href":"https:\/\/www.arcangeli.it\/fr\/wp-json\/wp\/v2\/pages\/475","targetHints":{"allow":["GET"]}}],"collection":[{"href":"https:\/\/www.arcangeli.it\/fr\/wp-json\/wp\/v2\/pages"}],"about":[{"href":"https:\/\/www.arcangeli.it\/fr\/wp-json\/wp\/v2\/types\/page"}],"author":[{"embeddable":true,"href":"https:\/\/www.arcangeli.it\/fr\/wp-json\/wp\/v2\/users\/1"}],"replies":[{"embeddable":true,"href":"https:\/\/www.arcangeli.it\/fr\/wp-json\/wp\/v2\/comments?post=475"}],"version-history":[{"count":5,"href":"https:\/\/www.arcangeli.it\/fr\/wp-json\/wp\/v2\/pages\/475\/revisions"}],"predecessor-version":[{"id":480,"href":"https:\/\/www.arcangeli.it\/fr\/wp-json\/wp\/v2\/pages\/475\/revisions\/480"}],"wp:featuredmedia":[{"embeddable":true,"href":"https:\/\/www.arcangeli.it\/fr\/wp-json\/wp\/v2\/media\/175"}],"wp:attachment":[{"href":"https:\/\/www.arcangeli.it\/fr\/wp-json\/wp\/v2\/media?parent=475"}],"curies":[{"name":"wp","href":"https:\/\/api.w.org\/{rel}","templated":true}]}}