{"id":481,"date":"2020-03-27T15:48:07","date_gmt":"2020-03-27T14:48:07","guid":{"rendered":"https:\/\/www.arcangeli.it\/reseau-de-vente\/"},"modified":"2025-11-26T13:11:36","modified_gmt":"2025-11-26T12:11:36","slug":"reseau-de-vente","status":"publish","type":"page","link":"https:\/\/www.arcangeli.it\/fr\/reseau-de-vente\/","title":{"rendered":"R\u00e9seau de vente"},"content":{"rendered":"<style>.kb-row-layout-id481_fe2bb6-3a > .kt-row-column-wrap{align-content:start;}:where(.kb-row-layout-id481_fe2bb6-3a > .kt-row-column-wrap) > .wp-block-kadence-column{justify-content:start;}.kb-row-layout-id481_fe2bb6-3a > .kt-row-column-wrap{column-gap:var(--global-kb-gap-md, 2rem);row-gap:var(--global-kb-gap-md, 2rem);padding-top:var(--global-kb-spacing-sm, 1.5rem);padding-bottom:var(--global-kb-spacing-sm, 1.5rem);}.kb-row-layout-id481_fe2bb6-3a > .kt-row-column-wrap > div:not(.added-for-specificity){grid-column:initial;}.kb-row-layout-id481_fe2bb6-3a > .kt-row-column-wrap{grid-template-columns:repeat(3, minmax(0, 1fr));}.kb-row-layout-id481_fe2bb6-3a > .kt-row-layout-overlay{opacity:0.30;}@media all and (max-width: 1024px){.kb-row-layout-id481_fe2bb6-3a > .kt-row-column-wrap > div:not(.added-for-specificity){grid-column:initial;}}@media all and (max-width: 1024px){.kb-row-layout-id481_fe2bb6-3a > .kt-row-column-wrap{grid-template-columns:repeat(3, minmax(0, 1fr));}}@media all and (max-width: 767px){.kb-row-layout-id481_fe2bb6-3a > .kt-row-column-wrap > div:not(.added-for-specificity){grid-column:initial;}.kb-row-layout-id481_fe2bb6-3a > .kt-row-column-wrap{grid-template-columns:minmax(0, 1fr);}}<\/style><div class=\"kb-row-layout-wrap kb-row-layout-id481_fe2bb6-3a alignnone wp-block-kadence-rowlayout\"><div class=\"kt-row-column-wrap kt-has-3-columns kt-row-layout-equal kt-tab-layout-inherit kt-mobile-layout-row kt-row-valign-top\">\n<style>.kadence-column481_4bb3f2-97 > .kt-inside-inner-col,.kadence-column481_4bb3f2-97 > .kt-inside-inner-col:before{border-top-left-radius:0px;border-top-right-radius:0px;border-bottom-right-radius:0px;border-bottom-left-radius:0px;}.kadence-column481_4bb3f2-97 > .kt-inside-inner-col{column-gap:var(--global-kb-gap-sm, 1rem);}.kadence-column481_4bb3f2-97 > .kt-inside-inner-col{flex-direction:column;}.kadence-column481_4bb3f2-97 > .kt-inside-inner-col > .aligncenter{width:100%;}.kadence-column481_4bb3f2-97 > .kt-inside-inner-col:before{opacity:0.3;}.kadence-column481_4bb3f2-97{position:relative;}@media all and (max-width: 1024px){.kadence-column481_4bb3f2-97 > .kt-inside-inner-col{flex-direction:column;justify-content:center;}}@media all and (max-width: 767px){.kadence-column481_4bb3f2-97 > .kt-inside-inner-col{flex-direction:column;justify-content:center;}}<\/style>\n<div class=\"wp-block-kadence-column kadence-column481_4bb3f2-97 inner-column-1\"><div class=\"kt-inside-inner-col\">\n<p><strong>Italie<\/strong><\/p>\n\n\n\n<p><a href=\"mailto:massimiliano@arcangeli.com\" target=\"_blank\" rel=\"noreferrer noopener\"><strong>massimiliano@arcangeli.com<\/strong><\/a><\/p>\n\n\n\n<p><a href=\"tel:+393346484246\"><strong>+39 334 64 84 246<\/strong><\/a><\/p>\n<\/div><\/div>\n\n\n<style>.kadence-column481_26a9f0-f4 > .kt-inside-inner-col,.kadence-column481_26a9f0-f4 > .kt-inside-inner-col:before{border-top-left-radius:0px;border-top-right-radius:0px;border-bottom-right-radius:0px;border-bottom-left-radius:0px;}.kadence-column481_26a9f0-f4 > .kt-inside-inner-col{column-gap:var(--global-kb-gap-sm, 1rem);}.kadence-column481_26a9f0-f4 > .kt-inside-inner-col{flex-direction:column;}.kadence-column481_26a9f0-f4 > .kt-inside-inner-col > .aligncenter{width:100%;}.kadence-column481_26a9f0-f4 > .kt-inside-inner-col:before{opacity:0.3;}.kadence-column481_26a9f0-f4{position:relative;}@media all and (max-width: 1024px){.kadence-column481_26a9f0-f4 > .kt-inside-inner-col{flex-direction:column;justify-content:center;}}@media all and (max-width: 767px){.kadence-column481_26a9f0-f4 > .kt-inside-inner-col{flex-direction:column;justify-content:center;}}<\/style>\n<div class=\"wp-block-kadence-column kadence-column481_26a9f0-f4 inner-column-1\"><div class=\"kt-inside-inner-col\">\n<p><strong>France <\/strong><\/p>\n\n\n\n<p><strong><a href=\"mailto:lorenzo@arcangeli.com\">lorenzo@arcangeli.com<\/a><\/strong><\/p>\n\n\n\n<p><strong><a href=\"tel:+393703695591\">+39 370 36 95 591<\/a><\/strong><\/p>\n\n\n\n<p><strong><a href=\"mailto:alessandro@arcangeli.com\">alessandro@arcangeli.com<\/a><\/strong><\/p>\n\n\n\n<p><a href=\"tel:+393332124018\"><strong>+39 333 21 24 018<\/strong><\/a><\/p>\n<\/div><\/div>\n\n\n<style>.kadence-column481_76447c-ec > .kt-inside-inner-col,.kadence-column481_76447c-ec > .kt-inside-inner-col:before{border-top-left-radius:0px;border-top-right-radius:0px;border-bottom-right-radius:0px;border-bottom-left-radius:0px;}.kadence-column481_76447c-ec > .kt-inside-inner-col{column-gap:var(--global-kb-gap-sm, 1rem);}.kadence-column481_76447c-ec > .kt-inside-inner-col{flex-direction:column;}.kadence-column481_76447c-ec > .kt-inside-inner-col > .aligncenter{width:100%;}.kadence-column481_76447c-ec > .kt-inside-inner-col:before{opacity:0.3;}.kadence-column481_76447c-ec{position:relative;}@media all and (max-width: 1024px){.kadence-column481_76447c-ec > .kt-inside-inner-col{flex-direction:column;justify-content:center;}}@media all and (max-width: 767px){.kadence-column481_76447c-ec > .kt-inside-inner-col{flex-direction:column;justify-content:center;}}<\/style>\n<div class=\"wp-block-kadence-column kadence-column481_76447c-ec inner-column-2\"><div class=\"kt-inside-inner-col\">\n<p><strong>Slovaquie et R\u00e9publique tch\u00e8que<\/strong><\/p>\n\n\n\n<p><a href=\"mailto:petra@arcangeli.com\"><strong>petra@arcangeli.com<\/strong><\/a><\/p>\n\n\n\n<p><a href=\"tel:+393387125017\"><strong>+39 338 71 25 017<\/strong><\/a><\/p>\n<\/div><\/div>\n\n<\/div><\/div>\n\n<style>.kb-row-layout-id481_8a251f-a3 > .kt-row-column-wrap{align-content:start;}:where(.kb-row-layout-id481_8a251f-a3 > .kt-row-column-wrap) > .wp-block-kadence-column{justify-content:start;}.kb-row-layout-id481_8a251f-a3 > .kt-row-column-wrap{column-gap:var(--global-kb-gap-md, 2rem);row-gap:var(--global-kb-gap-md, 2rem);padding-top:var(--global-kb-spacing-sm, 1.5rem);padding-bottom:var(--global-kb-spacing-sm, 1.5rem);}.kb-row-layout-id481_8a251f-a3 > .kt-row-column-wrap > div:not(.added-for-specificity){grid-column:initial;}.kb-row-layout-id481_8a251f-a3 > .kt-row-column-wrap{grid-template-columns:repeat(3, minmax(0, 1fr));}.kb-row-layout-id481_8a251f-a3 > .kt-row-layout-overlay{opacity:0.30;}@media all and (max-width: 1024px){.kb-row-layout-id481_8a251f-a3 > .kt-row-column-wrap > div:not(.added-for-specificity){grid-column:initial;}}@media all and (max-width: 1024px){.kb-row-layout-id481_8a251f-a3 > .kt-row-column-wrap{grid-template-columns:repeat(3, minmax(0, 1fr));}}@media all and (max-width: 767px){.kb-row-layout-id481_8a251f-a3 > .kt-row-column-wrap > div:not(.added-for-specificity){grid-column:initial;}.kb-row-layout-id481_8a251f-a3 > .kt-row-column-wrap{grid-template-columns:minmax(0, 1fr);}}<\/style><div class=\"kb-row-layout-wrap kb-row-layout-id481_8a251f-a3 alignnone wp-block-kadence-rowlayout\"><div class=\"kt-row-column-wrap kt-has-3-columns kt-row-layout-equal kt-tab-layout-inherit kt-mobile-layout-row kt-row-valign-top\">\n<style>.kadence-column481_94ad6c-81 > .kt-inside-inner-col,.kadence-column481_94ad6c-81 > .kt-inside-inner-col:before{border-top-left-radius:0px;border-top-right-radius:0px;border-bottom-right-radius:0px;border-bottom-left-radius:0px;}.kadence-column481_94ad6c-81 > .kt-inside-inner-col{column-gap:var(--global-kb-gap-sm, 1rem);}.kadence-column481_94ad6c-81 > .kt-inside-inner-col{flex-direction:column;}.kadence-column481_94ad6c-81 > .kt-inside-inner-col > .aligncenter{width:100%;}.kadence-column481_94ad6c-81 > .kt-inside-inner-col:before{opacity:0.3;}.kadence-column481_94ad6c-81{position:relative;}@media all and (max-width: 1024px){.kadence-column481_94ad6c-81 > .kt-inside-inner-col{flex-direction:column;justify-content:center;}}@media all and (max-width: 767px){.kadence-column481_94ad6c-81 > .kt-inside-inner-col{flex-direction:column;justify-content:center;}}<\/style>\n<div class=\"wp-block-kadence-column kadence-column481_94ad6c-81 inner-column-3\"><div class=\"kt-inside-inner-col\">\n<p><strong>Suisse, Allemagne et Autriche<\/strong><\/p>\n\n\n\n<p><strong><a href=\"mailto:tiziana@arcangeli.com\" rel=\"noreferrer noopener\" target=\"_blank\">tiziana@arcangeli.com<\/a><\/strong><\/p>\n\n\n\n<p><a href=\"tel:+393495359771\"><strong>+39 349 53 59 771<\/strong><\/a><\/p>\n<\/div><\/div>\n\n\n<style>.kadence-column481_7f481c-49 > .kt-inside-inner-col,.kadence-column481_7f481c-49 > .kt-inside-inner-col:before{border-top-left-radius:0px;border-top-right-radius:0px;border-bottom-right-radius:0px;border-bottom-left-radius:0px;}.kadence-column481_7f481c-49 > .kt-inside-inner-col{column-gap:var(--global-kb-gap-sm, 1rem);}.kadence-column481_7f481c-49 > .kt-inside-inner-col{flex-direction:column;}.kadence-column481_7f481c-49 > .kt-inside-inner-col > .aligncenter{width:100%;}.kadence-column481_7f481c-49 > .kt-inside-inner-col:before{opacity:0.3;}.kadence-column481_7f481c-49{position:relative;}@media all and (max-width: 1024px){.kadence-column481_7f481c-49 > .kt-inside-inner-col{flex-direction:column;justify-content:center;}}@media all and (max-width: 767px){.kadence-column481_7f481c-49 > .kt-inside-inner-col{flex-direction:column;justify-content:center;}}<\/style>\n<div class=\"wp-block-kadence-column kadence-column481_7f481c-49 inner-column-3\"><div class=\"kt-inside-inner-col\">\n<p><strong>G\u00e9orgie, Moldavie, Kazakhstan, Azerba\u00efdjan, Ouzb\u00e9kistan, Lettonie<\/strong><\/p>\n\n\n\n<p><strong><a href=\"mailto:valentina@arcangeli.com\" rel=\"noreferrer noopener\" target=\"_blank\">valentina@arcangeli.com<\/a><\/strong><\/p>\n\n\n\n<p><a href=\"tel:+393349905831\"><strong>+39 334 99 05 831<\/strong><\/a><\/p>\n<\/div><\/div>\n\n\n<style>.kadence-column481_d59615-19 > .kt-inside-inner-col,.kadence-column481_d59615-19 > .kt-inside-inner-col:before{border-top-left-radius:0px;border-top-right-radius:0px;border-bottom-right-radius:0px;border-bottom-left-radius:0px;}.kadence-column481_d59615-19 > .kt-inside-inner-col{column-gap:var(--global-kb-gap-sm, 1rem);}.kadence-column481_d59615-19 > .kt-inside-inner-col{flex-direction:column;}.kadence-column481_d59615-19 > .kt-inside-inner-col > .aligncenter{width:100%;}.kadence-column481_d59615-19 > .kt-inside-inner-col:before{opacity:0.3;}.kadence-column481_d59615-19{position:relative;}@media all and (max-width: 1024px){.kadence-column481_d59615-19 > .kt-inside-inner-col{flex-direction:column;justify-content:center;}}@media all and (max-width: 767px){.kadence-column481_d59615-19 > .kt-inside-inner-col{flex-direction:column;justify-content:center;}}<\/style>\n<div class=\"wp-block-kadence-column kadence-column481_d59615-19 inner-column-1\"><div class=\"kt-inside-inner-col\">\n<p><strong>Corse et Croatie<\/strong><\/p>\n\n\n\n<p><a href=\"mailto:lisa@arcangeli.com\"><strong>lisa@arcangeli.com<\/strong><\/a><\/p>\n\n\n\n<p><a href=\"tel:+393426187973\"><strong>+39 342 618 79 73<\/strong><\/a><\/p>\n<\/div><\/div>\n\n\n<style>.kadence-column481_a1020a-e4 > .kt-inside-inner-col,.kadence-column481_a1020a-e4 > .kt-inside-inner-col:before{border-top-left-radius:0px;border-top-right-radius:0px;border-bottom-right-radius:0px;border-bottom-left-radius:0px;}.kadence-column481_a1020a-e4 > .kt-inside-inner-col{column-gap:var(--global-kb-gap-sm, 1rem);}.kadence-column481_a1020a-e4 > .kt-inside-inner-col{flex-direction:column;}.kadence-column481_a1020a-e4 > .kt-inside-inner-col > .aligncenter{width:100%;}.kadence-column481_a1020a-e4 > .kt-inside-inner-col:before{opacity:0.3;}.kadence-column481_a1020a-e4{position:relative;}@media all and (max-width: 1024px){.kadence-column481_a1020a-e4 > .kt-inside-inner-col{flex-direction:column;justify-content:center;}}@media all and (max-width: 767px){.kadence-column481_a1020a-e4 > .kt-inside-inner-col{flex-direction:column;justify-content:center;}}<\/style>\n<div class=\"wp-block-kadence-column kadence-column481_a1020a-e4 inner-column-2\"><div class=\"kt-inside-inner-col\">\n<p><strong>Ukraine et Moldavie<\/strong><\/p>\n\n\n\n<p><strong><a href=\"mailto:nina@arcangeli.com\">nina@arcangeli.com<\/a><\/strong><\/p>\n\n\n\n<p><a href=\"tel:+393482597161\"><strong>+39 348 25 97 161<\/strong><\/a><\/p>\n<\/div><\/div>\n\n\n<style>.kadence-column481_923831-1c > .kt-inside-inner-col,.kadence-column481_923831-1c > .kt-inside-inner-col:before{border-top-left-radius:0px;border-top-right-radius:0px;border-bottom-right-radius:0px;border-bottom-left-radius:0px;}.kadence-column481_923831-1c > .kt-inside-inner-col{column-gap:var(--global-kb-gap-sm, 1rem);}.kadence-column481_923831-1c > .kt-inside-inner-col{flex-direction:column;}.kadence-column481_923831-1c > .kt-inside-inner-col > .aligncenter{width:100%;}.kadence-column481_923831-1c > .kt-inside-inner-col:before{opacity:0.3;}.kadence-column481_923831-1c{position:relative;}@media all and (max-width: 1024px){.kadence-column481_923831-1c > .kt-inside-inner-col{flex-direction:column;justify-content:center;}}@media all and (max-width: 767px){.kadence-column481_923831-1c > .kt-inside-inner-col{flex-direction:column;justify-content:center;}}<\/style>\n<div class=\"wp-block-kadence-column kadence-column481_923831-1c inner-column-2\"><div class=\"kt-inside-inner-col\">\n<p><strong>Roumanie et Hongrie<\/strong><\/p>\n\n\n\n<p><strong><a href=\"mailto:adrian@arcangeli.com\">adrian@arcangeli.com<\/a><\/strong><\/p>\n\n\n\n<p><a href=\"tel:+393496522914\"><strong>+39 349 652 2914<\/strong><\/a><\/p>\n<\/div><\/div>\n\n\n<style>.kadence-column481_a93ccc-4e > .kt-inside-inner-col,.kadence-column481_a93ccc-4e > .kt-inside-inner-col:before{border-top-left-radius:0px;border-top-right-radius:0px;border-bottom-right-radius:0px;border-bottom-left-radius:0px;}.kadence-column481_a93ccc-4e > .kt-inside-inner-col{column-gap:var(--global-kb-gap-sm, 1rem);}.kadence-column481_a93ccc-4e > .kt-inside-inner-col{flex-direction:column;}.kadence-column481_a93ccc-4e > .kt-inside-inner-col > .aligncenter{width:100%;}.kadence-column481_a93ccc-4e > .kt-inside-inner-col:before{opacity:0.3;}.kadence-column481_a93ccc-4e{position:relative;}@media all and (max-width: 1024px){.kadence-column481_a93ccc-4e > .kt-inside-inner-col{flex-direction:column;justify-content:center;}}@media all and (max-width: 767px){.kadence-column481_a93ccc-4e > .kt-inside-inner-col{flex-direction:column;justify-content:center;}}<\/style>\n<div class=\"wp-block-kadence-column kadence-column481_a93ccc-4e inner-column-2\"><div class=\"kt-inside-inner-col\">\n<p><strong>Angleterre, Liban et Turquie<\/strong><\/p>\n\n\n\n<p><strong><a href=\"mailto:arcangeli@arcangeli.com\">arcangeli@arcangeli.com<\/a><\/strong><\/p>\n<\/div><\/div>\n\n\n<style>.kadence-column481_7b1198-f4 > .kt-inside-inner-col,.kadence-column481_7b1198-f4 > .kt-inside-inner-col:before{border-top-left-radius:0px;border-top-right-radius:0px;border-bottom-right-radius:0px;border-bottom-left-radius:0px;}.kadence-column481_7b1198-f4 > .kt-inside-inner-col{column-gap:var(--global-kb-gap-sm, 1rem);}.kadence-column481_7b1198-f4 > .kt-inside-inner-col{flex-direction:column;}.kadence-column481_7b1198-f4 > .kt-inside-inner-col > .aligncenter{width:100%;}.kadence-column481_7b1198-f4 > .kt-inside-inner-col:before{opacity:0.3;}.kadence-column481_7b1198-f4{position:relative;}@media all and (max-width: 1024px){.kadence-column481_7b1198-f4 > .kt-inside-inner-col{flex-direction:column;justify-content:center;}}@media all and (max-width: 767px){.kadence-column481_7b1198-f4 > .kt-inside-inner-col{flex-direction:column;justify-content:center;}}<\/style>\n<div class=\"wp-block-kadence-column kadence-column481_7b1198-f4 inner-column-3\"><div class=\"kt-inside-inner-col\">\n<p><strong>Repr\u00e9sentant l\u00e9gal<\/strong><\/p>\n\n\n\n<p><strong><a href=\"mailto:arcangeligiovannimassimo@gmail.com\">arcangeligiovannimassimo@gmail.com<\/a><\/strong><\/p>\n<\/div><\/div>\n\n<\/div><\/div>\n\n<style>.kadence-column481_dd862c-6d > .kt-inside-inner-col,.kadence-column481_dd862c-6d > .kt-inside-inner-col:before{border-top-left-radius:0px;border-top-right-radius:0px;border-bottom-right-radius:0px;border-bottom-left-radius:0px;}.kadence-column481_dd862c-6d > .kt-inside-inner-col{column-gap:var(--global-kb-gap-sm, 1rem);}.kadence-column481_dd862c-6d > .kt-inside-inner-col{flex-direction:column;}.kadence-column481_dd862c-6d > .kt-inside-inner-col > .aligncenter{width:100%;}.kadence-column481_dd862c-6d > .kt-inside-inner-col:before{opacity:0.3;}.kadence-column481_dd862c-6d{position:relative;}@media all and (max-width: 1024px){.kadence-column481_dd862c-6d > .kt-inside-inner-col{flex-direction:column;justify-content:center;}}@media all and (max-width: 767px){.kadence-column481_dd862c-6d > .kt-inside-inner-col{flex-direction:column;justify-content:center;}}<\/style>\n<div class=\"wp-block-kadence-column kadence-column481_dd862c-6d inner-column-1\"><div class=\"kt-inside-inner-col\">\n<p><\/p>\n<\/div><\/div>\n","protected":false},"excerpt":{"rendered":"<p>Italie massimiliano@arcangeli.com +39 334 64 84 246 France lorenzo@arcangeli.com +39 370 36 95 591 alessandro@arcangeli.com +39 333 21 24 018 Slovaquie et R\u00e9publique tch\u00e8que petra@arcangeli.com +39 338 71 25 017 Suisse, Allemagne et Autriche tiziana@arcangeli.com +39 349 53 59 771 G\u00e9orgie, Moldavie, Kazakhstan, Azerba\u00efdjan, Ouzb\u00e9kistan, Lettonie valentina@arcangeli.com +39 334 99 05 831 Corse et Croatie [&hellip;]<\/p>\n","protected":false},"author":1,"featured_media":185,"parent":0,"menu_order":0,"comment_status":"closed","ping_status":"closed","template":"","meta":{"_acf_changed":false,"footnotes":""},"class_list":["post-481","page","type-page","status-publish","has-post-thumbnail","hentry"],"acf":[],"yoast_head":"<!-- This site is optimized with the Yoast SEO plugin v23.3 - https:\/\/yoast.com\/wordpress\/plugins\/seo\/ -->\n<title>R\u00e9seau de vente - Arcangeli Giovanni e figlio<\/title>\n<meta name=\"robots\" content=\"index, follow, max-snippet:-1, max-image-preview:large, max-video-preview:-1\" \/>\n<link rel=\"canonical\" href=\"https:\/\/www.arcangeli.it\/fr\/reseau-de-vente\/\" \/>\n<meta property=\"og:locale\" content=\"fr_FR\" \/>\n<meta property=\"og:type\" content=\"article\" \/>\n<meta property=\"og:title\" content=\"R\u00e9seau de vente - Arcangeli Giovanni e figlio\" \/>\n<meta property=\"og:description\" content=\"Italie massimiliano@arcangeli.com +39 334 64 84 246 France lorenzo@arcangeli.com +39 370 36 95 591 alessandro@arcangeli.com +39 333 21 24 018 Slovaquie et R\u00e9publique tch\u00e8que petra@arcangeli.com +39 338 71 25 017 Suisse, Allemagne et Autriche tiziana@arcangeli.com +39 349 53 59 771 G\u00e9orgie, Moldavie, Kazakhstan, Azerba\u00efdjan, Ouzb\u00e9kistan, Lettonie valentina@arcangeli.com +39 334 99 05 831 Corse et Croatie [&hellip;]\" \/>\n<meta property=\"og:url\" content=\"https:\/\/www.arcangeli.it\/fr\/reseau-de-vente\/\" \/>\n<meta property=\"og:site_name\" content=\"Arcangeli Giovanni e figlio\" \/>\n<meta property=\"article:modified_time\" content=\"2025-11-26T12:11:36+00:00\" \/>\n<meta property=\"og:image\" content=\"https:\/\/www.arcangeli.it\/wp-content\/uploads\/2020\/01\/rete-vendita-thumb.jpg\" \/>\n\t<meta property=\"og:image:width\" content=\"490\" \/>\n\t<meta property=\"og:image:height\" content=\"323\" \/>\n\t<meta property=\"og:image:type\" content=\"image\/jpeg\" \/>\n<meta name=\"twitter:card\" content=\"summary_large_image\" \/>\n<meta name=\"twitter:label1\" content=\"Est. reading time\" \/>\n\t<meta name=\"twitter:data1\" content=\"1 minute\" \/>\n<script type=\"application\/ld+json\" class=\"yoast-schema-graph\">{\"@context\":\"https:\/\/schema.org\",\"@graph\":[{\"@type\":\"WebPage\",\"@id\":\"https:\/\/www.arcangeli.it\/fr\/reseau-de-vente\/\",\"url\":\"https:\/\/www.arcangeli.it\/fr\/reseau-de-vente\/\",\"name\":\"R\u00e9seau de vente - Arcangeli Giovanni e figlio\",\"isPartOf\":{\"@id\":\"https:\/\/www.arcangeli.it\/fr\/#website\"},\"primaryImageOfPage\":{\"@id\":\"https:\/\/www.arcangeli.it\/fr\/reseau-de-vente\/#primaryimage\"},\"image\":{\"@id\":\"https:\/\/www.arcangeli.it\/fr\/reseau-de-vente\/#primaryimage\"},\"thumbnailUrl\":\"https:\/\/www.arcangeli.it\/wp-content\/uploads\/2020\/01\/rete-vendita-thumb.jpg\",\"datePublished\":\"2020-03-27T14:48:07+00:00\",\"dateModified\":\"2025-11-26T12:11:36+00:00\",\"breadcrumb\":{\"@id\":\"https:\/\/www.arcangeli.it\/fr\/reseau-de-vente\/#breadcrumb\"},\"inLanguage\":\"fr-FR\",\"potentialAction\":[{\"@type\":\"ReadAction\",\"target\":[\"https:\/\/www.arcangeli.it\/fr\/reseau-de-vente\/\"]}]},{\"@type\":\"ImageObject\",\"inLanguage\":\"fr-FR\",\"@id\":\"https:\/\/www.arcangeli.it\/fr\/reseau-de-vente\/#primaryimage\",\"url\":\"https:\/\/www.arcangeli.it\/wp-content\/uploads\/2020\/01\/rete-vendita-thumb.jpg\",\"contentUrl\":\"https:\/\/www.arcangeli.it\/wp-content\/uploads\/2020\/01\/rete-vendita-thumb.jpg\",\"width\":490,\"height\":323},{\"@type\":\"BreadcrumbList\",\"@id\":\"https:\/\/www.arcangeli.it\/fr\/reseau-de-vente\/#breadcrumb\",\"itemListElement\":[{\"@type\":\"ListItem\",\"position\":1,\"name\":\"Home\",\"item\":\"https:\/\/www.arcangeli.it\/fr\/\"},{\"@type\":\"ListItem\",\"position\":2,\"name\":\"R\u00e9seau de vente\"}]},{\"@type\":\"WebSite\",\"@id\":\"https:\/\/www.arcangeli.it\/fr\/#website\",\"url\":\"https:\/\/www.arcangeli.it\/fr\/\",\"name\":\"Arcangeli Giovanni e figlio\",\"description\":\"\",\"publisher\":{\"@id\":\"https:\/\/www.arcangeli.it\/fr\/#organization\"},\"potentialAction\":[{\"@type\":\"SearchAction\",\"target\":{\"@type\":\"EntryPoint\",\"urlTemplate\":\"https:\/\/www.arcangeli.it\/fr\/?s={search_term_string}\"},\"query-input\":\"required name=search_term_string\"}],\"inLanguage\":\"fr-FR\"},{\"@type\":\"Organization\",\"@id\":\"https:\/\/www.arcangeli.it\/fr\/#organization\",\"name\":\"Arcangeli Giovanni e figlio\",\"url\":\"https:\/\/www.arcangeli.it\/fr\/\",\"logo\":{\"@type\":\"ImageObject\",\"inLanguage\":\"fr-FR\",\"@id\":\"https:\/\/www.arcangeli.it\/fr\/#\/schema\/logo\/image\/\",\"url\":\"https:\/\/www.arcangeli.it\/wp-content\/uploads\/2019\/12\/arcangeli-logo.png\",\"contentUrl\":\"https:\/\/www.arcangeli.it\/wp-content\/uploads\/2019\/12\/arcangeli-logo.png\",\"width\":476,\"height\":91,\"caption\":\"Arcangeli Giovanni e figlio\"},\"image\":{\"@id\":\"https:\/\/www.arcangeli.it\/fr\/#\/schema\/logo\/image\/\"}}]}<\/script>\n<!-- \/ Yoast SEO plugin. -->","yoast_head_json":{"title":"R\u00e9seau de vente - Arcangeli Giovanni e figlio","robots":{"index":"index","follow":"follow","max-snippet":"max-snippet:-1","max-image-preview":"max-image-preview:large","max-video-preview":"max-video-preview:-1"},"canonical":"https:\/\/www.arcangeli.it\/fr\/reseau-de-vente\/","og_locale":"fr_FR","og_type":"article","og_title":"R\u00e9seau de vente - Arcangeli Giovanni e figlio","og_description":"Italie massimiliano@arcangeli.com +39 334 64 84 246 France lorenzo@arcangeli.com +39 370 36 95 591 alessandro@arcangeli.com +39 333 21 24 018 Slovaquie et R\u00e9publique tch\u00e8que petra@arcangeli.com +39 338 71 25 017 Suisse, Allemagne et Autriche tiziana@arcangeli.com +39 349 53 59 771 G\u00e9orgie, Moldavie, Kazakhstan, Azerba\u00efdjan, Ouzb\u00e9kistan, Lettonie valentina@arcangeli.com +39 334 99 05 831 Corse et Croatie [&hellip;]","og_url":"https:\/\/www.arcangeli.it\/fr\/reseau-de-vente\/","og_site_name":"Arcangeli Giovanni e figlio","article_modified_time":"2025-11-26T12:11:36+00:00","og_image":[{"width":490,"height":323,"url":"https:\/\/www.arcangeli.it\/wp-content\/uploads\/2020\/01\/rete-vendita-thumb.jpg","type":"image\/jpeg"}],"twitter_card":"summary_large_image","twitter_misc":{"Est. reading time":"1 minute"},"schema":{"@context":"https:\/\/schema.org","@graph":[{"@type":"WebPage","@id":"https:\/\/www.arcangeli.it\/fr\/reseau-de-vente\/","url":"https:\/\/www.arcangeli.it\/fr\/reseau-de-vente\/","name":"R\u00e9seau de vente - Arcangeli Giovanni e figlio","isPartOf":{"@id":"https:\/\/www.arcangeli.it\/fr\/#website"},"primaryImageOfPage":{"@id":"https:\/\/www.arcangeli.it\/fr\/reseau-de-vente\/#primaryimage"},"image":{"@id":"https:\/\/www.arcangeli.it\/fr\/reseau-de-vente\/#primaryimage"},"thumbnailUrl":"https:\/\/www.arcangeli.it\/wp-content\/uploads\/2020\/01\/rete-vendita-thumb.jpg","datePublished":"2020-03-27T14:48:07+00:00","dateModified":"2025-11-26T12:11:36+00:00","breadcrumb":{"@id":"https:\/\/www.arcangeli.it\/fr\/reseau-de-vente\/#breadcrumb"},"inLanguage":"fr-FR","potentialAction":[{"@type":"ReadAction","target":["https:\/\/www.arcangeli.it\/fr\/reseau-de-vente\/"]}]},{"@type":"ImageObject","inLanguage":"fr-FR","@id":"https:\/\/www.arcangeli.it\/fr\/reseau-de-vente\/#primaryimage","url":"https:\/\/www.arcangeli.it\/wp-content\/uploads\/2020\/01\/rete-vendita-thumb.jpg","contentUrl":"https:\/\/www.arcangeli.it\/wp-content\/uploads\/2020\/01\/rete-vendita-thumb.jpg","width":490,"height":323},{"@type":"BreadcrumbList","@id":"https:\/\/www.arcangeli.it\/fr\/reseau-de-vente\/#breadcrumb","itemListElement":[{"@type":"ListItem","position":1,"name":"Home","item":"https:\/\/www.arcangeli.it\/fr\/"},{"@type":"ListItem","position":2,"name":"R\u00e9seau de vente"}]},{"@type":"WebSite","@id":"https:\/\/www.arcangeli.it\/fr\/#website","url":"https:\/\/www.arcangeli.it\/fr\/","name":"Arcangeli Giovanni e figlio","description":"","publisher":{"@id":"https:\/\/www.arcangeli.it\/fr\/#organization"},"potentialAction":[{"@type":"SearchAction","target":{"@type":"EntryPoint","urlTemplate":"https:\/\/www.arcangeli.it\/fr\/?s={search_term_string}"},"query-input":"required name=search_term_string"}],"inLanguage":"fr-FR"},{"@type":"Organization","@id":"https:\/\/www.arcangeli.it\/fr\/#organization","name":"Arcangeli Giovanni e figlio","url":"https:\/\/www.arcangeli.it\/fr\/","logo":{"@type":"ImageObject","inLanguage":"fr-FR","@id":"https:\/\/www.arcangeli.it\/fr\/#\/schema\/logo\/image\/","url":"https:\/\/www.arcangeli.it\/wp-content\/uploads\/2019\/12\/arcangeli-logo.png","contentUrl":"https:\/\/www.arcangeli.it\/wp-content\/uploads\/2019\/12\/arcangeli-logo.png","width":476,"height":91,"caption":"Arcangeli Giovanni e figlio"},"image":{"@id":"https:\/\/www.arcangeli.it\/fr\/#\/schema\/logo\/image\/"}}]}},"_links":{"self":[{"href":"https:\/\/www.arcangeli.it\/fr\/wp-json\/wp\/v2\/pages\/481","targetHints":{"allow":["GET"]}}],"collection":[{"href":"https:\/\/www.arcangeli.it\/fr\/wp-json\/wp\/v2\/pages"}],"about":[{"href":"https:\/\/www.arcangeli.it\/fr\/wp-json\/wp\/v2\/types\/page"}],"author":[{"embeddable":true,"href":"https:\/\/www.arcangeli.it\/fr\/wp-json\/wp\/v2\/users\/1"}],"replies":[{"embeddable":true,"href":"https:\/\/www.arcangeli.it\/fr\/wp-json\/wp\/v2\/comments?post=481"}],"version-history":[{"count":9,"href":"https:\/\/www.arcangeli.it\/fr\/wp-json\/wp\/v2\/pages\/481\/revisions"}],"predecessor-version":[{"id":838,"href":"https:\/\/www.arcangeli.it\/fr\/wp-json\/wp\/v2\/pages\/481\/revisions\/838"}],"wp:featuredmedia":[{"embeddable":true,"href":"https:\/\/www.arcangeli.it\/fr\/wp-json\/wp\/v2\/media\/185"}],"wp:attachment":[{"href":"https:\/\/www.arcangeli.it\/fr\/wp-json\/wp\/v2\/media?parent=481"}],"curies":[{"name":"wp","href":"https:\/\/api.w.org\/{rel}","templated":true}]}}